{"id":990,"date":"2014-03-18T15:55:43","date_gmt":"2014-03-18T15:55:43","guid":{"rendered":"http:\/\/media-law.at\/?page_id=990"},"modified":"2021-07-13T15:57:17","modified_gmt":"2021-07-13T15:57:17","slug":"schadenersatzrecht","status":"publish","type":"page","link":"https:\/\/media-law.at\/?page_id=990","title":{"rendered":"Schadenersatzrecht"},"content":{"rendered":"<p>[et_pb_section fb_built=&#8220;1&#8243; _builder_version=&#8220;4.4.6&#8243; background_color=&#8220;#FFFFFF&#8220;][et_pb_row _builder_version=&#8220;3.25&#8243; background_size=&#8220;initial&#8220; background_position=&#8220;top_left&#8220; background_repeat=&#8220;repeat&#8220;][et_pb_column type=&#8220;4_4&#8243; _builder_version=&#8220;3.25&#8243; custom_padding=&#8220;|||&#8220; custom_padding__hover=&#8220;|||&#8220;][et_pb_cta title=&#8220;Schadenersatzrecht&#8220; admin_label=&#8220;Call To Action&#8220; _builder_version=&#8220;4.4.6&#8243; header_text_align=&#8220;center&#8220; background_color=&#8220;#79e0cb&#8220; background_size=&#8220;initial&#8220; background_position=&#8220;top_left&#8220; background_repeat=&#8220;repeat&#8220; text_orientation=&#8220;left&#8220; background_layout=&#8220;light&#8220; hover_enabled=&#8220;0&#8243; button_text_size__hover_enabled=&#8220;off&#8220; button_one_text_size__hover_enabled=&#8220;off&#8220; button_two_text_size__hover_enabled=&#8220;off&#8220; button_text_color__hover_enabled=&#8220;off&#8220; button_one_text_color__hover_enabled=&#8220;off&#8220; button_two_text_color__hover_enabled=&#8220;off&#8220; button_border_width__hover_enabled=&#8220;off&#8220; button_one_border_width__hover_enabled=&#8220;off&#8220; button_two_border_width__hover_enabled=&#8220;off&#8220; button_border_color__hover_enabled=&#8220;off&#8220; button_one_border_color__hover_enabled=&#8220;off&#8220; button_two_border_color__hover_enabled=&#8220;off&#8220; button_border_radius__hover_enabled=&#8220;off&#8220; button_one_border_radius__hover_enabled=&#8220;off&#8220; button_two_border_radius__hover_enabled=&#8220;off&#8220; button_letter_spacing__hover_enabled=&#8220;off&#8220; button_one_letter_spacing__hover_enabled=&#8220;off&#8220; button_two_letter_spacing__hover_enabled=&#8220;off&#8220; button_bg_color__hover_enabled=&#8220;off&#8220; button_one_bg_color__hover_enabled=&#8220;off&#8220; button_two_bg_color__hover_enabled=&#8220;off&#8220;]<\/p>\n<p>&nbsp;<\/p>\n<p>Das Schadenersatzrecht regelt, wann und unter welchen Voraussetzungen jemand von einem anderen Wiedergutmachung f\u00fcr einen eingetretenen Schaden verlangen kann.<\/p>\n<p>Ein Anspruch auf Schadenersatz ist in vielen Lebenssituationen denkbar. Zu den h\u00e4ufigsten F\u00e4llen z\u00e4hlt der Anspruch auf <strong>Schmerzengeld<\/strong> bei K\u00f6rperverletzungen oder der Ersatz bei einer <strong>Verm\u00f6gensminderung<\/strong>. Aber auch Schadenersatz f\u00fcr entgangene Urlaubsfreude, Eingriffe in die Privatsph\u00e4re, Behandlungsfehler von \u00c4rzten,\u00a0<span style=\"font-size: 14px; line-height: 1.5em;\">Heilungskosten, Verdienstentgang, Sachbesch\u00e4digung,<\/span><span style=\"font-size: 14px; line-height: 1.5em;\">\u00a0<\/span><span style=\"font-size: 14px; line-height: 1.5em;\">Schocksch\u00e4den, Trauersch\u00e4den und Begr\u00e4bniskosten etc kann geltend gemacht werden. Ebenso ist\u00a0<\/span><strong style=\"font-size: 14px; line-height: 1.5em;\">entgangener Gewinn<\/strong><span style=\"font-size: 14px; line-height: 1.5em;\">\u00a0unter bestimmten Voraussetzungen ersatzf\u00e4hig.<\/span><\/p>\n<p><span style=\"font-size: 14px; line-height: 1.5em;\">Ob ein Anspruch auf Schadenersatz besteht ist von den folgenden\u00a0<\/span>Voraussetzungen<span style=\"font-size: 14px; line-height: 1.5em;\">\u00a0abh\u00e4ngig:<\/span><\/p>\n<ol>\n<li>Es ist ein <strong>Schaden<\/strong> entstanden (Verm\u00f6genssch\u00e4den oder auch immaterielle Sch\u00e4den).<\/li>\n<li>Der Schaden wurde <strong>verursacht,<\/strong> indem ein hierf\u00fcr <strong>kausales<\/strong> Verhalten gesetzt wurde.<\/li>\n<li>Die Verursachung war <strong>rechtswidrig,<\/strong> dh es wurde gegen eine vertragliche oder gesetzliche Pflicht versto\u00dfen.<\/li>\n<li>Es liegt <strong>Verschulden<\/strong> vor &#8211; das Verhalten muss dem Sch\u00e4diger subjektiv vorwerfbar sein.<\/li>\n<\/ol>\n<p>Neben der Verschuldenshaftung gibt es die <strong>Gef\u00e4hrdungshaftung<\/strong>, die Ersatz im Zusammenhang mit vorhersehbar gef\u00e4hrlichen (aber erlaubten) T\u00e4tigkeiten vorsieht. Dazu z\u00e4hlt unter anderem die <a title=\"Produkthaftungsrecht\" href=\"https:\/\/media-law.at\/?page_id=897\">Produkthaftung<\/a> sowie die Eisenbahn- und Kraftfahrzeughaftpflicht (EKHG).<\/p>\n<p>Im Rahmen der <strong>Erf\u00fcllungs- und Bersorgungsgehilfenhaftung<\/strong> wird auch f\u00fcr fremdes Verhalten gehaftet.<\/p>\n<p>Weitere <strong>spezielle Haftungstatbest\u00e4nde<\/strong>:<\/p>\n<ul>\n<li>&#8222;Sachverst\u00e4ndigenhaftung&#8220; f\u00fcr falsche Ratschl\u00e4ge oder Ausk\u00fcnfte durch einen Sachverst\u00e4ndigen<\/li>\n<li>Arzthaftung<\/li>\n<li>Haftung des Wohnungsinhabers,\u00a0Bauwerkehaftung<\/li>\n<li>Wegehalterhaftung<\/li>\n<li>Tierhalterhaftung<\/li>\n<li><a title=\"Pers\u00f6nlichkeitsrechte\" href=\"https:\/\/media-law.at\/?page_id=154\">Verletzung von Pers\u00f6nlichkeitsrechten<\/a><\/li>\n<li>Amtshaftung\/Organhaftung<\/li>\n<\/ul>\n<p><strong>Wir beraten und vertreten Sie gerne in allen genannten Angelegenheiten!<\/strong><\/p>\n<p><strong>F\u00fcr Anfragen und Terminvereinbarungen\u00a0<a title=\"KONTAKT\" href=\"https:\/\/media-law.at\/?page_id=56\">kontaktieren<\/a>\u00a0Sie bitte die Kanzlei.<\/strong><\/p>\n<p>[\/et_pb_cta][\/et_pb_column][\/et_pb_row][\/et_pb_section]<\/p>\n","protected":false},"excerpt":{"rendered":"<p>&nbsp; Das Schadenersatzrecht regelt, wann und unter welchen Voraussetzungen jemand von einem anderen Wiedergutmachung f\u00fcr einen eingetretenen Schaden verlangen kann. Ein Anspruch auf Schadenersatz ist in vielen Lebenssituationen denkbar. Zu den h\u00e4ufigsten F\u00e4llen z\u00e4hlt der Anspruch auf Schmerzengeld bei K\u00f6rperverletzungen oder der Ersatz bei einer Verm\u00f6gensminderung. Aber auch Schadenersatz f\u00fcr entgangene Urlaubsfreude, Eingriffe in die [&hellip;]<\/p>\n","protected":false},"author":1,"featured_media":0,"parent":185,"menu_order":0,"comment_status":"open","ping_status":"open","template":"","meta":{"_et_pb_use_builder":"on","_et_pb_old_content":"","_et_gb_content_width":"","footnotes":""},"class_list":["post-990","page","type-page","status-publish","hentry"],"aioseo_notices":[],"_links":{"self":[{"href":"https:\/\/media-law.at\/index.php?rest_route=\/wp\/v2\/pages\/990","targetHints":{"allow":["GET"]}}],"collection":[{"href":"https:\/\/media-law.at\/index.php?rest_route=\/wp\/v2\/pages"}],"about":[{"href":"https:\/\/media-law.at\/index.php?rest_route=\/wp\/v2\/types\/page"}],"author":[{"embeddable":true,"href":"https:\/\/media-law.at\/index.php?rest_route=\/wp\/v2\/users\/1"}],"replies":[{"embeddable":true,"href":"https:\/\/media-law.at\/index.php?rest_route=%2Fwp%2Fv2%2Fcomments&post=990"}],"version-history":[{"count":13,"href":"https:\/\/media-law.at\/index.php?rest_route=\/wp\/v2\/pages\/990\/revisions"}],"predecessor-version":[{"id":4521,"href":"https:\/\/media-law.at\/index.php?rest_route=\/wp\/v2\/pages\/990\/revisions\/4521"}],"up":[{"embeddable":true,"href":"https:\/\/media-law.at\/index.php?rest_route=\/wp\/v2\/pages\/185"}],"wp:attachment":[{"href":"https:\/\/media-law.at\/index.php?rest_route=%2Fwp%2Fv2%2Fmedia&parent=990"}],"curies":[{"name":"wp","href":"https:\/\/api.w.org\/{rel}","templated":true}]}}