{"id":928,"date":"2014-03-06T12:43:47","date_gmt":"2014-03-06T12:43:47","guid":{"rendered":"http:\/\/media-law.at\/?page_id=928"},"modified":"2025-07-03T12:20:26","modified_gmt":"2025-07-03T12:20:26","slug":"geschmacksmuster","status":"publish","type":"page","link":"https:\/\/media-law.at\/?page_id=928","title":{"rendered":"Geschmacksmuster"},"content":{"rendered":"<p>[et_pb_section fb_built=&#8220;1&#8243; fullwidth=&#8220;on&#8220; _builder_version=&#8220;4.16&#8243; background_color=&#8220;#890d7f&#8220; global_colors_info=&#8220;{}&#8220;][et_pb_fullwidth_header title=&#8220;Geschmacksmusteranmeldungen \/ Schutz von Designs&#8220; text_orientation=&#8220;center&#8220; admin_label=&#8220;Fullwidth Header&#8220; _builder_version=&#8220;4.16&#8243; background_color=&#8220;rgba(255, 255, 255, 0)&#8220; global_colors_info=&#8220;{}&#8220; button_one_text_size__hover_enabled=&#8220;off&#8220; button_two_text_size__hover_enabled=&#8220;off&#8220; button_one_text_color__hover_enabled=&#8220;off&#8220; button_two_text_color__hover_enabled=&#8220;off&#8220; button_one_border_width__hover_enabled=&#8220;off&#8220; button_two_border_width__hover_enabled=&#8220;off&#8220; button_one_border_color__hover_enabled=&#8220;off&#8220; button_two_border_color__hover_enabled=&#8220;off&#8220; button_one_border_radius__hover_enabled=&#8220;off&#8220; button_two_border_radius__hover_enabled=&#8220;off&#8220; button_one_letter_spacing__hover_enabled=&#8220;off&#8220; button_two_letter_spacing__hover_enabled=&#8220;off&#8220; button_one_bg_color__hover_enabled=&#8220;off&#8220; button_two_bg_color__hover_enabled=&#8220;off&#8220;][\/et_pb_fullwidth_header][\/et_pb_section][et_pb_section fb_built=&#8220;1&#8243; _builder_version=&#8220;4.16&#8243; global_colors_info=&#8220;{}&#8220;][et_pb_row _builder_version=&#8220;4.16&#8243; background_size=&#8220;initial&#8220; background_position=&#8220;top_left&#8220; background_repeat=&#8220;repeat&#8220; global_colors_info=&#8220;{}&#8220;][et_pb_column type=&#8220;4_4&#8243; _builder_version=&#8220;4.16&#8243; custom_padding=&#8220;|||&#8220; global_colors_info=&#8220;{}&#8220; custom_padding__hover=&#8220;|||&#8220;][et_pb_testimonial author=&#8220; Sch\u00fctzen Sie Ihre Designs!&#8220; admin_label=&#8220;Testimonial&#8220; _builder_version=&#8220;4.16&#8243; background_size=&#8220;initial&#8220; background_position=&#8220;top_left&#8220; background_repeat=&#8220;repeat&#8220; global_colors_info=&#8220;{}&#8220;]<\/p>\n<p>Das Geschmacksmusterrecht sch\u00fctzt <strong>Designs,<\/strong> also das\u00a0<strong>Aussehen bzw die \u00e4sthetische Erscheinungsform,<\/strong> von gewerblichen Erzeugnissen. Hier werden die Formen, Farben und Werkstoffe von zwei- oder dreidimensionalen Gegenst\u00e4nden, wie zB Kleidung, M\u00f6bel, Schuhe, Gebrauchsgegenst\u00e4nde, Stoffe, Spielzeug, etc gesch\u00fctzt.<\/p>\n<p>Ein Geschmacksmuster\/Design kann \u00e4hnlich wie Marken durch die Eintragung in ein Register weitl\u00e4ufigen Schutz vor Nachahmung erlangen. Eine Eintragung ist national in einzelnen L\u00e4ndern (wie <strong>\u00d6sterreich),<\/strong> im gesamten Gebiet der <strong>EU<\/strong> (als Gemeinschaftsgeschmacksmuster) oder auch <strong>international<\/strong> in mehreren individuell auszuw\u00e4hlenden L\u00e4ndern m\u00f6glich.<\/p>\n<p><strong>Welche Voraussetzungen sind zu beachten?<\/strong><\/p>\n<p>Ein Geschmacksmuster kann nur dann rechtswirksam gesch\u00fctzt werden, wenn es im Zeitpunkt der Anmeldung\u00a0<strong>neu<\/strong> war\u00a0und\u00a0<strong>Eigenart<\/strong>\u00a0besitzt (sich also von \u00e4lteren Geschmacksmustern ausreichend unterscheidet).<\/p>\n<p><strong>Wie lange dauert der Schutz?<\/strong><\/p>\n<p>Ein Geschmacksmuster ist zun\u00e4chst f\u00fcr 5 Jahre gesch\u00fctzt, danach kann der Schutz gegen Bezahlung einer Verl\u00e4ngerungsgeb\u00fchr\u00a0auf maximal 25 Jahre verl\u00e4ngert werden.<\/p>\n<p><strong>Was kann die Kanzlei f\u00fcr Sie tun?<\/strong><\/p>\n<ul>\n<li>Wir pr\u00fcfen vorab Ihre Entw\u00fcrfe auf deren <strong>Schutzf\u00e4higkeit.<\/strong><\/li>\n<li>Wir informieren Sie umfassend \u00fcber Ihre<strong> M\u00f6glichkeiten zur Anmeldung<\/strong>.<\/li>\n<li>Vor einer Anmeldung f\u00fchren wir f\u00fcr Sie auf Wunsch <strong>Recherchen<\/strong> \u00fcber bereits registrierte Geschmacksmuster durch.<\/li>\n<li>Die anfallenden <strong>amtlichen Geb\u00fchren<\/strong> werden vorab errechnet.<\/li>\n<li>Wir bringen Ihre Geschmacksmuster zur <strong>Anmeldung<\/strong> und begleiten den <strong>Eintragungsprozess.<\/strong><\/li>\n<\/ul>\n<p><strong>Unsere Pauschalpreise finden Sie in den unten stehenden Tabellen!<\/strong><\/p>\n<p>[\/et_pb_testimonial][\/et_pb_column][\/et_pb_row][et_pb_row column_structure=&#8220;1_2,1_2&#8243; _builder_version=&#8220;4.16&#8243; background_size=&#8220;initial&#8220; background_position=&#8220;top_left&#8220; background_repeat=&#8220;repeat&#8220; global_colors_info=&#8220;{}&#8220;][et_pb_column type=&#8220;1_2&#8243; _builder_version=&#8220;4.16&#8243; custom_padding=&#8220;|||&#8220; global_colors_info=&#8220;{}&#8220; custom_padding__hover=&#8220;|||&#8220;][et_pb_cta title=&#8220;Leistungspaket Designschutz:&#8220; admin_label=&#8220;Call To Action&#8220; _builder_version=&#8220;4.16&#8243; background_color=&#8220;#3e0989&#8243; background_size=&#8220;initial&#8220; background_position=&#8220;top_left&#8220; background_repeat=&#8220;repeat&#8220; text_orientation=&#8220;left&#8220; global_colors_info=&#8220;{}&#8220; button_text_size__hover_enabled=&#8220;off&#8220; button_one_text_size__hover_enabled=&#8220;off&#8220; button_two_text_size__hover_enabled=&#8220;off&#8220; button_text_color__hover_enabled=&#8220;off&#8220; button_one_text_color__hover_enabled=&#8220;off&#8220; button_two_text_color__hover_enabled=&#8220;off&#8220; button_border_width__hover_enabled=&#8220;off&#8220; button_one_border_width__hover_enabled=&#8220;off&#8220; button_two_border_width__hover_enabled=&#8220;off&#8220; button_border_color__hover_enabled=&#8220;off&#8220; button_one_border_color__hover_enabled=&#8220;off&#8220; button_two_border_color__hover_enabled=&#8220;off&#8220; button_border_radius__hover_enabled=&#8220;off&#8220; button_one_border_radius__hover_enabled=&#8220;off&#8220; button_two_border_radius__hover_enabled=&#8220;off&#8220; button_letter_spacing__hover_enabled=&#8220;off&#8220; button_one_letter_spacing__hover_enabled=&#8220;off&#8220; button_two_letter_spacing__hover_enabled=&#8220;off&#8220; button_bg_color__hover_enabled=&#8220;off&#8220; button_one_bg_color__hover_enabled=&#8220;off&#8220; button_two_bg_color__hover_enabled=&#8220;off&#8220;]<\/p>\n<p>Die Kanzlei bietet folgende Leistungen im Paket gegen ein Pauschalhonorar an:<\/p>\n<ul>\n<li>Pr\u00fcfung des Designs auf dessen <strong>Schutzf\u00e4higkeit<\/strong><\/li>\n<li>Beratung hinsichtlich des <strong>Schutzgebiets<\/strong> (\u00d6, EU, international)<\/li>\n<li>Information \u00fcber zu sch\u00fctzende <strong>Klassen<\/strong><\/li>\n<li>Information \u00fcber die M\u00f6glichkeit einer <strong>Sammelanmeldung<\/strong><\/li>\n<li>Beratung \u00fcber eine m\u00f6gliche <strong>&#8222;Geheimanmeldung&#8220;<\/strong><\/li>\n<li>Berechnung der anfallenden amtlichen <strong>Geb<\/strong><strong>\u00fchren<\/strong><\/li>\n<li>Durchf\u00fchrung der Anmeldung und Begleitung des <strong>Eintragungsverfahrens<\/strong><\/li>\n<\/ul>\n<p><strong>Das Pauschalhonorar f\u00fcr die Anmeldung eines Geschmacksmusters betr\u00e4gt EUR 300,00 + 20% USt.<\/strong><\/p>\n<p>Hinzu kommen die <strong>amtlichen Geb\u00fchren<\/strong> (siehe separate Infobox).<\/p>\n<p><strong>Vor Anmeldung eines Geschmacksmusters sollte jedenfalls eine Recherche durchgef\u00fchrt werden!<\/strong><\/p>\n<p>Die Kosten f\u00fcr eine solche Recherche sind abh\u00e4ngig vom Registerstand, also der Anzahl der bereits existierenden angemeldeten oder registrierten Geschmacksmuster.<\/p>\n<p><strong>Das Honorar f\u00fcr eine Geschmacksmusterrecherche teilen wir Ihnen gerne <a title=\"KONTAKT\" href=\"https:\/\/media-law.at\/?page_id=56\">auf Anfrage<\/a> mit.<\/strong><\/p>\n<p>[\/et_pb_cta][\/et_pb_column][et_pb_column type=&#8220;1_2&#8243; _builder_version=&#8220;4.16&#8243; custom_padding=&#8220;|||&#8220; global_colors_info=&#8220;{}&#8220; custom_padding__hover=&#8220;|||&#8220;][et_pb_cta title=&#8220;Amtliche Geb\u00fchren:&#8220; admin_label=&#8220;Call To Action&#8220; _builder_version=&#8220;4.27.0&#8243; background_color=&#8220;#82002b&#8220; background_size=&#8220;initial&#8220; background_position=&#8220;top_left&#8220; background_repeat=&#8220;repeat&#8220; text_orientation=&#8220;left&#8220; hover_enabled=&#8220;0&#8243; global_colors_info=&#8220;{}&#8220; button_text_size__hover_enabled=&#8220;off&#8220; button_one_text_size__hover_enabled=&#8220;off&#8220; button_two_text_size__hover_enabled=&#8220;off&#8220; button_text_color__hover_enabled=&#8220;off&#8220; button_one_text_color__hover_enabled=&#8220;off&#8220; button_two_text_color__hover_enabled=&#8220;off&#8220; button_border_width__hover_enabled=&#8220;off&#8220; button_one_border_width__hover_enabled=&#8220;off&#8220; button_two_border_width__hover_enabled=&#8220;off&#8220; button_border_color__hover_enabled=&#8220;off&#8220; button_one_border_color__hover_enabled=&#8220;off&#8220; button_two_border_color__hover_enabled=&#8220;off&#8220; button_border_radius__hover_enabled=&#8220;off&#8220; button_one_border_radius__hover_enabled=&#8220;off&#8220; button_two_border_radius__hover_enabled=&#8220;off&#8220; button_letter_spacing__hover_enabled=&#8220;off&#8220; button_one_letter_spacing__hover_enabled=&#8220;off&#8220; button_two_letter_spacing__hover_enabled=&#8220;off&#8220; button_bg_color__hover_enabled=&#8220;off&#8220; button_one_bg_color__hover_enabled=&#8220;off&#8220; button_two_bg_color__hover_enabled=&#8220;off&#8220; sticky_enabled=&#8220;0&#8243;]<\/p>\n<p>Neben dem Honorar der Kanzlei fallen folgende amtlichen Geb\u00fchren an:<\/p>\n<p><strong>\u00d6sterreich:<\/strong><\/p>\n<ul>\n<li>Einzelanmeldung: EUR 92,00 \/ EUR 15,50 Klassengeb\u00fchr pro Klasse<\/li>\n<li>Sammelanmeldungen: EUR 152,00 \/ erstes Muster inklusive, jedes weitere Muster EUR 30,00; ab dem 11. Muster EUR 18,50<\/li>\n<li>Geheimanmeldungen: 50% Zuschlag von der Anmeldegeb\u00fchr<\/li>\n<\/ul>\n<p><strong>Europ\u00e4ische Union:<\/strong><\/p>\n<ul>\n<li>Einzelanmeldung: EUR 350,00 (ggf. + EUR 40,00 f\u00fcr eine Aufschiebung der Bekanntmachung)<\/li>\n<li>Sammelanmeldungen: Die Geb\u00fchr reduziert sich hier anteilig und wird individuell errechnet.<\/li>\n<\/ul>\n<p><strong>International:<\/strong><\/p>\n<ul>\n<li>Die Geb\u00fchren f\u00fcr eine internationale Anmeldung sind von der Anzahl der Ziell\u00e4nder abh\u00e4ngig. Die Geb\u00fchren werden gerne auf <a title=\"KONTAKT\" href=\"https:\/\/media-law.at\/?page_id=56\">Anfrage<\/a> individuell f\u00fcr Sie errechnet.<\/li>\n<\/ul>\n<p>[\/et_pb_cta][\/et_pb_column][\/et_pb_row][\/et_pb_section]<\/p>\n","protected":false},"excerpt":{"rendered":"<p>Das Geschmacksmusterrecht sch\u00fctzt Designs, also das\u00a0Aussehen bzw die \u00e4sthetische Erscheinungsform, von gewerblichen Erzeugnissen. Hier werden die Formen, Farben und Werkstoffe von zwei- oder dreidimensionalen Gegenst\u00e4nden, wie zB Kleidung, M\u00f6bel, Schuhe, Gebrauchsgegenst\u00e4nde, Stoffe, Spielzeug, etc gesch\u00fctzt. Ein Geschmacksmuster\/Design kann \u00e4hnlich wie Marken durch die Eintragung in ein Register weitl\u00e4ufigen Schutz vor Nachahmung erlangen. Eine Eintragung ist [&hellip;]<\/p>\n","protected":false},"author":1,"featured_media":0,"parent":124,"menu_order":0,"comment_status":"open","ping_status":"closed","template":"","meta":{"_et_pb_use_builder":"on","_et_pb_old_content":"","_et_gb_content_width":"","footnotes":""},"class_list":["post-928","page","type-page","status-publish","hentry"],"aioseo_notices":[],"_links":{"self":[{"href":"https:\/\/media-law.at\/index.php?rest_route=\/wp\/v2\/pages\/928","targetHints":{"allow":["GET"]}}],"collection":[{"href":"https:\/\/media-law.at\/index.php?rest_route=\/wp\/v2\/pages"}],"about":[{"href":"https:\/\/media-law.at\/index.php?rest_route=\/wp\/v2\/types\/page"}],"author":[{"embeddable":true,"href":"https:\/\/media-law.at\/index.php?rest_route=\/wp\/v2\/users\/1"}],"replies":[{"embeddable":true,"href":"https:\/\/media-law.at\/index.php?rest_route=%2Fwp%2Fv2%2Fcomments&post=928"}],"version-history":[{"count":15,"href":"https:\/\/media-law.at\/index.php?rest_route=\/wp\/v2\/pages\/928\/revisions"}],"predecessor-version":[{"id":7852,"href":"https:\/\/media-law.at\/index.php?rest_route=\/wp\/v2\/pages\/928\/revisions\/7852"}],"up":[{"embeddable":true,"href":"https:\/\/media-law.at\/index.php?rest_route=\/wp\/v2\/pages\/124"}],"wp:attachment":[{"href":"https:\/\/media-law.at\/index.php?rest_route=%2Fwp%2Fv2%2Fmedia&parent=928"}],"curies":[{"name":"wp","href":"https:\/\/api.w.org\/{rel}","templated":true}]}}