{"id":906,"date":"2014-03-05T16:18:13","date_gmt":"2014-03-05T16:18:13","guid":{"rendered":"http:\/\/media-law.at\/?page_id=906"},"modified":"2021-07-13T15:58:56","modified_gmt":"2021-07-13T15:58:56","slug":"erbrecht","status":"publish","type":"page","link":"https:\/\/media-law.at\/?page_id=906","title":{"rendered":"Erbrecht"},"content":{"rendered":"<p>[et_pb_section fb_built=&#8220;1&#8243; _builder_version=&#8220;4.4.6&#8243; background_color=&#8220;#FFFFFF&#8220;][et_pb_row _builder_version=&#8220;3.25&#8243; background_size=&#8220;initial&#8220; background_position=&#8220;top_left&#8220; background_repeat=&#8220;repeat&#8220;][et_pb_column type=&#8220;4_4&#8243; _builder_version=&#8220;3.25&#8243; custom_padding=&#8220;|||&#8220; custom_padding__hover=&#8220;|||&#8220;][et_pb_cta title=&#8220;Erbrecht&#8220; admin_label=&#8220;Erbrecht&#8220; _builder_version=&#8220;4.4.6&#8243; header_text_align=&#8220;center&#8220; background_color=&#8220;#ffffff&#8220; background_size=&#8220;initial&#8220; background_position=&#8220;top_left&#8220; background_repeat=&#8220;repeat&#8220; text_orientation=&#8220;left&#8220; background_layout=&#8220;light&#8220; hover_enabled=&#8220;0&#8243; button_text_size__hover_enabled=&#8220;off&#8220; button_one_text_size__hover_enabled=&#8220;off&#8220; button_two_text_size__hover_enabled=&#8220;off&#8220; button_text_color__hover_enabled=&#8220;off&#8220; button_one_text_color__hover_enabled=&#8220;off&#8220; button_two_text_color__hover_enabled=&#8220;off&#8220; button_border_width__hover_enabled=&#8220;off&#8220; button_one_border_width__hover_enabled=&#8220;off&#8220; button_two_border_width__hover_enabled=&#8220;off&#8220; button_border_color__hover_enabled=&#8220;off&#8220; button_one_border_color__hover_enabled=&#8220;off&#8220; button_two_border_color__hover_enabled=&#8220;off&#8220; button_border_radius__hover_enabled=&#8220;off&#8220; button_one_border_radius__hover_enabled=&#8220;off&#8220; button_two_border_radius__hover_enabled=&#8220;off&#8220; button_letter_spacing__hover_enabled=&#8220;off&#8220; button_one_letter_spacing__hover_enabled=&#8220;off&#8220; button_two_letter_spacing__hover_enabled=&#8220;off&#8220; button_bg_color__hover_enabled=&#8220;off&#8220; button_one_bg_color__hover_enabled=&#8220;off&#8220; button_two_bg_color__hover_enabled=&#8220;off&#8220;]<\/p>\n<p>&nbsp;<\/p>\n<p>Das Erbrecht umfasst die <strong>Regelung der Rechtsnachfolge<\/strong> nach einer verstorbenen Person (dem Erblasser\/der Erblasserin) und vor allem die Verteilung dessen Nachlass. Der <strong>Nachlass<\/strong> besteht aus verm\u00f6genswerten Rechten und Pflichten.\u00a0Der Erbe tritt in alle Rechten und Pflichten ein.<\/p>\n<p>Das \u00f6sterreichische Erbrecht richtet sich nach zwei Grunds\u00e4tzen: Der <strong>Testierfreiheit<\/strong> und der <strong>Familienerbfolge.<\/strong> Testierfreiheit bedeutet, dass es dem Erblasser freisteht, durch zB ein Testament oder einen Erbvertrag, zu Lebzeiten seine Erben zu bestimmen. Wird von dieser M\u00f6glichkeit kein Gebrauch gemacht, greift die gesetzlich festgelegte Familienerbfolge.<\/p>\n<p>Wem der Nachlass zusteht, wird per Gerichtsbeschluss im sog. <strong>Verlassenschaftsverfahren<\/strong> festgestellt.<\/p>\n<p><strong>Die gesetzliche Erbfolge (Familienerbfolge):<\/strong><\/p>\n<p>Wenn der Erblasser nicht bzw. ung\u00fcltig von seiner Testierfreiheit Gebrauch gemacht hat, kommt die gesetzliche Erbfolge zur Anwendung. Hier kommen (seit 1.1.2017 nur noch) die <strong>Nachkommen und Ehegatten\/eingetragene Partner<\/strong> zum Zug.<\/p>\n<p><strong>Lebensgef\u00e4hrten<\/strong> erben seit 2017 per au\u00dferordentlichem Erbrecht, sofern es keine gesetzlichen oder per Testament eingesetzten Erben gibt. Voraussetzung ist ein gemeinsamer Haushalt f\u00fcr <strong>mindestens 3 Jahre<\/strong> vor dem Tod.<\/p>\n<p><strong>Die gewillk\u00fcrte Erbfolge (Testierfreiheit):<\/strong><\/p>\n<p>Im Rahmen der Testierfreiheit k\u00f6nnen<strong> letztwillige Verf\u00fcgungen<\/strong> (Testamente, Kodizille) getroffen werden.<\/p>\n<p>Der <strong>Formzwang<\/strong> ist hier sehr streng. Wird die gesetzlich vorgesehene Form nicht eingehalten, ist die letztwillige Verf\u00fcgung ung\u00fcltig. Je nachdem, ob das Testament eigenh\u00e4ndig oder fremdh\u00e4ndig geschrieben wurde, bestehen verschiedene Anforderungen. Ein Testament kann auch \u00f6ffentlich (vor Gericht\/Notar) errichtet werden.<\/p>\n<p>Um die Auffindbarkeit eines Testaments zu gew\u00e4hrleisten, kann es im <strong>Zentralen Testamentsregister<\/strong> hinterlegt werden. Dieses Register muss im Verlassenschaftsverfahren abgefragt werden.<\/p>\n<p><strong>Das Pflichtteilsrecht:<\/strong><\/p>\n<p>Das Pflichtteilsrecht setzt der Testierfreiheit Grenzen. Ehegatten, eingetragene Partner und Kinder haben Anspruch auf einen <strong>Pflichtteil des Nachlasses<\/strong>.<\/p>\n<p>Nur bei Vorliegen bestimmter <strong>Enterbungsgr\u00fcnde<\/strong> kann der Pflichtteil entzogen werden.<\/p>\n<p><strong>Wann liegt Erbunw\u00fcrdigkeit vor?<\/strong><\/p>\n<p>In bestimmten F\u00e4llen k\u00f6nnen Personen vom Erbrecht <strong>ausgeschlossen<\/strong> sein. Etwa wenn die famili\u00e4ren Pflichten gr\u00f6blich vernachl\u00e4ssigt wurden, der potentielle Erbe eine gerichtlich strafbare Handlung gegen den Erblasser gesetzt hat (Vorsatztat, &gt; 1 Jahr Strafdrohung) oder versucht wurde, den letzten Willen des Erblassers zu manipulieren.<\/p>\n<p>Zu den Enterbungsgr\u00fcnden z\u00e4hlen auch strafbare Handlungen gegen Angeh\u00f6rige des Verstorbenen sowie grobe Verletzungen der Pflichten aus dem Eltern-Kind-Verh\u00e4ltnis.<\/p>\n<p><strong>Sonderfragen im Erbrecht betreffen vor allem:<\/strong><\/p>\n<ul>\n<li>Anrechnungen auf den Erbteil bei Vorsch\u00fcssen, Vorempf\u00e4ngen<\/li>\n<li>Auslegung von letztwilligen Verf\u00fcgungen<\/li>\n<li>Pflichtteilsminderung, Berechnung des Pflichtteils<\/li>\n<li>Anfechtungen<\/li>\n<li>Erbvertr\u00e4ge<\/li>\n<li>Wohnungseigentum\/Mietrecht<\/li>\n<li>Schenkungen auf den Todesfall<\/li>\n<li>Erbverzicht<\/li>\n<\/ul>\n<p><strong>Wir beraten und vertreten Sie gerne in allen erbrechtlichen Angelegenheiten!<\/strong><\/p>\n<p>F\u00fcr Anfragen und Terminvereinbarungen, <a title=\"KONTAKT\" href=\"https:\/\/media-law.at\/?page_id=56\">kontaktieren<\/a> Sie bitte die Kanzlei.<\/p>\n<p>[\/et_pb_cta][\/et_pb_column][\/et_pb_row][\/et_pb_section]<\/p>\n","protected":false},"excerpt":{"rendered":"<p>&nbsp; Das Erbrecht umfasst die Regelung der Rechtsnachfolge nach einer verstorbenen Person (dem Erblasser\/der Erblasserin) und vor allem die Verteilung dessen Nachlass. Der Nachlass besteht aus verm\u00f6genswerten Rechten und Pflichten.\u00a0Der Erbe tritt in alle Rechten und Pflichten ein. Das \u00f6sterreichische Erbrecht richtet sich nach zwei Grunds\u00e4tzen: Der Testierfreiheit und der Familienerbfolge. Testierfreiheit bedeutet, dass es [&hellip;]<\/p>\n","protected":false},"author":1,"featured_media":0,"parent":185,"menu_order":0,"comment_status":"open","ping_status":"open","template":"","meta":{"_et_pb_use_builder":"on","_et_pb_old_content":"","_et_gb_content_width":"","footnotes":""},"class_list":["post-906","page","type-page","status-publish","hentry"],"aioseo_notices":[],"_links":{"self":[{"href":"https:\/\/media-law.at\/index.php?rest_route=\/wp\/v2\/pages\/906","targetHints":{"allow":["GET"]}}],"collection":[{"href":"https:\/\/media-law.at\/index.php?rest_route=\/wp\/v2\/pages"}],"about":[{"href":"https:\/\/media-law.at\/index.php?rest_route=\/wp\/v2\/types\/page"}],"author":[{"embeddable":true,"href":"https:\/\/media-law.at\/index.php?rest_route=\/wp\/v2\/users\/1"}],"replies":[{"embeddable":true,"href":"https:\/\/media-law.at\/index.php?rest_route=%2Fwp%2Fv2%2Fcomments&post=906"}],"version-history":[{"count":15,"href":"https:\/\/media-law.at\/index.php?rest_route=\/wp\/v2\/pages\/906\/revisions"}],"predecessor-version":[{"id":4524,"href":"https:\/\/media-law.at\/index.php?rest_route=\/wp\/v2\/pages\/906\/revisions\/4524"}],"up":[{"embeddable":true,"href":"https:\/\/media-law.at\/index.php?rest_route=\/wp\/v2\/pages\/185"}],"wp:attachment":[{"href":"https:\/\/media-law.at\/index.php?rest_route=%2Fwp%2Fv2%2Fmedia&parent=906"}],"curies":[{"name":"wp","href":"https:\/\/api.w.org\/{rel}","templated":true}]}}