{"id":866,"date":"2014-02-27T15:15:40","date_gmt":"2014-02-27T15:15:40","guid":{"rendered":"http:\/\/media-law.at\/?page_id=866"},"modified":"2025-08-12T15:11:56","modified_gmt":"2025-08-12T15:11:56","slug":"loeschungsverfahren","status":"publish","type":"page","link":"https:\/\/media-law.at\/?page_id=866","title":{"rendered":"L\u00f6schungsverfahren"},"content":{"rendered":"<p>[et_pb_section fb_built=&#8220;1&#8243; _builder_version=&#8220;4.16&#8243; global_colors_info=&#8220;{}&#8220;][et_pb_row _builder_version=&#8220;4.16&#8243; background_size=&#8220;initial&#8220; background_position=&#8220;top_left&#8220; background_repeat=&#8220;repeat&#8220; global_colors_info=&#8220;{}&#8220;][et_pb_column type=&#8220;4_4&#8243; _builder_version=&#8220;4.16&#8243; custom_padding=&#8220;|||&#8220; global_colors_info=&#8220;{}&#8220; custom_padding__hover=&#8220;|||&#8220;][et_pb_cta title=&#8220;L\u00d6SCHUNGSVERFAHREN&#8220; admin_label=&#8220;Call To Action&#8220; _builder_version=&#8220;4.16&#8243; background_color=&#8220;#229e70&#8243; background_size=&#8220;initial&#8220; background_position=&#8220;top_left&#8220; background_repeat=&#8220;repeat&#8220; global_colors_info=&#8220;{}&#8220; button_text_size__hover_enabled=&#8220;off&#8220; button_one_text_size__hover_enabled=&#8220;off&#8220; button_two_text_size__hover_enabled=&#8220;off&#8220; button_text_color__hover_enabled=&#8220;off&#8220; button_one_text_color__hover_enabled=&#8220;off&#8220; button_two_text_color__hover_enabled=&#8220;off&#8220; button_border_width__hover_enabled=&#8220;off&#8220; button_one_border_width__hover_enabled=&#8220;off&#8220; button_two_border_width__hover_enabled=&#8220;off&#8220; button_border_color__hover_enabled=&#8220;off&#8220; button_one_border_color__hover_enabled=&#8220;off&#8220; button_two_border_color__hover_enabled=&#8220;off&#8220; button_border_radius__hover_enabled=&#8220;off&#8220; button_one_border_radius__hover_enabled=&#8220;off&#8220; button_two_border_radius__hover_enabled=&#8220;off&#8220; button_letter_spacing__hover_enabled=&#8220;off&#8220; button_one_letter_spacing__hover_enabled=&#8220;off&#8220; button_two_letter_spacing__hover_enabled=&#8220;off&#8220; button_bg_color__hover_enabled=&#8220;off&#8220; button_one_bg_color__hover_enabled=&#8220;off&#8220; button_two_bg_color__hover_enabled=&#8220;off&#8220;]L\u00f6schungsantr\u00e4ge \/ Erkl\u00e4rung der Nichtigkeit von Marken<br \/>\n[\/et_pb_cta][et_pb_text admin_label=&#8220;Text&#8220; _builder_version=&#8220;4.27.0&#8243; background_size=&#8220;initial&#8220; background_position=&#8220;top_left&#8220; background_repeat=&#8220;repeat&#8220; hover_enabled=&#8220;0&#8243; global_colors_info=&#8220;{}&#8220; sticky_enabled=&#8220;0&#8243;]<\/p>\n<p><strong>Eine registrierte Marke kann aus verschiedenen Gr\u00fcnden f\u00fcr nichtig erkl\u00e4rt und wieder aus dem Markenregister gel\u00f6scht werden:<\/strong><\/p>\n<ul>\n<li><strong>Verwechslungsgefahr:<\/strong><\/li>\n<\/ul>\n<p style=\"padding-left: 30px;\">Ein Antrag auf L\u00f6schung kann zB gegen j\u00fcngere identische oder \u00e4hnliche Marken gerichtet werden, sofern <strong>Verwechslungsgefahr<\/strong> besteht. Dabei k\u00f6nnen nicht nur Markenanmeldungen oder registrierte Marken, sondern <strong>auch nicht registrierte Kennzeichen als Grundlage<\/strong> f\u00fcr einen L\u00f6schungsantrag herangezogen werden, sofern dieses Kennzeichen bereits zur Zeit der Anmeldung der angefochtenen Marke innerhalb beteiligter Verkehrskreise als Kennzeichen der Waren oder Dienstleistungen des anfechtenden Unternehmens gegolten hat.<\/p>\n<p style=\"padding-left: 30px;\">Nunmehr k\u00f6nnen auch Personen einen L\u00f6schungsantrag stellen, denen nach dem Urheberrechts- oder Musterschutzgesetz ein Unterlassungsanspruch zusteht.<\/p>\n<p style=\"padding-left: 30px;\">Auch ein Unternehmer kann die L\u00f6schung einer Marke begehren, wenn sein Name, seine Firma oder die besondere Bezeichnung seines Unternehmens oder eine diesen Bezeichnungen \u00e4hnliche Bezeichnung ohne seine Zustimmung als Marke oder als Bestandteil einer Marke registriert worden ist und Verwechslungsgefahr besteht.<\/p>\n<ul>\n<li><strong>Schutzhindernisse:<\/strong><\/li>\n<\/ul>\n<p style=\"padding-left: 30px;\">Dar\u00fcber hinaus kann von jedermann die L\u00f6schung einer Marke aus <strong>von Amts wegen wahrzunehmenden Gr\u00fcnden<\/strong> beantragen; unter anderem deswegen, weil sie von vornherein nicht h\u00e4tte registriert werden d\u00fcrfen. Insofern kann die L\u00f6schung von Marken beantragt werden, die <strong>rein beschreibend<\/strong> sind, oder <strong>keine Unterscheidungskraft<\/strong> besitzen. Ebenso, wenn die Marke nach dem Zeitpunkt ihrer Eintragung zur gebr\u00e4uchlichen Bezeichnung einer Ware oder Dienstleistung (\u201e<strong>Gattungsbezeichnung<\/strong>\u201c) geworden ist. Auch eine zur <strong>Irref\u00fchrung<\/strong> geeignete Marke kann auf Antrag gel\u00f6scht werden.<\/p>\n<ul>\n<li><strong>Nichtbenutzung:<\/strong><\/li>\n<\/ul>\n<p style=\"padding-left: 30px;\">Ein weiterer L\u00f6schungsgrund ist die <strong>Nichtbenutzung<\/strong> (\u201e<em>nicht ernsthaft kennzeichenm\u00e4\u00dfig benutzt<\/em>\u201c) einer seit mindestens 5 Jahren eingetragenen Marke innerhalb der letzten f\u00fcnf Jahre vor dem Tag der Antragstellung.<\/p>\n<ul>\n<li><strong>B\u00f6sgl\u00e4ubigkeit:<\/strong><\/li>\n<\/ul>\n<p style=\"padding-left: 30px;\">Auch wenn der Anmelder <strong>b\u00f6sgl\u00e4ubig<\/strong> gehandelt hat, also wissentlich ein fremdes Kennzeichen als eigene Marke angemeldet hat, kann die L\u00f6schung der Marke aus dem Markenregister beantragt werden.<\/p>\n<p><strong>Welche Kosten sind mit einem &#8222;L\u00f6schungsantrag&#8220; verbunden?<\/strong><\/p>\n<p>Neben dem individuell zu vereinbarenden anwaltlichen Honorar fallen amtliche Geb\u00fchren an. Diese betragen EUR 661,00 f\u00fcr \u00f6sterreichische Marken und EUR 630,00 f\u00fcr Unionsmarken (EU).<\/p>\n<p><strong>F\u00fcr Anfragen oder Terminvereinbarungen <a title=\"KONTAKT\" href=\"https:\/\/media-law.at\/?page_id=56\">kontaktieren<\/a> Sie bitte die Kanzlei!<\/strong><\/p>\n<p>[\/et_pb_text][\/et_pb_column][\/et_pb_row][\/et_pb_section]<\/p>\n","protected":false},"excerpt":{"rendered":"<p>L\u00f6schungsantr\u00e4ge \/ Erkl\u00e4rung der Nichtigkeit von Marken Eine registrierte Marke kann aus verschiedenen Gr\u00fcnden f\u00fcr nichtig erkl\u00e4rt und wieder aus dem Markenregister gel\u00f6scht werden: Verwechslungsgefahr: Ein Antrag auf L\u00f6schung kann zB gegen j\u00fcngere identische oder \u00e4hnliche Marken gerichtet werden, sofern Verwechslungsgefahr besteht. Dabei k\u00f6nnen nicht nur Markenanmeldungen oder registrierte Marken, sondern auch nicht registrierte Kennzeichen [&hellip;]<\/p>\n","protected":false},"author":1,"featured_media":0,"parent":124,"menu_order":0,"comment_status":"open","ping_status":"open","template":"","meta":{"_et_pb_use_builder":"on","_et_pb_old_content":"","_et_gb_content_width":"","footnotes":""},"class_list":["post-866","page","type-page","status-publish","hentry"],"aioseo_notices":[],"_links":{"self":[{"href":"https:\/\/media-law.at\/index.php?rest_route=\/wp\/v2\/pages\/866","targetHints":{"allow":["GET"]}}],"collection":[{"href":"https:\/\/media-law.at\/index.php?rest_route=\/wp\/v2\/pages"}],"about":[{"href":"https:\/\/media-law.at\/index.php?rest_route=\/wp\/v2\/types\/page"}],"author":[{"embeddable":true,"href":"https:\/\/media-law.at\/index.php?rest_route=\/wp\/v2\/users\/1"}],"replies":[{"embeddable":true,"href":"https:\/\/media-law.at\/index.php?rest_route=%2Fwp%2Fv2%2Fcomments&post=866"}],"version-history":[{"count":14,"href":"https:\/\/media-law.at\/index.php?rest_route=\/wp\/v2\/pages\/866\/revisions"}],"predecessor-version":[{"id":7952,"href":"https:\/\/media-law.at\/index.php?rest_route=\/wp\/v2\/pages\/866\/revisions\/7952"}],"up":[{"embeddable":true,"href":"https:\/\/media-law.at\/index.php?rest_route=\/wp\/v2\/pages\/124"}],"wp:attachment":[{"href":"https:\/\/media-law.at\/index.php?rest_route=%2Fwp%2Fv2%2Fmedia&parent=866"}],"curies":[{"name":"wp","href":"https:\/\/api.w.org\/{rel}","templated":true}]}}