{"id":670,"date":"2014-01-24T19:49:10","date_gmt":"2014-01-24T19:49:10","guid":{"rendered":"http:\/\/media-law.at\/?page_id=670"},"modified":"2023-03-23T11:25:39","modified_gmt":"2023-03-23T11:25:39","slug":"internationale-markenanmeldungen","status":"publish","type":"page","link":"https:\/\/media-law.at\/?page_id=670","title":{"rendered":"Internationale Markenanmeldungen"},"content":{"rendered":"<p>[et_pb_section fb_built=&#8220;1&#8243; fullwidth=&#8220;on&#8220; _builder_version=&#8220;4.16&#8243; background_color=&#8220;#eded7d&#8220; global_colors_info=&#8220;{}&#8220;][et_pb_fullwidth_header title=&#8220;Internationale Markenanmeldungen&#8220; text_orientation=&#8220;center&#8220; admin_label=&#8220;Fullwidth Header&#8220; _builder_version=&#8220;4.16&#8243; background_color=&#8220;rgba(255, 255, 255, 0)&#8220; background_layout=&#8220;light&#8220; global_colors_info=&#8220;{}&#8220; button_one_text_size__hover_enabled=&#8220;off&#8220; button_two_text_size__hover_enabled=&#8220;off&#8220; button_one_text_color__hover_enabled=&#8220;off&#8220; button_two_text_color__hover_enabled=&#8220;off&#8220; button_one_border_width__hover_enabled=&#8220;off&#8220; button_two_border_width__hover_enabled=&#8220;off&#8220; button_one_border_color__hover_enabled=&#8220;off&#8220; button_two_border_color__hover_enabled=&#8220;off&#8220; button_one_border_radius__hover_enabled=&#8220;off&#8220; button_two_border_radius__hover_enabled=&#8220;off&#8220; button_one_letter_spacing__hover_enabled=&#8220;off&#8220; button_two_letter_spacing__hover_enabled=&#8220;off&#8220; button_one_bg_color__hover_enabled=&#8220;off&#8220; button_two_bg_color__hover_enabled=&#8220;off&#8220;][\/et_pb_fullwidth_header][\/et_pb_section][et_pb_section fb_built=&#8220;1&#8243; _builder_version=&#8220;4.16&#8243; global_colors_info=&#8220;{}&#8220;][et_pb_row column_structure=&#8220;1_2,1_2&#8243; _builder_version=&#8220;4.16&#8243; background_size=&#8220;initial&#8220; background_position=&#8220;top_left&#8220; background_repeat=&#8220;repeat&#8220; global_colors_info=&#8220;{}&#8220;][et_pb_column type=&#8220;1_2&#8243; _builder_version=&#8220;4.16&#8243; custom_padding=&#8220;|||&#8220; global_colors_info=&#8220;{}&#8220; custom_padding__hover=&#8220;|||&#8220;][et_pb_testimonial author=&#8220;Erstreckung&#8220; admin_label=&#8220;Testimonial&#8220; _builder_version=&#8220;4.16&#8243; background_size=&#8220;initial&#8220; background_position=&#8220;top_left&#8220; background_repeat=&#8220;repeat&#8220; global_colors_info=&#8220;{}&#8220;]Marken k\u00f6nnen grunds\u00e4tzlich in einzelnen L\u00e4ndern, Staatenverbunden (EU) oder Wirtschaftsunionen (zB die Benelux-Union) registriert werden. Einfacher, schneller und kosteng\u00fcnstiger als die Anmeldung mehrerer einzelner Marken in unterschiedlichen L\u00e4ndern oder Regionen, ist jedoch die <strong>\u201cErstreckung\u201d bereits bestehender nationaler oder Unionsmarken auf weitere L\u00e4nder<\/strong>.<\/p>\n<p>Die internationale Erstreckung von Marken ist auf <strong>bis zu 90 L\u00e4nder<\/strong> m\u00f6glich.<br \/>\n[\/et_pb_testimonial][\/et_pb_column][et_pb_column type=&#8220;1_2&#8243; _builder_version=&#8220;4.16&#8243; custom_padding=&#8220;|||&#8220; global_colors_info=&#8220;{}&#8220; custom_padding__hover=&#8220;|||&#8220;][et_pb_testimonial author=&#8220;Basismarke&#8220; admin_label=&#8220;Testimonial&#8220; _builder_version=&#8220;4.16&#8243; background_size=&#8220;initial&#8220; background_position=&#8220;top_left&#8220; background_repeat=&#8220;repeat&#8220; global_colors_info=&#8220;{}&#8220;]<\/p>\n<p>Voraussetzung ist eine bereits bestehende <strong>Basismarke<\/strong>. Das kann entweder eine nationale Marke sein (zB eine <a title=\"MARKENANMELDUNG \u00d6STERREICH\" href=\"https:\/\/media-law.at\/?page_id=643\">\u00f6sterreichische Marke<\/a>) oder eine <a href=\"https:\/\/media-law.at\/?page_id=650\">Unionsmarke<\/a> (EU-Marke).<\/p>\n<p>Falls noch keine Basismarke vorhanden ist, melden wir diese gerne f\u00fcr Sie an. Weitere Informationen dazu finden Sie hier:<\/p>\n<p><a title=\"MARKENANMELDUNG \u00d6STERREICH\" href=\"https:\/\/media-law.at\/?page_id=643\">Nationale Marke in \u00d6sterreich<\/a><\/p>\n<p><a href=\"https:\/\/media-law.at\/?page_id=650\">Unionsmarke f\u00fcr die Europ\u00e4ische Union<\/a><\/p>\n<p>[\/et_pb_testimonial][\/et_pb_column][\/et_pb_row][et_pb_row _builder_version=&#8220;4.16&#8243; background_size=&#8220;initial&#8220; background_position=&#8220;top_left&#8220; background_repeat=&#8220;repeat&#8220; global_colors_info=&#8220;{}&#8220;][et_pb_column type=&#8220;4_4&#8243; _builder_version=&#8220;4.16&#8243; custom_padding=&#8220;|||&#8220; global_colors_info=&#8220;{}&#8220; custom_padding__hover=&#8220;|||&#8220;][et_pb_cta title=&#8220;Unsere Leistungen im Zuge der internationalen Erstreckung&#8220; admin_label=&#8220;IR Marke&#8220; _builder_version=&#8220;4.18.0&#8243; background_color=&#8220;#0C71C3&#8243; background_size=&#8220;initial&#8220; background_position=&#8220;top_left&#8220; background_repeat=&#8220;repeat&#8220; text_orientation=&#8220;left&#8220; hover_enabled=&#8220;0&#8243; global_colors_info=&#8220;{}&#8220; button_text_size__hover_enabled=&#8220;off&#8220; button_one_text_size__hover_enabled=&#8220;off&#8220; button_two_text_size__hover_enabled=&#8220;off&#8220; button_text_color__hover_enabled=&#8220;off&#8220; button_one_text_color__hover_enabled=&#8220;off&#8220; button_two_text_color__hover_enabled=&#8220;off&#8220; button_border_width__hover_enabled=&#8220;off&#8220; button_one_border_width__hover_enabled=&#8220;off&#8220; button_two_border_width__hover_enabled=&#8220;off&#8220; button_border_color__hover_enabled=&#8220;off&#8220; button_one_border_color__hover_enabled=&#8220;off&#8220; button_two_border_color__hover_enabled=&#8220;off&#8220; button_border_radius__hover_enabled=&#8220;off&#8220; button_one_border_radius__hover_enabled=&#8220;off&#8220; button_two_border_radius__hover_enabled=&#8220;off&#8220; button_letter_spacing__hover_enabled=&#8220;off&#8220; button_one_letter_spacing__hover_enabled=&#8220;off&#8220; button_two_letter_spacing__hover_enabled=&#8220;off&#8220; button_bg_color__hover_enabled=&#8220;off&#8220; button_one_bg_color__hover_enabled=&#8220;off&#8220; button_two_bg_color__hover_enabled=&#8220;off&#8220; sticky_enabled=&#8220;0&#8243;]<\/p>\n<p>&nbsp;<\/p>\n<ul>\n<li>Beratung im Hinblick auf das gew\u00fcnschte Zielgebiet<\/li>\n<li>Errechnung der endg\u00fcltigen amtlichen Geb\u00fchren<\/li>\n<li>Abwicklung des Zahlungsverkehrs<\/li>\n<li>Erstellung einer englischen \u00dcbersetzung des Waren- und Dienstleistungsverzeichnisses der Basismarke soweit erforderlich<\/li>\n<li>Einbringung des Erstreckungsantrages und der sonstigen erforderlichen Unterlagen<\/li>\n<li>Korrespondenz mit den zust\u00e4ndigen \u00c4mtern<\/li>\n<li>\u00dcbermittlung der Registrierungsurkunde<\/li>\n<\/ul>\n<p><strong>Pauschalhonorar f\u00fcr die Erstreckung auf 1 Land: EUR 350,00 + 20% USt.<\/strong><\/p>\n<p><strong>F\u00fcr jedes weitere Land erh\u00f6ht sich das Pauschalhonorar um EUR 150,00 + 20% USt.<\/strong><\/p>\n<p>Hinzu kommen die <strong>amtlichen Geb\u00fchren<\/strong>. Diese setzen sich aus den Inlandsgeb\u00fchren und den Erstreckungsgeb\u00fchren zusammen. Die endg\u00fcltige H\u00f6he der Geb\u00fchren ist von der Anzahl der Ziell\u00e4nder abh\u00e4ngig und wird auf Anfrage gerne individuell f\u00fcr Sie errechnet!<\/p>\n<p>[\/et_pb_cta][\/et_pb_column][\/et_pb_row][et_pb_row _builder_version=&#8220;4.18.0&#8243; _module_preset=&#8220;default&#8220;][et_pb_column _builder_version=&#8220;4.18.0&#8243; _module_preset=&#8220;default&#8220; type=&#8220;4_4&#8243;][et_pb_button button_text=&#8220;Kontakt&#8220; _builder_version=&#8220;4.18.0&#8243; _module_preset=&#8220;default&#8220; button_url=&#8220;https:\/\/media-law.at\/?page_id=56&#8243; hover_enabled=&#8220;0&#8243; sticky_enabled=&#8220;0&#8243; button_alignment=&#8220;center&#8220;][\/et_pb_button][\/et_pb_column][\/et_pb_row][et_pb_row column_structure=&#8220;1_2,1_2&#8243; _builder_version=&#8220;4.18.0&#8243; _module_preset=&#8220;default&#8220; hover_enabled=&#8220;0&#8243; global_colors_info=&#8220;{}&#8220; sticky_enabled=&#8220;0&#8243;][et_pb_column type=&#8220;1_2&#8243; _builder_version=&#8220;4.18.0&#8243; _module_preset=&#8220;default&#8220; global_colors_info=&#8220;{}&#8220;][et_pb_cta title=&#8220;Schutzverweigerungen in \u00d6sterreich&#8220; button_text=&#8220;Klicks&#8220; _builder_version=&#8220;4.18.0&#8243; _module_preset=&#8220;default&#8220; background_color=&#8220;#73d800&#8243; hover_enabled=&#8220;0&#8243; global_colors_info=&#8220;{}&#8220; sticky_enabled=&#8220;0&#8243;]<\/p>\n<p>&nbsp;<\/p>\n<p>Falls Sie eine IR-Marke in \u00d6sterreich beantragt haben und das \u00d6sterreichische Patentamt hat eine Schutzverweigerung im Hinblick auf Ihren internationalen Erstreckungsantrag ausgesprochen, finden Sie <a href=\"https:\/\/media-law.at\/?page_id=5747\"><strong>HIER<\/strong> <\/a>weitere Informationen.<\/p>\n<p>[\/et_pb_cta][\/et_pb_column][et_pb_column type=&#8220;1_2&#8243; _builder_version=&#8220;4.18.0&#8243; _module_preset=&#8220;default&#8220; global_colors_info=&#8220;{}&#8220;][et_pb_cta title=&#8220;Refusal of Protection (%22Provisional Refusal%22)&#8220; button_text=&#8220;Klicks&#8220; _builder_version=&#8220;4.18.0&#8243; _module_preset=&#8220;default&#8220; background_color=&#8220;#FC7069&#8243; hover_enabled=&#8220;0&#8243; global_colors_info=&#8220;{}&#8220; sticky_enabled=&#8220;0&#8243;]<\/p>\n<p>&nbsp;<\/p>\n<p>If you have applied for an international trademark in Austria and the Austrian IPO has issued a refusal of protection (&#8222;provisional refusal&#8220; with regard to your international application, you can find more information <a href=\"https:\/\/media-law.at\/?page_id=5751\"><strong>HERE<\/strong><\/a>.<\/p>\n<p>[\/et_pb_cta][\/et_pb_column][\/et_pb_row][\/et_pb_section]<\/p>\n","protected":false},"excerpt":{"rendered":"<p>Marken k\u00f6nnen grunds\u00e4tzlich in einzelnen L\u00e4ndern, Staatenverbunden (EU) oder Wirtschaftsunionen (zB die Benelux-Union) registriert werden. Einfacher, schneller und kosteng\u00fcnstiger als die Anmeldung mehrerer einzelner Marken in unterschiedlichen L\u00e4ndern oder Regionen, ist jedoch die \u201cErstreckung\u201d bereits bestehender nationaler oder Unionsmarken auf weitere L\u00e4nder. Die internationale Erstreckung von Marken ist auf bis zu 90 L\u00e4nder m\u00f6glich. Voraussetzung [&hellip;]<\/p>\n","protected":false},"author":1,"featured_media":0,"parent":613,"menu_order":0,"comment_status":"open","ping_status":"closed","template":"","meta":{"_et_pb_use_builder":"on","_et_pb_old_content":"","_et_gb_content_width":"","footnotes":""},"class_list":["post-670","page","type-page","status-publish","hentry"],"aioseo_notices":[],"_links":{"self":[{"href":"https:\/\/media-law.at\/index.php?rest_route=\/wp\/v2\/pages\/670","targetHints":{"allow":["GET"]}}],"collection":[{"href":"https:\/\/media-law.at\/index.php?rest_route=\/wp\/v2\/pages"}],"about":[{"href":"https:\/\/media-law.at\/index.php?rest_route=\/wp\/v2\/types\/page"}],"author":[{"embeddable":true,"href":"https:\/\/media-law.at\/index.php?rest_route=\/wp\/v2\/users\/1"}],"replies":[{"embeddable":true,"href":"https:\/\/media-law.at\/index.php?rest_route=%2Fwp%2Fv2%2Fcomments&post=670"}],"version-history":[{"count":17,"href":"https:\/\/media-law.at\/index.php?rest_route=\/wp\/v2\/pages\/670\/revisions"}],"predecessor-version":[{"id":5761,"href":"https:\/\/media-law.at\/index.php?rest_route=\/wp\/v2\/pages\/670\/revisions\/5761"}],"up":[{"embeddable":true,"href":"https:\/\/media-law.at\/index.php?rest_route=\/wp\/v2\/pages\/613"}],"wp:attachment":[{"href":"https:\/\/media-law.at\/index.php?rest_route=%2Fwp%2Fv2%2Fmedia&parent=670"}],"curies":[{"name":"wp","href":"https:\/\/api.w.org\/{rel}","templated":true}]}}