{"id":6620,"date":"2024-03-15T11:39:16","date_gmt":"2024-03-15T11:39:16","guid":{"rendered":"https:\/\/media-law.at\/?page_id=6620"},"modified":"2024-03-15T11:39:16","modified_gmt":"2024-03-15T11:39:16","slug":"zurueckweisung-euipo","status":"publish","type":"page","link":"https:\/\/media-law.at\/?page_id=6620","title":{"rendered":"Zur\u00fcckweisung EUIPO"},"content":{"rendered":"<p>[et_pb_section fb_built=&#8220;1&#8243; _builder_version=&#8220;4.18.0&#8243; _module_preset=&#8220;default&#8220; background_color=&#8220;#3874FF&#8220; hover_enabled=&#8220;0&#8243; global_colors_info=&#8220;{}&#8220; theme_builder_area=&#8220;post_content&#8220; sticky_enabled=&#8220;0&#8243;][et_pb_row _builder_version=&#8220;4.18.0&#8243; _module_preset=&#8220;default&#8220; background_color=&#8220;RGBA(255,255,255,0)&#8220; global_colors_info=&#8220;{}&#8220; theme_builder_area=&#8220;post_content&#8220;][et_pb_column type=&#8220;4_4&#8243; _builder_version=&#8220;4.18.0&#8243; _module_preset=&#8220;default&#8220; global_colors_info=&#8220;{}&#8220; theme_builder_area=&#8220;post_content&#8220;][et_pb_text _builder_version=&#8220;4.18.0&#8243; _module_preset=&#8220;default&#8220; text_orientation=&#8220;center&#8220; background_layout=&#8220;dark&#8220; hover_enabled=&#8220;0&#8243; global_colors_info=&#8220;{}&#8220; theme_builder_area=&#8220;post_content&#8220; sticky_enabled=&#8220;0&#8243;]<\/p>\n<h1 style=\"text-align: center;\">Zur\u00fcckweisung einer Markenanmeldung durch das EUIPO<\/h1>\n<p>[\/et_pb_text][\/et_pb_column][\/et_pb_row][et_pb_row _builder_version=&#8220;4.18.0&#8243; _module_preset=&#8220;default&#8220; global_colors_info=&#8220;{}&#8220; theme_builder_area=&#8220;post_content&#8220;][et_pb_column type=&#8220;4_4&#8243; _builder_version=&#8220;4.18.0&#8243; _module_preset=&#8220;default&#8220; global_colors_info=&#8220;{}&#8220; theme_builder_area=&#8220;post_content&#8220;][et_pb_cta button_text=&#8220;Klicks&#8220; _builder_version=&#8220;4.18.0&#8243; _module_preset=&#8220;default&#8220; background_color=&#8220;#FFFFFF&#8220; text_orientation=&#8220;justified&#8220; background_layout=&#8220;light&#8220; hover_enabled=&#8220;0&#8243; global_colors_info=&#8220;{}&#8220; theme_builder_area=&#8220;post_content&#8220; sticky_enabled=&#8220;0&#8243;]<\/p>\n<h3 style=\"text-align: justify;\">Das EUIPO (Amt der Europ\u00e4ischen Union f\u00fcr geistiges Eigentum) pr\u00fcft nach Erhalt der Markenanmeldung zun\u00e4chst das Vorliegen absoluter Eintragungshindernisse.<\/h3>\n<p>&nbsp;<\/p>\n<h3>Neben formellen M\u00e4ngeln stellen folgende materielle M\u00e4ngel absolute Schutzhindernisse dar:<\/h3>\n<ul>\n<li><strong>Unbestimmte oder abstrakt nicht unterscheidungskr\u00e4ftige Marken:<\/strong> Zeichen, die die Voraussetzungen des Artikel 4 der Unionsmarkenverordnung (UMV) nicht erf\u00fcllen, sind nicht als Marke eintragungsf\u00e4hig. Der Schutzgegenstand der Marke muss eindeutig bestimmbar sein und eine Marke muss grunds\u00e4tzlich dazu geeignet sein, als Herkunftshinweis zu dienen.<\/li>\n<li><strong>Fehlende Unterscheidungskraft:<\/strong> Gem\u00e4\u00df Artikel 7 Abs 1 lit b UMV sind Marken von der Eintragung ausgeschlossen, die keine Unterscheidungskraft aufweisen. Fehlende Unterscheidungskraft ist einer der h\u00e4ufigsten Zur\u00fcckweisungsgr\u00fcnde. \u201eFehlende Unterscheidungskraft\u201c bedeutet grob gesagt, dass eine Marke die \u201eHerkunftsfunktion\u201c nicht erf\u00fcllt, sie also nicht geeignet ist, auf ein Unternehmen hinzuweisen.<\/li>\n<li><strong>Rein beschreibende Marken: <\/strong>Gem\u00e4\u00df Artikel 7 Abs 1 lit c UMV sind Marken von der Eintragung ausgeschlossen, die ausschlie\u00dflich aus Zeichen oder Angaben bestehen, welche im Verkehr zur Bezeichnung der Art, der Beschaffenheit, der Menge, der Bestimmung, des Wertes, der geografischen Herkunft oder der Zeit der Herstellung der Ware oder der Erbringung der Dienstleistung oder zur Bezeichnung sonstiger Merkmale der Ware oder Dienstleistung dienen k\u00f6nnen.<\/li>\n<li><strong>\u00dcblich gewordene Bezeichnungen (Gattungsbezeichnungen):<\/strong> Gem\u00e4\u00df Artikel 7 Abs 1 lit d UMV sind Marken von der Eintragung ausgeschlossen, die ausschlie\u00dflich aus Zeichen oder Angaben zur Bezeichnung der Ware oder Dienstleistung bestehen, die im allgemeinen Sprachgebrauch oder in den redlichen und st\u00e4ndigen Verkehrsgepflogenheiten \u00fcblich geworden sind.<\/li>\n<li><strong>Zeichen mit charakteristischen Merkmalen <\/strong>in Bezug auf die Art der Ware, die technische Funktion oder den Wert (Artikel 7 Abs 1 lit e UMV).<\/li>\n<li><strong>Versto\u00df gegen die \u00f6ffentliche Ordnung oder die guten Sitten<\/strong> (Artikel 7 Abs 1 lit f UMV).<\/li>\n<li><strong>T\u00e4uschende\/Irref\u00fchrende Angaben:<\/strong> Gem\u00e4\u00df Artikel 7 Abs 1 lit g UMV sind Marken von der Eintragung ausgeschlossen, die geeignet sind, das Publikum zum Beispiel \u00fcber die Art, die Beschaffenheit oder die geografische Herkunft der Ware oder Dienstleistung zu t\u00e4uschen.<\/li>\n<li><strong>Staatliche Hoheitszeichen sowie Abzeichen und Embleme<\/strong> von besonderem \u00f6ffentlichen Interesse (Artikel 7 Abs 1 lit h und i UMV).<\/li>\n<li><strong>Gesch\u00fctzte geografische Angaben<\/strong> k\u00f6nnen nicht als Marke gesch\u00fctzt werden, ebenso wenig <strong>traditionelle Bezeichnungen f\u00fcr Weine<\/strong>, Namen traditioneller <strong>Spezialit\u00e4ten<\/strong> oder Bezeichnungen f\u00fcr <strong>Pflanzensorten<\/strong> (Artikel 7 Abs 1 lit j bis m UMV).<\/li>\n<\/ul>\n<p>&nbsp;<\/p>\n<h3>Beanstandung durch das EUIPO<\/h3>\n<p>Wenn das EUIPO ein solches Schutzhindernis erkennt, schickt es eine schriftliche Beanstandung an den Markeninhaber bzw dessen Vertreter und setzt eine Frist fest, innerhalb der sich der Markenanmelder \u00e4u\u00dfern kann.<\/p>\n<p>&nbsp;<\/p>\n<h3>Unterscheidungskraft infolge Benutzung<\/h3>\n<p>Die Vorschriften des Artikel 7 Abs 1 lit\u00a0b bis d UMV finden keine Anwendung, wenn die Marke f\u00fcr die Waren oder Dienstleistungen, f\u00fcr die die Eintragung beantragt wird, infolge ihrer Benutzung Unterscheidungskraft erlangt hat.<\/p>\n<p>Es besteht hier die M\u00f6glichkeit nachzuweisen, dass die Marke innerhalb der beteiligten Verkehrskreise vor der Anmeldung infolge seiner Benutzung Unterscheidungskraft erworben hat.<\/p>\n<p>F\u00fcr alle Waren und Dienstleistungen ist nachzuweisen, dass die Marke vor dem Tag der Anmeldung bei einem erheblichen Teil der potenziell betroffenen Verkehrskreise (Kunden, Mitbewerber, Vermittler, etc) bekannt bzw etabliert war.<\/p>\n<p style=\"text-align: left;\">Dem EUIPO k\u00f6nnen Unterlagen zum Marktanteil, der Intensit\u00e4t, geografischen Verbreitung und Dauer der Benutzung der Marke vorgelegt werden. Besonders hilfreich sind Verkehrsumfragen von Markforschungsinstituten. Daneben werden h\u00e4ufig Angaben zum Umsatz oder zu Werbeausgaben sowie Werbematerialien und Medienberichte aller Art vorgelegt. Hilfreich sind weiters Best\u00e4tigungen von Innungen, Fachverb\u00e4nden, etc.<\/p>\n<h3><\/h3>\n<h3>Professionelle Unterst\u00fctzung<\/h3>\n<p>Sollten Sie eine solche Beanstandung erhalten haben, unterst\u00fctzt Sie die Kanzlei gerne bei der \u00dcberwindung solcher \u201eSchutzhindernisse\u201c und \u00fcbernimmt die Vertretung vor dem \u00d6sterreichischen Patentamt.<\/p>\n<p><strong>Bitte nehmen Sie f\u00fcr Anfragen oder Terminvereinbarungen <a href=\"https:\/\/media-law.at\/?page_id=56\">Kontakt<\/a> auf!<\/strong><\/p>\n<p>Das Vertretungshonorar wird unter Ber\u00fccksichtigung des Einzelfalls (Anzahl der betroffenen Nizza Klassen und Komplexit\u00e4t des Registrierungshindernisses) gerne vorab auf Anfrage mitgeteilt.<\/p>\n<h3><\/h3>\n<h3>Weitere Informationen<\/h3>\n<p>Zahlreiche Gerichtsentscheidungen zum Vorliegen von Registrierungshindernissen finden Sie im Blog der Kanzlei:<\/p>\n<p><a href=\"https:\/\/media-law.at\/?cat=5\">Blog-Beitr\u00e4ge zum Thema Markenrecht<\/a>.<\/p>\n<p>[\/et_pb_cta][\/et_pb_column][\/et_pb_row][\/et_pb_section]<\/p>\n","protected":false},"excerpt":{"rendered":"<p>Zur\u00fcckweisung einer Markenanmeldung durch das EUIPODas EUIPO (Amt der Europ\u00e4ischen Union f\u00fcr geistiges Eigentum) pr\u00fcft nach Erhalt der Markenanmeldung zun\u00e4chst das Vorliegen absoluter Eintragungshindernisse. &nbsp; Neben formellen M\u00e4ngeln stellen folgende materielle M\u00e4ngel absolute Schutzhindernisse dar: Unbestimmte oder abstrakt nicht unterscheidungskr\u00e4ftige Marken: Zeichen, die die Voraussetzungen des Artikel 4 der Unionsmarkenverordnung (UMV) nicht erf\u00fcllen, sind nicht [&hellip;]<\/p>\n","protected":false},"author":1,"featured_media":0,"parent":613,"menu_order":0,"comment_status":"closed","ping_status":"closed","template":"","meta":{"_et_pb_use_builder":"on","_et_pb_old_content":"","_et_gb_content_width":"","footnotes":""},"class_list":["post-6620","page","type-page","status-publish","hentry"],"aioseo_notices":[],"_links":{"self":[{"href":"https:\/\/media-law.at\/index.php?rest_route=\/wp\/v2\/pages\/6620","targetHints":{"allow":["GET"]}}],"collection":[{"href":"https:\/\/media-law.at\/index.php?rest_route=\/wp\/v2\/pages"}],"about":[{"href":"https:\/\/media-law.at\/index.php?rest_route=\/wp\/v2\/types\/page"}],"author":[{"embeddable":true,"href":"https:\/\/media-law.at\/index.php?rest_route=\/wp\/v2\/users\/1"}],"replies":[{"embeddable":true,"href":"https:\/\/media-law.at\/index.php?rest_route=%2Fwp%2Fv2%2Fcomments&post=6620"}],"version-history":[{"count":3,"href":"https:\/\/media-law.at\/index.php?rest_route=\/wp\/v2\/pages\/6620\/revisions"}],"predecessor-version":[{"id":6623,"href":"https:\/\/media-law.at\/index.php?rest_route=\/wp\/v2\/pages\/6620\/revisions\/6623"}],"up":[{"embeddable":true,"href":"https:\/\/media-law.at\/index.php?rest_route=\/wp\/v2\/pages\/613"}],"wp:attachment":[{"href":"https:\/\/media-law.at\/index.php?rest_route=%2Fwp%2Fv2%2Fmedia&parent=6620"}],"curies":[{"name":"wp","href":"https:\/\/api.w.org\/{rel}","templated":true}]}}