{"id":6598,"date":"2024-03-13T12:50:38","date_gmt":"2024-03-13T12:50:38","guid":{"rendered":"https:\/\/media-law.at\/?page_id=6598"},"modified":"2024-03-15T11:43:12","modified_gmt":"2024-03-15T11:43:12","slug":"registrierungshindernisse","status":"publish","type":"page","link":"https:\/\/media-law.at\/?page_id=6598","title":{"rendered":"Abweisung Patentamt"},"content":{"rendered":"<p>[et_pb_section fb_built=&#8220;1&#8243; _builder_version=&#8220;4.18.0&#8243; _module_preset=&#8220;default&#8220; background_color=&#8220;#3874FF&#8220; global_colors_info=&#8220;{}&#8220;][et_pb_row _builder_version=&#8220;4.18.0&#8243; _module_preset=&#8220;default&#8220; background_color=&#8220;RGBA(255,255,255,0)&#8220; global_colors_info=&#8220;{}&#8220;][et_pb_column type=&#8220;4_4&#8243; _builder_version=&#8220;4.18.0&#8243; _module_preset=&#8220;default&#8220; global_colors_info=&#8220;{}&#8220;][et_pb_text _builder_version=&#8220;4.18.0&#8243; _module_preset=&#8220;default&#8220; text_orientation=&#8220;center&#8220; background_layout=&#8220;dark&#8220; hover_enabled=&#8220;0&#8243; global_colors_info=&#8220;{}&#8220; sticky_enabled=&#8220;0&#8243;]<\/p>\n<h1 style=\"text-align: center;\">Abweisung einer Markenanmeldung durch das \u00d6sterreichische Patentamt<\/h1>\n<p>[\/et_pb_text][\/et_pb_column][\/et_pb_row][et_pb_row _builder_version=&#8220;4.18.0&#8243; _module_preset=&#8220;default&#8220; global_colors_info=&#8220;{}&#8220;][et_pb_column type=&#8220;4_4&#8243; _builder_version=&#8220;4.18.0&#8243; _module_preset=&#8220;default&#8220; global_colors_info=&#8220;{}&#8220;][et_pb_cta button_text=&#8220;Klicks&#8220; _builder_version=&#8220;4.18.0&#8243; _module_preset=&#8220;default&#8220; background_color=&#8220;#FFFFFF&#8220; text_orientation=&#8220;justified&#8220; background_layout=&#8220;light&#8220; hover_enabled=&#8220;0&#8243; global_colors_info=&#8220;{}&#8220; sticky_enabled=&#8220;0&#8243;]<\/p>\n<p style=\"text-align: justify;\"><strong>Das Patentamt pr\u00fcft nach Erhalt der Markenanmeldung die formellen und materiellen Voraussetzungen f\u00fcr eine Markeneintragung.<\/strong><\/p>\n<p><strong>Dabei kann es aus folgenden Gr\u00fcnden zu Beanstandungen kommen:<\/strong><\/p>\n<p style=\"text-align: left;\"><strong><\/strong><\/p>\n<h3><\/h3>\n<h3>Formelle M\u00e4ngel<\/h3>\n<p>Formelle M\u00e4ngel betreffen zumeist Fehler in der Bezeichnung des Inhabers oder Vertreters, grafische Anforderungen an \u00fcbermittelte Bildbestandteile oder Fehler im Waren- und Dienstleistungsverzeichnis. Zur Behebung des Mangels setzt das Patentamt eine Verbesserungsfrist.<\/p>\n<p>&nbsp;<\/p>\n<h3>Materielle M\u00e4ngel<\/h3>\n<p>Materielle M\u00e4ngel betreffend die Schutzf\u00e4higkeit einer Marke an sich. Das Patentamt pr\u00fcft hier, ob <strong>Registrierungshindernisse<\/strong> vorliegen. Die wichtigsten Registrierungshindernisse ergeben sich aus\u00a0\u00a7 4 MSchG. Demnach sind solche Zeichen von der Registrierung ausgeschlossen,<\/p>\n<ul>\n<li>die aus staatlichen Hoheitszeichen, Pr\u00fcfungs- und Gew\u00e4hrzeichen oder aus Zeichen internationaler Organisationen bestehen,<\/li>\n<li>die nicht als Marke gem\u00e4\u00df \u00a7\u00a01 eintragungsf\u00e4hig sind (abstrakt nicht als Marke geeignet oder nicht darstellbar sind),<\/li>\n<li>denen <strong>Unterscheidungskraft<\/strong> fehlt (grob gesagt, wenn die Marke die \u201eHerkunftsfunktion\u201c nicht erf\u00fcllt, sie also nicht geeignet ist, auf ein Unternehmen hinzuweisen),<\/li>\n<li>die <strong>beschreibend<\/strong> f\u00fcr die Waren und Dienstleistungen der Markenanmeldung sind (insbesondere im Hinblick auf Art, Beschaffenheit, Menge, Bestimmung, Wert, geographischer Herkunft oder Zeit der Herstellung),<\/li>\n<li>die <strong>Gattungsbezeichnungen<\/strong> sind,<\/li>\n<li>funktionalen Charakter haben, wobei diese Bestimmung vor allem dreidimensionale Marken betrifft, deren Form funktionale Eigenschaften haben,<\/li>\n<li>die gegen die \u00f6ffentliche Ordnung oder gegen die guten Sitten versto\u00dfen,<\/li>\n<li>die <strong>irref\u00fchrend<\/strong> im Hinblick auf die Art, die Beschaffenheit oder die geographische Herkunft der Ware oder Dienstleistung sind,<\/li>\n<li>die aus gesch\u00fctzten geografischen Angaben, Ursprungsbezeichnungen, Sortenbezeichnungen etc bestehen.<\/li>\n<\/ul>\n<h3><\/h3>\n<h3>Beanstandung durch das Patentamt<\/h3>\n<p>Wenn das Patentamt ein solches Registrierungshindernis erkennt, schickt es eine schriftliche Beanstandung an den Markeninhaber bzw dessen Vertreter und setzt eine Frist (von zumeist 2 Monaten) fest, innerhalb der sich der Markenanmelder \u00e4u\u00dfern kann.<\/p>\n<h3><\/h3>\n<h3>Verkehrsgeltungsnachweis<\/h3>\n<p>Wenn das Patentamt der Ansicht ist, dass ein rein beschreibendes Zeichen angemeldet wurde, dem Zeichen die erforderliche Unterscheidungskraft fehlt oder ein Gattungszeichen vorliegt, wird es zudem die Erbringung eines Verkehrsgeltungsnachweises verlangen. Es besteht hier die M\u00f6glichkeit nachzuweisen, dass das <strong>Zeichen innerhalb der beteiligten Verkehrskreise vor der Anmeldung infolge seiner Benutzung Unterscheidungskraft im Inland erworben<\/strong> hat.<\/p>\n<p>F\u00fcr alle Waren und Dienstleistungen ist nachzuweisen, dass das Zeichen vor dem Tag der Anmeldung bei einem erheblichen Teil der potenziell betroffenen Verkehrskreise (Kunden, Mitbewerber, Vermittler, etc) in ganz \u00d6sterreich bekannt bzw etabliert war.<\/p>\n<p><strong>Folgende Nachweisunterlagen sind geeignet:<\/strong><\/p>\n<ul>\n<li>Nachweise \u00fcber die unter der Marke erbrachten Waren\/Dienstleistungen<\/li>\n<li>Werbematerialien aller Art<\/li>\n<li>Anonymisierte Kundenlisten oder Buchungsbest\u00e4tigungen \u2013 von Kunden aus <u>allen<\/u> \u00f6sterreichischen Bundesl\u00e4ndern<\/li>\n<li>Best\u00e4tigungen \u00fcber Messe- oder Ausstellungsteilnahmen<\/li>\n<li>Best\u00e4tigungen \u00fcber allf\u00e4llige Werbespots in TV oder Radio<\/li>\n<li>Nachweise \u00fcber Plakatwerbung oder Directmailings<\/li>\n<li>Ausdrucke einer unter der Marke gef\u00fchrten Internetseite sowie Best\u00e4tigungen Ihres Providers \u00fcber Zugriffszahlen auf diese Internetseite<\/li>\n<li>Best\u00e4tigungen von Kunden aus <u>allen<\/u> Bundesl\u00e4ndern \u00fcber deren Kenntnis der Marke.<\/li>\n<li>Best\u00e4tigungen von Innungen, Fachverb\u00e4nden etc oder Vorlage eines demoskopische Gutachtens<\/li>\n<\/ul>\n<h3><\/h3>\n<h3>Professionelle Unterst\u00fctzung<\/h3>\n<p>Sollten Sie eine solche Beanstandung erhalten haben, unterst\u00fctzt Sie die Kanzlei gerne bei der \u00dcberwindung solcher \u201eRegistrierungshindernisse\u201c und \u00fcbernimmt die Vertretung vor dem \u00d6sterreichischen Patentamt.<\/p>\n<p><strong>Bitte nehmen Sie f\u00fcr Anfragen oder Terminvereinbarungen <a href=\"https:\/\/media-law.at\/?page_id=56\">Kontakt<\/a> auf!<\/strong><\/p>\n<p>Das Vertretungshonorar wird unter Ber\u00fccksichtigung des Einzelfalls (Anzahl der betroffenen Nizza Klassen und Komplexit\u00e4t des Registrierungshindernisses) gerne vorab auf Anfrage mitgeteilt.<\/p>\n<h3><\/h3>\n<h3>Weitere Informationen<\/h3>\n<p>Zahlreiche Gerichtsentscheidungen zum Vorliegen von Registrierungshindernissen finden Sie im Blog der Kanzlei:<\/p>\n<p><a href=\"https:\/\/media-law.at\/?cat=5\">Blog-Beitr\u00e4ge zum Thema Markenrecht<\/a>.<\/p>\n<p>[\/et_pb_cta][\/et_pb_column][\/et_pb_row][\/et_pb_section]<\/p>\n","protected":false},"excerpt":{"rendered":"<p>Abweisung einer Markenanmeldung durch das \u00d6sterreichische PatentamtDas Patentamt pr\u00fcft nach Erhalt der Markenanmeldung die formellen und materiellen Voraussetzungen f\u00fcr eine Markeneintragung. Dabei kann es aus folgenden Gr\u00fcnden zu Beanstandungen kommen: Formelle M\u00e4ngel Formelle M\u00e4ngel betreffen zumeist Fehler in der Bezeichnung des Inhabers oder Vertreters, grafische Anforderungen an \u00fcbermittelte Bildbestandteile oder Fehler im Waren- und Dienstleistungsverzeichnis. [&hellip;]<\/p>\n","protected":false},"author":1,"featured_media":0,"parent":613,"menu_order":0,"comment_status":"closed","ping_status":"closed","template":"","meta":{"_et_pb_use_builder":"on","_et_pb_old_content":"","_et_gb_content_width":"","footnotes":""},"class_list":["post-6598","page","type-page","status-publish","hentry"],"aioseo_notices":[],"_links":{"self":[{"href":"https:\/\/media-law.at\/index.php?rest_route=\/wp\/v2\/pages\/6598","targetHints":{"allow":["GET"]}}],"collection":[{"href":"https:\/\/media-law.at\/index.php?rest_route=\/wp\/v2\/pages"}],"about":[{"href":"https:\/\/media-law.at\/index.php?rest_route=\/wp\/v2\/types\/page"}],"author":[{"embeddable":true,"href":"https:\/\/media-law.at\/index.php?rest_route=\/wp\/v2\/users\/1"}],"replies":[{"embeddable":true,"href":"https:\/\/media-law.at\/index.php?rest_route=%2Fwp%2Fv2%2Fcomments&post=6598"}],"version-history":[{"count":9,"href":"https:\/\/media-law.at\/index.php?rest_route=\/wp\/v2\/pages\/6598\/revisions"}],"predecessor-version":[{"id":6626,"href":"https:\/\/media-law.at\/index.php?rest_route=\/wp\/v2\/pages\/6598\/revisions\/6626"}],"up":[{"embeddable":true,"href":"https:\/\/media-law.at\/index.php?rest_route=\/wp\/v2\/pages\/613"}],"wp:attachment":[{"href":"https:\/\/media-law.at\/index.php?rest_route=%2Fwp%2Fv2%2Fmedia&parent=6598"}],"curies":[{"name":"wp","href":"https:\/\/api.w.org\/{rel}","templated":true}]}}