{"id":650,"date":"2014-01-24T19:49:26","date_gmt":"2014-01-24T19:49:26","guid":{"rendered":"http:\/\/media-law.at\/?page_id=650"},"modified":"2026-02-11T11:46:03","modified_gmt":"2026-02-11T11:46:03","slug":"markenanmeldung-eu","status":"publish","type":"page","link":"https:\/\/media-law.at\/?page_id=650","title":{"rendered":"Markenanmeldung EU"},"content":{"rendered":"<p>[et_pb_section fb_built=&#8220;1&#8243; fullwidth=&#8220;on&#8220; _builder_version=&#8220;4.16&#8243; background_color=&#8220;#eded7d&#8220; global_colors_info=&#8220;{}&#8220;][et_pb_fullwidth_header title=&#8220;Markenanmeldung Europ\u00e4ische Union&#8220; subhead=&#8220;Unionsmarken&#8220; text_orientation=&#8220;center&#8220; admin_label=&#8220;Fullwidth Header&#8220; _builder_version=&#8220;4.16&#8243; background_color=&#8220;rgba(255, 255, 255, 0)&#8220; background_layout=&#8220;light&#8220; global_colors_info=&#8220;{}&#8220; button_one_text_size__hover_enabled=&#8220;off&#8220; button_two_text_size__hover_enabled=&#8220;off&#8220; button_one_text_color__hover_enabled=&#8220;off&#8220; button_two_text_color__hover_enabled=&#8220;off&#8220; button_one_border_width__hover_enabled=&#8220;off&#8220; button_two_border_width__hover_enabled=&#8220;off&#8220; button_one_border_color__hover_enabled=&#8220;off&#8220; button_two_border_color__hover_enabled=&#8220;off&#8220; button_one_border_radius__hover_enabled=&#8220;off&#8220; button_two_border_radius__hover_enabled=&#8220;off&#8220; button_one_letter_spacing__hover_enabled=&#8220;off&#8220; button_two_letter_spacing__hover_enabled=&#8220;off&#8220; button_one_bg_color__hover_enabled=&#8220;off&#8220; button_two_bg_color__hover_enabled=&#8220;off&#8220;][\/et_pb_fullwidth_header][\/et_pb_section][et_pb_section fb_built=&#8220;1&#8243; _builder_version=&#8220;4.16&#8243; global_colors_info=&#8220;{}&#8220;][et_pb_row _builder_version=&#8220;4.16&#8243; background_size=&#8220;initial&#8220; background_position=&#8220;top_left&#8220; background_repeat=&#8220;repeat&#8220; global_colors_info=&#8220;{}&#8220;][et_pb_column type=&#8220;4_4&#8243; _builder_version=&#8220;4.16&#8243; custom_padding=&#8220;|||&#8220; global_colors_info=&#8220;{}&#8220; custom_padding__hover=&#8220;|||&#8220;][et_pb_testimonial author=&#8220;Service nach Ma\u00df!&#8220; admin_label=&#8220;Testimonial&#8220; _builder_version=&#8220;4.16&#8243; background_size=&#8220;initial&#8220; background_position=&#8220;top_left&#8220; background_repeat=&#8220;repeat&#8220; global_colors_info=&#8220;{}&#8220;]<\/p>\n<p>Die Kanzlei bietet f\u00fcr Markenanmeldungen in der EU Leistungspakete mit unterschiedlichem Umfang an.<\/p>\n<p>Der wesentliche Unterschied zwischen den Leistungspaketen ist die\u00a0<strong>Marken\u00e4hnlichkeitsrecherche<\/strong>\u00a0&#8211; diese ist im &#8222;Basispaket&#8220; nicht enthalten!<\/p>\n<p>Wird vor der Markenanmeldung keine \u00c4hnlichkeitsrecherche durchgef\u00fchrt, besteht das Risiko \u00e4ltere Markenrechte zu verletzen. Kostenintensive Markenrechtsstreitigkeiten k\u00f6nnen die Folge sein.<\/p>\n<p>[\/et_pb_testimonial][\/et_pb_column][\/et_pb_row][et_pb_row column_structure=&#8220;1_2,1_2&#8243; _builder_version=&#8220;4.16&#8243; background_size=&#8220;initial&#8220; background_position=&#8220;top_left&#8220; background_repeat=&#8220;repeat&#8220; global_colors_info=&#8220;{}&#8220;][et_pb_column type=&#8220;1_2&#8243; _builder_version=&#8220;4.16&#8243; custom_padding=&#8220;|||&#8220; global_colors_info=&#8220;{}&#8220; custom_padding__hover=&#8220;|||&#8220;][et_pb_cta title=&#8220;Basispaket f\u00fcr Markenanmeldungen in der EU&#8220; admin_label=&#8220;Basispaket EU&#8220; _builder_version=&#8220;4.27.0&#8243; background_color=&#8220;#8ec468&#8243; background_size=&#8220;initial&#8220; background_position=&#8220;top_left&#8220; background_repeat=&#8220;repeat&#8220; text_orientation=&#8220;left&#8220; global_colors_info=&#8220;{}&#8220; button_text_size__hover_enabled=&#8220;off&#8220; button_one_text_size__hover_enabled=&#8220;off&#8220; button_two_text_size__hover_enabled=&#8220;off&#8220; button_text_color__hover_enabled=&#8220;off&#8220; button_one_text_color__hover_enabled=&#8220;off&#8220; button_two_text_color__hover_enabled=&#8220;off&#8220; button_border_width__hover_enabled=&#8220;off&#8220; button_one_border_width__hover_enabled=&#8220;off&#8220; button_two_border_width__hover_enabled=&#8220;off&#8220; button_border_color__hover_enabled=&#8220;off&#8220; button_one_border_color__hover_enabled=&#8220;off&#8220; button_two_border_color__hover_enabled=&#8220;off&#8220; button_border_radius__hover_enabled=&#8220;off&#8220; button_one_border_radius__hover_enabled=&#8220;off&#8220; button_two_border_radius__hover_enabled=&#8220;off&#8220; button_letter_spacing__hover_enabled=&#8220;off&#8220; button_one_letter_spacing__hover_enabled=&#8220;off&#8220; button_two_letter_spacing__hover_enabled=&#8220;off&#8220; button_bg_color__hover_enabled=&#8220;off&#8220; button_one_bg_color__hover_enabled=&#8220;off&#8220; button_two_bg_color__hover_enabled=&#8220;off&#8220;]<\/p>\n<p><strong>Bei Bestellung des Basispakets f\u00fcr Markenanmeldungen in der Europ\u00e4ischen Union erhalten Sie folgende Leistungen:<\/strong><\/p>\n<ul>\n<li>Pr\u00fcfung der Marke auf ihre Schutzf\u00e4higkeit<\/li>\n<li><span>Identit\u00e4tsrecherche: Recherche nach identischen Marken in der EU und allen EU-Mitgliedstaaten.\u00a0(Nur W\u00f6rter bzw. Buchstabenfolgen werden recherchiert<\/span><span>; keine Bildbestandteile!)<\/span><\/li>\n<li>Erstellung eines Waren- und Dienstleistungsverzeichnisses nach Absprache<\/li>\n<li>Erstellung und Einbringung der Markenanmeldung beim zust\u00e4ndigen Amt<\/li>\n<li>Korrespondenz mit dem Amt<\/li>\n<li>Abwicklung des Zahlungsverkehrs<\/li>\n<li>\u00dcbermittlung der Registrierungsurkunde<\/li>\n<li>Benennung der Kanzlei als Vertreter im Markenregister und Fristenverwaltung (optional)<\/li>\n<\/ul>\n<p><strong>Pauschalhonorar f\u00fcr das Basispaket: EUR 390,00 + 20% USt.<\/strong><\/p>\n<p>Hinzu kommt die <strong>amtliche Geb\u00fchr<\/strong> in H\u00f6he von EUR 850,00 bei elektronischer Einreichung f\u00fcr eine Waren- und Dienstleistungsklasse. F\u00fcr zwei Klassen betr\u00e4gt die Geb\u00fchr EUR 900,00. Jede weitere Klasse erh\u00f6ht die Geb\u00fchr um weitere EUR 150,00.<\/p>\n<p>&nbsp;<\/p>\n<p>&nbsp;<\/p>\n<p>[\/et_pb_cta][\/et_pb_column][et_pb_column type=&#8220;1_2&#8243; _builder_version=&#8220;4.16&#8243; custom_padding=&#8220;|||&#8220; global_colors_info=&#8220;{}&#8220; custom_padding__hover=&#8220;|||&#8220;][et_pb_cta title=&#8220;Standardpaket f\u00fcr Markenanmeldungen in der EU&#8220; admin_label=&#8220;Call To Action&#8220; _builder_version=&#8220;4.27.0&#8243; background_color=&#8220;#7a63dd&#8220; background_size=&#8220;initial&#8220; background_position=&#8220;top_left&#8220; background_repeat=&#8220;repeat&#8220; text_orientation=&#8220;left&#8220; global_colors_info=&#8220;{}&#8220; button_text_size__hover_enabled=&#8220;off&#8220; button_one_text_size__hover_enabled=&#8220;off&#8220; button_two_text_size__hover_enabled=&#8220;off&#8220; button_text_color__hover_enabled=&#8220;off&#8220; button_one_text_color__hover_enabled=&#8220;off&#8220; button_two_text_color__hover_enabled=&#8220;off&#8220; button_border_width__hover_enabled=&#8220;off&#8220; button_one_border_width__hover_enabled=&#8220;off&#8220; button_two_border_width__hover_enabled=&#8220;off&#8220; button_border_color__hover_enabled=&#8220;off&#8220; button_one_border_color__hover_enabled=&#8220;off&#8220; button_two_border_color__hover_enabled=&#8220;off&#8220; button_border_radius__hover_enabled=&#8220;off&#8220; button_one_border_radius__hover_enabled=&#8220;off&#8220; button_two_border_radius__hover_enabled=&#8220;off&#8220; button_letter_spacing__hover_enabled=&#8220;off&#8220; button_one_letter_spacing__hover_enabled=&#8220;off&#8220; button_two_letter_spacing__hover_enabled=&#8220;off&#8220; button_bg_color__hover_enabled=&#8220;off&#8220; button_one_bg_color__hover_enabled=&#8220;off&#8220; button_two_bg_color__hover_enabled=&#8220;off&#8220;]<\/p>\n<p><strong>Bei Bestellung des Standardpakets f\u00fcr Markenanmeldungen in der Europ\u00e4ischen Union erhalten Sie folgende Leistungen:<\/strong><\/p>\n<ul>\n<li>Pr\u00fcfung der Marke auf ihre Schutzf\u00e4higkeit<\/li>\n<li>Marken\u00e4hnlichkeitsrecherche (Wort + Bild): Recherche nach identischen und \u00e4hnlichen \u00f6sterreichischen Marken, Unionsmarken (EU) sowie internationalen Marken mit Erstreckung auf \u00d6sterreich und die EU; Sie erhalten einen Bericht inkl. anwaltlicher Risikoeinsch\u00e4tzung. (Im Paketpreis sind max. 5 Waren- und Dienstleistungsklassen enthalten.)<\/li>\n<li>Erstellung eines Waren- und Dienstleistungsverzeichnisses nach Absprache<\/li>\n<li>Erstellung und Einbringung der Markenanmeldung beim zust\u00e4ndigen Amt<\/li>\n<li>Korrespondenz mit dem Amt<\/li>\n<li>Abwicklung des Zahlungsverkehrs<\/li>\n<li>\u00dcbermittlung der Registrierungsurkunde<\/li>\n<li>Benennung der Kanzlei als Vertreter im Markenregister und Fristenverwaltung (optional)<\/li>\n<\/ul>\n<p><strong>Pauschalhonorar f\u00fcr das Standardpaket: EUR 690,00 + 20% USt.<\/strong><\/p>\n<p>Hinzu kommt die\u00a0<strong>amtliche Geb\u00fchr<\/strong> in H\u00f6he von EUR 850,00 bei elektronischer Einreichung f\u00fcr eine Waren- und Dienstleistungsklasse. F\u00fcr zwei Klassen betr\u00e4gt die Geb\u00fchr EUR 900,00. Jede weitere Klasse erh\u00f6ht die Geb\u00fchr um weitere EUR 150,00.<\/p>\n<p>[\/et_pb_cta][\/et_pb_column][\/et_pb_row][et_pb_row _builder_version=&#8220;4.16&#8243; global_colors_info=&#8220;{}&#8220;][et_pb_column type=&#8220;4_4&#8243; _builder_version=&#8220;4.16&#8243; global_colors_info=&#8220;{}&#8220;][et_pb_button button_url=&#8220;@ET-DC@eyJkeW5hbWljIjp0cnVlLCJjb250ZW50IjoicG9zdF9saW5rX3VybF9wYWdlIiwic2V0dGluZ3MiOnsicG9zdF9pZCI6IjU2In19@&#8220; button_text=&#8220;Kontakt&#8220; button_alignment=&#8220;center&#8220; _builder_version=&#8220;4.16&#8243; _dynamic_attributes=&#8220;button_url&#8220; custom_button=&#8220;on&#8220; button_text_color=&#8220;#FFFFFF&#8220; button_bg_color=&#8220;#0C71C3&#8243; button_icon=&#8220;&#x77;||divi||400&#8243; background_layout=&#8220;dark&#8220; global_colors_info=&#8220;{}&#8220;][\/et_pb_button][\/et_pb_column][\/et_pb_row][et_pb_row column_structure=&#8220;1_2,1_2&#8243; _builder_version=&#8220;4.16&#8243; background_size=&#8220;initial&#8220; background_position=&#8220;top_left&#8220; background_repeat=&#8220;repeat&#8220; global_colors_info=&#8220;{}&#8220;][et_pb_column type=&#8220;1_2&#8243; _builder_version=&#8220;4.16&#8243; custom_padding=&#8220;|||&#8220; global_colors_info=&#8220;{}&#8220; custom_padding__hover=&#8220;|||&#8220;][et_pb_cta title=&#8220;Beispielrechnung Basispaket&#8220; admin_label=&#8220;Basispaket EU&#8220; _builder_version=&#8220;4.16&#8243; background_color=&#8220;#E09900&#8243; background_size=&#8220;initial&#8220; background_position=&#8220;top_left&#8220; background_repeat=&#8220;repeat&#8220; text_orientation=&#8220;left&#8220; global_colors_info=&#8220;{}&#8220; button_text_size__hover_enabled=&#8220;off&#8220; button_one_text_size__hover_enabled=&#8220;off&#8220; button_two_text_size__hover_enabled=&#8220;off&#8220; button_text_color__hover_enabled=&#8220;off&#8220; button_one_text_color__hover_enabled=&#8220;off&#8220; button_two_text_color__hover_enabled=&#8220;off&#8220; button_border_width__hover_enabled=&#8220;off&#8220; button_one_border_width__hover_enabled=&#8220;off&#8220; button_two_border_width__hover_enabled=&#8220;off&#8220; button_border_color__hover_enabled=&#8220;off&#8220; button_one_border_color__hover_enabled=&#8220;off&#8220; button_two_border_color__hover_enabled=&#8220;off&#8220; button_border_radius__hover_enabled=&#8220;off&#8220; button_one_border_radius__hover_enabled=&#8220;off&#8220; button_two_border_radius__hover_enabled=&#8220;off&#8220; button_letter_spacing__hover_enabled=&#8220;off&#8220; button_one_letter_spacing__hover_enabled=&#8220;off&#8220; button_two_letter_spacing__hover_enabled=&#8220;off&#8220; button_bg_color__hover_enabled=&#8220;off&#8220; button_one_bg_color__hover_enabled=&#8220;off&#8220; button_two_bg_color__hover_enabled=&#8220;off&#8220;]<\/p>\n<p>&nbsp;<\/p>\n<p>EUR 850,00 Anmeldegeb\u00fchr f\u00fcr eine (1) Klasse<\/p>\n<p>EUR 390,00 Honorar der Kanzlei<\/p>\n<p>EUR 78,00 USt<\/p>\n<p>&#8212;&#8212;&#8212;&#8212;&#8212;&#8212;-<\/p>\n<p>EUR 1.318,00 brutto Gesamtkosten<\/p>\n<p>[\/et_pb_cta][\/et_pb_column][et_pb_column type=&#8220;1_2&#8243; _builder_version=&#8220;4.16&#8243; custom_padding=&#8220;|||&#8220; global_colors_info=&#8220;{}&#8220; custom_padding__hover=&#8220;|||&#8220;][et_pb_cta title=&#8220;Beispielrechnung Standardpaket&#8220; admin_label=&#8220;Call To Action&#8220; _builder_version=&#8220;4.16&#8243; background_color=&#8220;#E09900&#8243; background_size=&#8220;initial&#8220; background_position=&#8220;top_left&#8220; background_repeat=&#8220;repeat&#8220; text_orientation=&#8220;left&#8220; global_colors_info=&#8220;{}&#8220; button_text_size__hover_enabled=&#8220;off&#8220; button_one_text_size__hover_enabled=&#8220;off&#8220; button_two_text_size__hover_enabled=&#8220;off&#8220; button_text_color__hover_enabled=&#8220;off&#8220; button_one_text_color__hover_enabled=&#8220;off&#8220; button_two_text_color__hover_enabled=&#8220;off&#8220; button_border_width__hover_enabled=&#8220;off&#8220; button_one_border_width__hover_enabled=&#8220;off&#8220; button_two_border_width__hover_enabled=&#8220;off&#8220; button_border_color__hover_enabled=&#8220;off&#8220; button_one_border_color__hover_enabled=&#8220;off&#8220; button_two_border_color__hover_enabled=&#8220;off&#8220; button_border_radius__hover_enabled=&#8220;off&#8220; button_one_border_radius__hover_enabled=&#8220;off&#8220; button_two_border_radius__hover_enabled=&#8220;off&#8220; button_letter_spacing__hover_enabled=&#8220;off&#8220; button_one_letter_spacing__hover_enabled=&#8220;off&#8220; button_two_letter_spacing__hover_enabled=&#8220;off&#8220; button_bg_color__hover_enabled=&#8220;off&#8220; button_one_bg_color__hover_enabled=&#8220;off&#8220; button_two_bg_color__hover_enabled=&#8220;off&#8220;]<\/p>\n<p>&nbsp;<\/p>\n<p>EUR 850,00 Anmeldegeb\u00fchr f\u00fcr eine (1) Klasse<\/p>\n<p>EUR 690,00 Honorar der Kanzlei<\/p>\n<p>EUR 138,00 USt<\/p>\n<p>&#8212;&#8212;&#8212;&#8212;&#8212;&#8212;&#8212;<\/p>\n<p>EUR 1.678,00 brutto Gesamtkosten<\/p>\n<p>[\/et_pb_cta][\/et_pb_column][\/et_pb_row][et_pb_row _builder_version=&#8220;4.18.0&#8243; _module_preset=&#8220;default&#8220; global_colors_info=&#8220;{}&#8220;][et_pb_column type=&#8220;4_4&#8243; _builder_version=&#8220;4.18.0&#8243; _module_preset=&#8220;default&#8220; global_colors_info=&#8220;{}&#8220;][et_pb_cta title=&#8220;Aktuelle F\u00f6rderung&#8220; button_text=&#8220;Klicks&#8220; _builder_version=&#8220;4.27.0&#8243; _module_preset=&#8220;default&#8220; background_color=&#8220;#C88BDA&#8220; hover_enabled=&#8220;0&#8243; global_colors_info=&#8220;{}&#8220; sticky_enabled=&#8220;0&#8243;]<\/p>\n<p style=\"text-align: justify;\"><span><\/span><\/p>\n<p style=\"text-align: justify;\"><span>Vom <strong>2. Februar bis zum 4. Dezember 2026<\/strong>\u00a0<\/span>k\u00f6nnen kleine und mittlere Unternehmen (KMU) \u00fcber das EU-Finanzhilfeprogramm \u201e<em>Ideas Powered for business SME Fund<\/em>\u201c wieder F\u00f6rderungen beantragen. Eine<span>\u00a0<\/span><strong>Erstattung von 75% der Anmeldegeb\u00fchren<\/strong><span>\u00a0<\/span>f\u00fcr Unionsmarken und Designs ist m\u00f6glich. Die Mittel sind begrenzt und werden in der Reihenfolge der Antragseing\u00e4nge vergeben.<strong><\/strong><\/p>\n<p style=\"text-align: justify;\"><strong><\/strong><\/p>\n<p style=\"text-align: justify;\"><strong>Hier finden Sie weitere Informationen:<\/strong><\/p>\n<p style=\"text-align: justify;\"><strong><a href=\"https:\/\/www.euipo.europa.eu\/de\/sme-corner\/sme-fund\/2026\/before-applying\" target=\"_blank\" rel=\"noopener\">SME Fund<\/a><\/strong><\/p>\n<p style=\"text-align: justify;\"><strong><a href=\"https:\/\/www.euipo.europa.eu\/de\/help-centre\/websites\/faq-sme-fund-2026\" target=\"_blank\" rel=\"noopener\">FAQ zum SME Fund<\/a><\/strong><\/p>\n<p style=\"text-align: justify;\"><strong><\/strong><\/p>\n<p style=\"text-align: justify;\"><strong><\/strong><\/p>\n<p style=\"text-align: justify;\"><strong>Wie wird die F\u00f6rderung beantragt?<\/strong><\/p>\n<p style=\"text-align: justify;\">Legen Sie hier ein Konto an:<strong><span>\u00a0<\/span><a href=\"https:\/\/euipo.europa.eu\/sme-fund-2026\/de\/user\/login?destination=\/home\" target=\"_blank\" rel=\"noopener\">Portal zur Registrierung<\/a><\/strong><\/p>\n<p style=\"text-align: justify;\">Halten Sie folgende Unterlagen bereit:<\/p>\n<p style=\"text-align: justify;\">1. Einen<span>\u00a0<\/span><strong>Kontoauszug<\/strong><span>\u00a0<\/span>Ihres Unternehmens mit folgenden Angaben: Name des Unternehmens als Kontoinhaber, vollst\u00e4ndige IBAN-Nummer mit L\u00e4ndercode und BIC\/SWIFT-Code.<\/p>\n<p style=\"text-align: justify;\">2. Den Bescheid des Finanzamtes \u00fcber Ihre<span>\u00a0<\/span><strong>UID-Nummer<\/strong>.<\/p>\n<p style=\"text-align: justify;\"><span><\/span><\/p>\n<p style=\"text-align: justify;\"><span>Bitte beachten Sie, dass Vertretungskosten\u00a0<\/span><strong>(zB Anwaltshonorar) nicht gef\u00f6rdert<\/strong><span>\u00a0werden, sondern lediglich die Anmeldegeb\u00fchren.<\/span><\/p>\n<p>[\/et_pb_cta][\/et_pb_column][\/et_pb_row][\/et_pb_section]<\/p>\n","protected":false},"excerpt":{"rendered":"<p>Die Kanzlei bietet f\u00fcr Markenanmeldungen in der EU Leistungspakete mit unterschiedlichem Umfang an. Der wesentliche Unterschied zwischen den Leistungspaketen ist die\u00a0Marken\u00e4hnlichkeitsrecherche\u00a0&#8211; diese ist im &#8222;Basispaket&#8220; nicht enthalten! Wird vor der Markenanmeldung keine \u00c4hnlichkeitsrecherche durchgef\u00fchrt, besteht das Risiko \u00e4ltere Markenrechte zu verletzen. Kostenintensive Markenrechtsstreitigkeiten k\u00f6nnen die Folge sein.Bei Bestellung des Basispakets f\u00fcr Markenanmeldungen in der Europ\u00e4ischen [&hellip;]<\/p>\n","protected":false},"author":1,"featured_media":0,"parent":613,"menu_order":0,"comment_status":"open","ping_status":"closed","template":"","meta":{"_et_pb_use_builder":"on","_et_pb_old_content":"","_et_gb_content_width":"","footnotes":""},"class_list":["post-650","page","type-page","status-publish","hentry"],"aioseo_notices":[],"_links":{"self":[{"href":"https:\/\/media-law.at\/index.php?rest_route=\/wp\/v2\/pages\/650","targetHints":{"allow":["GET"]}}],"collection":[{"href":"https:\/\/media-law.at\/index.php?rest_route=\/wp\/v2\/pages"}],"about":[{"href":"https:\/\/media-law.at\/index.php?rest_route=\/wp\/v2\/types\/page"}],"author":[{"embeddable":true,"href":"https:\/\/media-law.at\/index.php?rest_route=\/wp\/v2\/users\/1"}],"replies":[{"embeddable":true,"href":"https:\/\/media-law.at\/index.php?rest_route=%2Fwp%2Fv2%2Fcomments&post=650"}],"version-history":[{"count":55,"href":"https:\/\/media-law.at\/index.php?rest_route=\/wp\/v2\/pages\/650\/revisions"}],"predecessor-version":[{"id":8335,"href":"https:\/\/media-law.at\/index.php?rest_route=\/wp\/v2\/pages\/650\/revisions\/8335"}],"up":[{"embeddable":true,"href":"https:\/\/media-law.at\/index.php?rest_route=\/wp\/v2\/pages\/613"}],"wp:attachment":[{"href":"https:\/\/media-law.at\/index.php?rest_route=%2Fwp%2Fv2%2Fmedia&parent=650"}],"curies":[{"name":"wp","href":"https:\/\/api.w.org\/{rel}","templated":true}]}}