{"id":5747,"date":"2023-03-23T11:03:51","date_gmt":"2023-03-23T11:03:51","guid":{"rendered":"https:\/\/media-law.at\/?page_id=5747"},"modified":"2023-03-23T11:16:06","modified_gmt":"2023-03-23T11:16:06","slug":"schutzverweigerungen-bei-internationalen-registrierungen-ir-marken","status":"publish","type":"page","link":"https:\/\/media-law.at\/?page_id=5747","title":{"rendered":"Schutzverweigerungen bei Internationalen Registrierungen &#8222;IR-Marken&#8220;"},"content":{"rendered":"<p>[et_pb_section fb_built=&#8220;1&#8243; _builder_version=&#8220;4.18.0&#8243; _module_preset=&#8220;default&#8220; background_color=&#8220;rgba(158,187,255,0.63)&#8220; hover_enabled=&#8220;0&#8243; global_colors_info=&#8220;{}&#8220; sticky_enabled=&#8220;0&#8243;][et_pb_row _builder_version=&#8220;4.18.0&#8243; _module_preset=&#8220;default&#8220; background_color=&#8220;RGBA(255,255,255,0)&#8220; global_colors_info=&#8220;{}&#8220;][et_pb_column type=&#8220;4_4&#8243; _builder_version=&#8220;4.18.0&#8243; _module_preset=&#8220;default&#8220; global_colors_info=&#8220;{}&#8220;][et_pb_text _builder_version=&#8220;4.18.0&#8243; _module_preset=&#8220;default&#8220; global_colors_info=&#8220;{}&#8220;]<\/p>\n<h1 style=\"text-align: center;\">Schutzverweigerungen bei &#8222;Internationalen Registrierungen&#8220; (IR-Marken)<\/h1>\n<p>[\/et_pb_text][\/et_pb_column][\/et_pb_row][et_pb_row _builder_version=&#8220;4.18.0&#8243; _module_preset=&#8220;default&#8220; global_colors_info=&#8220;{}&#8220;][et_pb_column type=&#8220;4_4&#8243; _builder_version=&#8220;4.18.0&#8243; _module_preset=&#8220;default&#8220; global_colors_info=&#8220;{}&#8220;][et_pb_cta button_text=&#8220;Klicks&#8220; _builder_version=&#8220;4.18.0&#8243; _module_preset=&#8220;default&#8220; background_color=&#8220;#FFFFFF&#8220; text_orientation=&#8220;justified&#8220; background_layout=&#8220;light&#8220; global_colors_info=&#8220;{}&#8220;]<\/p>\n<p>Eine \u201eInternationale Registrierung\u201c bietet die M\u00f6glichkeit, den Schutz einer Marke durch einen einzigen Antrag auf eine Vielzahl von L\u00e4ndern auszudehnen. Derzeit kann eine Erweiterung auf 120 L\u00e4ndern beantragt werden. Die erste H\u00fcrde ist somit \u00fcberschaubar. In der Praxis zeigt sich aber, dass es <strong>oft zu nachgelagerten Problemen<\/strong> kommt. Denn: Das zust\u00e4ndige Amt (WIPO) pr\u00fcft den Antrag lediglich in formeller Hinsicht. Ob aber <strong>Eintragungshindernisse nach dem nationalen Recht der Ziell\u00e4nder<\/strong> bestehen, wird von der WIPO nicht gepr\u00fcft.<\/p>\n<p>Nach einer Ausdehnung Ihres Markenschutzes auf weitere L\u00e4nder wird die Schutzf\u00e4higkeit der Marke in den ausgew\u00e4hlten L\u00e4ndern separat nach den nationalen Gesetzen dieses Landes gepr\u00fcft. Jede Marke durchl\u00e4uft in den Ziell\u00e4ndern das gleiche Verfahren wie nationale Marken. Wird \u00fcber dieses System etwa Markenschutz in \u00d6sterreich beantragt, wird der Antrag gem\u00e4\u00df dem \u00f6sterreichischen Markenschutzgesetz gepr\u00fcft. <strong>Die nationalen \u00c4mter haben im Zuge dieser Pr\u00fcfung die M\u00f6glichkeit, den Schutz zu verweigern.<\/strong> Es wird dann oftmals eine <em>\u201evorl\u00e4ufige Schutzverweigerung\u201c (\u201eProvisional Refusal\u201c)<\/em> ausgesprochen.<\/p>\n<p>Dabei handelt es sich um eine Mitteilung der zust\u00e4ndigen Beh\u00f6rde \u00fcber die Gr\u00fcnde f\u00fcr deren Auffassung, dass der Schutz in der betroffenen Vertragspartei nicht gew\u00e4hrt werden kann (\u201e<em>vorl\u00e4ufige Schutzverweigerung von Amts wegen<\/em>\u201c), oder eine Erkl\u00e4rung, dass der Schutz in der betroffenen Vertragspartei nicht gew\u00e4hrt werden kann, weil Widerspruch eingelegt worden ist (\u201e<em>auf einen Widerspruch gest\u00fctzte vorl\u00e4ufige Schutzverweigerung<\/em>\u201c).<\/p>\n<p>Sollte das <strong>\u00d6sterreichische Patentamt<\/strong> eine solche Schutzverweigerung im Hinblick auf Ihren internationalen Erstreckungsantrag ausgesprochen haben, wurde Ihnen aller Wahrscheinlichkeit nach die <strong>Erstattung einer \u00c4u\u00dferung\/Stellungnahme<\/strong> &#8211; \u00fcblicherweise innerhalb von 3 Monaten &#8211; freigestellt. In solchen F\u00e4llen unterst\u00fctzt die Kanzlei Sie gerne bei der \u00dcberwindung solcher \u201eSchutzverweigerungen\u201c und \u00fcbernimmt die Vertretung vor dem \u00d6sterreichischen Patentamt.<\/p>\n<p><strong>Bitte nehmen Sie f\u00fcr Anfragen oder Terminvereinbarungen <a href=\"https:\/\/media-law.at\/?page_id=56\">Kontakt<\/a> auf!<\/strong><\/p>\n<p>Das Vertretungshonorar wird unter Ber\u00fccksichtigung des Einzelfalls (Anzahl der betroffenen Nizza Klassen und Schutzverweigerungsgr\u00fcnde) gerne vorab auf Anfrage mitgeteilt.<\/p>\n<p>[\/et_pb_cta][\/et_pb_column][\/et_pb_row][\/et_pb_section]<\/p>\n","protected":false},"excerpt":{"rendered":"<p>Schutzverweigerungen bei &#8222;Internationalen Registrierungen&#8220; (IR-Marken)Eine \u201eInternationale Registrierung\u201c bietet die M\u00f6glichkeit, den Schutz einer Marke durch einen einzigen Antrag auf eine Vielzahl von L\u00e4ndern auszudehnen. Derzeit kann eine Erweiterung auf 120 L\u00e4ndern beantragt werden. Die erste H\u00fcrde ist somit \u00fcberschaubar. In der Praxis zeigt sich aber, dass es oft zu nachgelagerten Problemen kommt. Denn: Das zust\u00e4ndige [&hellip;]<\/p>\n","protected":false},"author":1,"featured_media":0,"parent":670,"menu_order":0,"comment_status":"closed","ping_status":"closed","template":"","meta":{"_et_pb_use_builder":"on","_et_pb_old_content":"","_et_gb_content_width":"","footnotes":""},"class_list":["post-5747","page","type-page","status-publish","hentry"],"aioseo_notices":[],"_links":{"self":[{"href":"https:\/\/media-law.at\/index.php?rest_route=\/wp\/v2\/pages\/5747","targetHints":{"allow":["GET"]}}],"collection":[{"href":"https:\/\/media-law.at\/index.php?rest_route=\/wp\/v2\/pages"}],"about":[{"href":"https:\/\/media-law.at\/index.php?rest_route=\/wp\/v2\/types\/page"}],"author":[{"embeddable":true,"href":"https:\/\/media-law.at\/index.php?rest_route=\/wp\/v2\/users\/1"}],"replies":[{"embeddable":true,"href":"https:\/\/media-law.at\/index.php?rest_route=%2Fwp%2Fv2%2Fcomments&post=5747"}],"version-history":[{"count":5,"href":"https:\/\/media-law.at\/index.php?rest_route=\/wp\/v2\/pages\/5747\/revisions"}],"predecessor-version":[{"id":5759,"href":"https:\/\/media-law.at\/index.php?rest_route=\/wp\/v2\/pages\/5747\/revisions\/5759"}],"up":[{"embeddable":true,"href":"https:\/\/media-law.at\/index.php?rest_route=\/wp\/v2\/pages\/670"}],"wp:attachment":[{"href":"https:\/\/media-law.at\/index.php?rest_route=%2Fwp%2Fv2%2Fmedia&parent=5747"}],"curies":[{"name":"wp","href":"https:\/\/api.w.org\/{rel}","templated":true}]}}