{"id":3207,"date":"2020-02-17T10:47:06","date_gmt":"2020-02-17T10:47:06","guid":{"rendered":"http:\/\/media-law.at\/?page_id=3207"},"modified":"2021-07-13T15:59:39","modified_gmt":"2021-07-13T15:59:39","slug":"kg","status":"publish","type":"page","link":"https:\/\/media-law.at\/?page_id=3207","title":{"rendered":"KG"},"content":{"rendered":"<p>[et_pb_section fb_built=&#8220;1&#8243; _builder_version=&#8220;4.4.6&#8243; background_color=&#8220;#FFFFFF&#8220;][et_pb_row _builder_version=&#8220;3.25&#8243;][et_pb_column type=&#8220;4_4&#8243; _builder_version=&#8220;3.25&#8243; custom_padding=&#8220;|||&#8220; custom_padding__hover=&#8220;|||&#8220;][et_pb_text _builder_version=&#8220;4.4.6&#8243; background_color=&#8220;#FFFFFF&#8220;]<\/p>\n<p style=\"text-align: center;\"><strong><\/strong><\/p>\n<p style=\"text-align: center;\"><strong>KOMMANDITGESELLSCHAFT (KG)<\/strong><\/p>\n<p style=\"text-align: center;\"><strong><\/strong><\/p>\n<p>[\/et_pb_text][\/et_pb_column][\/et_pb_row][et_pb_row _builder_version=&#8220;3.25&#8243;][et_pb_column type=&#8220;4_4&#8243; _builder_version=&#8220;3.25&#8243; custom_padding=&#8220;|||&#8220; custom_padding__hover=&#8220;|||&#8220;][et_pb_text _builder_version=&#8220;4.4.6&#8243; hover_enabled=&#8220;0&#8243;]<\/p>\n<p>Gem\u00e4\u00df \u00a7 161 UGB ist eine Kommanditgesellschaft eine unter eigener Firma gef\u00fchrte Gesellschaft, bei der die Haftung gegen\u00fcber den Gesellschaftsgl\u00e4ubigern bei einem Teil der Gesellschafter auf einen bestimmten <strong>Betrag (Haftsumme) beschr\u00e4nkt ist (Kommanditisten)<\/strong>, beim anderen Teil dagegen <strong>unbeschr\u00e4nkt ist (Komplement\u00e4re)<\/strong>.<\/p>\n<p>Die KG entspricht in ihren Grundz\u00fcgen der <a href=\"https:\/\/media-law.at\/?page_id=3203\">OG<\/a>. Sie steht f\u00fcr jede erlaubte unternehmerische und nicht unternehmerische T\u00e4tigkeit zur Verf\u00fcgung. Sie ist eine <strong>rechtsf\u00e4hige Gesellschaft<\/strong> und kann selbst Tr\u00e4gerin von Rechten und Pflichten sein. Die KG wird mit <strong>Gesellschaftsvertrag<\/strong> errichtet und entsteht mit <strong>Firmenbucheintragung<\/strong>. Wenn in der KG keine nat\u00fcrliche Person unbeschr\u00e4nkt haftet, muss dieser Umstand aus der Firma (dem Namen) erkennbar sein. Etwa wenn eine GmbH der Komplement\u00e4r ist, hat der Zusatz zu lauten \u201eGmbH &amp; Co KG\u201c.<\/p>\n<p>[\/et_pb_text][et_pb_text _builder_version=&#8220;4.4.6&#8243; background_color=&#8220;#FFFFFF&#8220;]<\/p>\n<p style=\"text-align: center;\"><strong><\/strong><\/p>\n<p style=\"text-align: center;\"><strong>Wichtige Merkmale der KG im \u00dcberblick:<\/strong><\/p>\n<p><strong><\/strong><\/p>\n<p><strong><\/strong><\/p>\n<ul>\n<li>Im Unterschied zur OG gibt es <strong>zwei Gesellschaftertypen<\/strong>: Einerseits den <strong>Komplement\u00e4r<\/strong>, dessen Stellung der eines OG-Gesellschafters gleicht. Er trifft insbesondere die unternehmerischen Entscheidungen und wird f\u00fcr die Gesellschaft t\u00e4tig. Andererseits den\u00a0<strong>Kommanditisten<\/strong>, der in erster Linie die erforderlichen finanziellen Mittel bereitstellt und dem im Unternehmen nur gewisse Mitwirkungs- und Kontrollrechte zukommen. Pro Gesellschaftertypus muss mindestens ein Gesellschafter vorhanden sein.<\/li>\n<li><strong>Mindestkapital<\/strong>: Nicht erforderlich. Bareinlage f\u00fcr Komplement\u00e4r nicht zwingend. Pflichteinlage f\u00fcr Kommanditist.<\/li>\n<li><strong>Vertretung<\/strong>: Komplement\u00e4re sind zur Einzelvertretung befugt. Kommanditisten k\u00f6nnen auch nicht im Gesellschaftsvertrag hierzu erm\u00e4chtigt werden. Prokura und Handlungsvollmachten sind jedoch m\u00f6glich.<\/li>\n<li><strong>Gesch\u00e4ftsf\u00fchrung<\/strong>: Komplement\u00e4re sind zur Einzelgesch\u00e4ftsf\u00fchrung befugt. Kommanditisten k\u00f6nnen gew\u00f6hnlichen Gesch\u00e4ften nicht widersprechen. F\u00fcr au\u00dfergew\u00f6hnliche Gesch\u00e4fte ist ein einstimmiger Beschluss der Gesellschafter erforderlich. Abweichende Regelungen sind aber im Gesellschaftsvertrag m\u00f6glich.<\/li>\n<li><strong>Haftung<\/strong>: Der Komplement\u00e4r haftet pers\u00f6nlich, unbeschr\u00e4nkt und unbeschr\u00e4nkbar, unmittelbar, prim\u00e4r und solidarisch. Der Kommanditist haftet auch pers\u00f6nlich, unmittelbar, prim\u00e4r und solidarisch; nach au\u00dfen jedoch beschr\u00e4nkt bis zur H\u00f6he der Haftsumme.<\/li>\n<li><strong>Verteilung von Gewinnen und Verlusten: <\/strong>Mangels abweichender Regelung ist den Komplement\u00e4ren ein ihrer Haftung angemessener Betrag des Jahresgewinns zuzuweisen. Den Gesellschaftern, die ihre Arbeitskraft zur Verf\u00fcgung stellen ist ein angemessener betrag auszubezahlen. Der verbleibende Gewinn ist den Gesellschaftern im Verh\u00e4ltnis zur Beteiligung zuzuweisen; dasselbe gilt f\u00fcr Verluste.<\/li>\n<\/ul>\n<p>[\/et_pb_text][\/et_pb_column][\/et_pb_row][\/et_pb_section]<\/p>\n","protected":false},"excerpt":{"rendered":"<p>KOMMANDITGESELLSCHAFT (KG) Gem\u00e4\u00df \u00a7 161 UGB ist eine Kommanditgesellschaft eine unter eigener Firma gef\u00fchrte Gesellschaft, bei der die Haftung gegen\u00fcber den Gesellschaftsgl\u00e4ubigern bei einem Teil der Gesellschafter auf einen bestimmten Betrag (Haftsumme) beschr\u00e4nkt ist (Kommanditisten), beim anderen Teil dagegen unbeschr\u00e4nkt ist (Komplement\u00e4re). Die KG entspricht in ihren Grundz\u00fcgen der OG. Sie steht f\u00fcr jede erlaubte [&hellip;]<\/p>\n","protected":false},"author":1,"featured_media":0,"parent":0,"menu_order":0,"comment_status":"closed","ping_status":"closed","template":"","meta":{"_et_pb_use_builder":"on","_et_pb_old_content":"","_et_gb_content_width":"","footnotes":""},"class_list":["post-3207","page","type-page","status-publish","hentry"],"aioseo_notices":[],"_links":{"self":[{"href":"https:\/\/media-law.at\/index.php?rest_route=\/wp\/v2\/pages\/3207","targetHints":{"allow":["GET"]}}],"collection":[{"href":"https:\/\/media-law.at\/index.php?rest_route=\/wp\/v2\/pages"}],"about":[{"href":"https:\/\/media-law.at\/index.php?rest_route=\/wp\/v2\/types\/page"}],"author":[{"embeddable":true,"href":"https:\/\/media-law.at\/index.php?rest_route=\/wp\/v2\/users\/1"}],"replies":[{"embeddable":true,"href":"https:\/\/media-law.at\/index.php?rest_route=%2Fwp%2Fv2%2Fcomments&post=3207"}],"version-history":[{"count":10,"href":"https:\/\/media-law.at\/index.php?rest_route=\/wp\/v2\/pages\/3207\/revisions"}],"predecessor-version":[{"id":4525,"href":"https:\/\/media-law.at\/index.php?rest_route=\/wp\/v2\/pages\/3207\/revisions\/4525"}],"wp:attachment":[{"href":"https:\/\/media-law.at\/index.php?rest_route=%2Fwp%2Fv2%2Fmedia&parent=3207"}],"curies":[{"name":"wp","href":"https:\/\/api.w.org\/{rel}","templated":true}]}}