{"id":3203,"date":"2020-02-17T10:41:29","date_gmt":"2020-02-17T10:41:29","guid":{"rendered":"http:\/\/media-law.at\/?page_id=3203"},"modified":"2021-04-02T09:39:13","modified_gmt":"2021-04-02T09:39:13","slug":"og","status":"publish","type":"page","link":"https:\/\/media-law.at\/?page_id=3203","title":{"rendered":"OG"},"content":{"rendered":"<p>[et_pb_section fb_built=&#8220;1&#8243; _builder_version=&#8220;4.4.6&#8243; background_color=&#8220;#FFFFFF&#8220; hover_enabled=&#8220;0&#8243;][et_pb_row _builder_version=&#8220;3.25&#8243;][et_pb_column type=&#8220;4_4&#8243; _builder_version=&#8220;3.25&#8243; custom_padding=&#8220;|||&#8220; custom_padding__hover=&#8220;|||&#8220;][et_pb_text _builder_version=&#8220;4.4.6&#8243; background_color=&#8220;#FFFFFF&#8220;]<\/p>\n<p style=\"text-align: center;\"><strong><\/strong><\/p>\n<p style=\"text-align: center;\"><strong>OFFENE GESELLSCHAFT\u00a0<\/strong><strong>(OG)<\/strong><\/p>\n<p style=\"text-align: center;\"><strong><\/strong><\/p>\n<p>[\/et_pb_text][\/et_pb_column][\/et_pb_row][et_pb_row column_structure=&#8220;1_2,1_2&#8243; _builder_version=&#8220;3.25&#8243;][et_pb_column type=&#8220;1_2&#8243; _builder_version=&#8220;3.25&#8243; custom_padding=&#8220;|||&#8220; custom_padding__hover=&#8220;|||&#8220;][et_pb_text _builder_version=&#8220;3.27.4&#8243;]Die OG z\u00e4hlt zu den eingetragenen<strong> Personengesellschaften<\/strong> und steht &#8211; <strong>zweckoffen<\/strong> &#8211; f\u00fcr jede erlaubte unternehmerische und nicht unternehmerische T\u00e4tigkeit zur Verf\u00fcgung. Sie ist eine <strong>rechtsf\u00e4hige Gesellschaft<\/strong> und kann selbst Tr\u00e4gerin von Rechten und Pflichten sein. F\u00fcr die Errichtung ist ein von allen Gesellschaftern abgeschlossener (grunds\u00e4tzlich formfreier) <strong>Gesellschaftsvertrag<\/strong> erforderlich. Die <strong>Eintragung im Firmenbuch<\/strong> ist konstitutiv, dh die OG entsteht erst mit Firmenbucheintragung.[\/et_pb_text][\/et_pb_column][et_pb_column type=&#8220;1_2&#8243; _builder_version=&#8220;3.25&#8243; custom_padding=&#8220;|||&#8220; custom_padding__hover=&#8220;|||&#8220;][et_pb_text _builder_version=&#8220;3.27.4&#8243;]<em>\u00a7 105 UGB lautet:<\/em><\/p>\n<p><em>Eine offene Gesellschaft ist eine unter eigener Firma gef\u00fchrte Gesellschaft, bei der die Gesellschafter gesamthandschaftlich verbunden sind und bei keinem der Gesellschafter die Haftung gegen\u00fcber den Gesellschaftsgl\u00e4ubigern beschr\u00e4nkt ist. Die offene Gesellschaft ist rechtsf\u00e4hig. Sie kann jeden erlaubten Zweck einschlie\u00dflich freiberuflicher und land- und forstwirtschaftlicher T\u00e4tigkeit haben. Ihr geh\u00f6ren mindestens zwei Gesellschafter an.<\/em>[\/et_pb_text][\/et_pb_column][\/et_pb_row][et_pb_row _builder_version=&#8220;3.25&#8243;][et_pb_column type=&#8220;4_4&#8243; _builder_version=&#8220;3.25&#8243; custom_padding=&#8220;|||&#8220; custom_padding__hover=&#8220;|||&#8220;][et_pb_text _builder_version=&#8220;4.4.6&#8243; background_color=&#8220;#FFFFFF&#8220; custom_padding=&#8220;0px|||||&#8220;]<\/p>\n<p style=\"text-align: center;\"><strong><\/strong><\/p>\n<p style=\"text-align: center;\"><strong>Wichtige Merkmale der OG im \u00dcberblick:<\/strong><\/p>\n<p style=\"text-align: center;\"><strong><\/strong><\/p>\n<ul>\n<li>Es sind <strong>mindestens zwei Gesellschafter<\/strong>\u00a0erforderlich. Eine Ein-Personen-OG ist daher nicht m\u00f6glich. Als Gesellschafter kommen sowohl nat\u00fcrliche als auch juristische Personen in Betracht.<\/li>\n<li><strong>Mindestkapital<\/strong>: Nicht erforderlich. Bareinlage ebenfalls nicht zwingend.<\/li>\n<li><strong>Haftung<\/strong>: Die Gesellschafter haften pers\u00f6nlich, unbeschr\u00e4nkt und solidarisch. Im Au\u00dfenverh\u00e4ltnis haften Gesellschafter einer OG zwingend und unbeschr\u00e4nkt, sofern nicht im Einzelnen eine Haftungsbeschr\u00e4nkung vereinbart wurde. Im Innenverh\u00e4ltnis k\u00f6nnen zwischen den Gesellschaftern jedoch abweichende Regelungen getroffen werden und zB die Haftung intern f\u00fcr einzelne Gesellschafter beschr\u00e4nkt oder ausgeschlossen werden.<\/li>\n<li>Die Gesellschafter nehmen die <strong>Gesch\u00e4ftsf\u00fchrung und Vertretung<\/strong> der Gesellschaft grunds\u00e4tzlich selbst wahr. Jeder Gesellschafter kann die OG auch allein vertreten. F\u00fcr au\u00dfergew\u00f6hnliche Gesch\u00e4fte ist ein einstimmiger Beschluss der Gesellschafter erforderlich.<\/li>\n<li><strong style=\"font-size: inherit;\">Verteilung von Gewinnen und Verlusten<\/strong><span style=\"font-size: inherit;\">: Mangels abweichender Regelung ist jenen Gesellschaftern, die ihre Arbeitskraft zur Verf\u00fcgung stellen, ein angemessener betrag des Jahresgewinns auszuzahlen; \u00fcbersteigende Gewinne (und Verluste) sind entsprechend der Beteiligung zuzuweisen.<\/span><\/li>\n<\/ul>\n<p>[\/et_pb_text][\/et_pb_column][\/et_pb_row][\/et_pb_section]<\/p>\n","protected":false},"excerpt":{"rendered":"<p>OFFENE GESELLSCHAFT\u00a0(OG) Die OG z\u00e4hlt zu den eingetragenen Personengesellschaften und steht &#8211; zweckoffen &#8211; f\u00fcr jede erlaubte unternehmerische und nicht unternehmerische T\u00e4tigkeit zur Verf\u00fcgung. Sie ist eine rechtsf\u00e4hige Gesellschaft und kann selbst Tr\u00e4gerin von Rechten und Pflichten sein. F\u00fcr die Errichtung ist ein von allen Gesellschaftern abgeschlossener (grunds\u00e4tzlich formfreier) Gesellschaftsvertrag erforderlich. Die Eintragung im Firmenbuch [&hellip;]<\/p>\n","protected":false},"author":1,"featured_media":0,"parent":0,"menu_order":0,"comment_status":"closed","ping_status":"closed","template":"","meta":{"_et_pb_use_builder":"on","_et_pb_old_content":"","_et_gb_content_width":"","footnotes":""},"class_list":["post-3203","page","type-page","status-publish","hentry"],"aioseo_notices":[],"_links":{"self":[{"href":"https:\/\/media-law.at\/index.php?rest_route=\/wp\/v2\/pages\/3203","targetHints":{"allow":["GET"]}}],"collection":[{"href":"https:\/\/media-law.at\/index.php?rest_route=\/wp\/v2\/pages"}],"about":[{"href":"https:\/\/media-law.at\/index.php?rest_route=\/wp\/v2\/types\/page"}],"author":[{"embeddable":true,"href":"https:\/\/media-law.at\/index.php?rest_route=\/wp\/v2\/users\/1"}],"replies":[{"embeddable":true,"href":"https:\/\/media-law.at\/index.php?rest_route=%2Fwp%2Fv2%2Fcomments&post=3203"}],"version-history":[{"count":10,"href":"https:\/\/media-law.at\/index.php?rest_route=\/wp\/v2\/pages\/3203\/revisions"}],"predecessor-version":[{"id":4021,"href":"https:\/\/media-law.at\/index.php?rest_route=\/wp\/v2\/pages\/3203\/revisions\/4021"}],"wp:attachment":[{"href":"https:\/\/media-law.at\/index.php?rest_route=%2Fwp%2Fv2%2Fmedia&parent=3203"}],"curies":[{"name":"wp","href":"https:\/\/api.w.org\/{rel}","templated":true}]}}