{"id":3199,"date":"2020-02-17T10:37:31","date_gmt":"2020-02-17T10:37:31","guid":{"rendered":"http:\/\/media-law.at\/?page_id=3199"},"modified":"2021-04-02T09:38:41","modified_gmt":"2021-04-02T09:38:41","slug":"gesbr","status":"publish","type":"page","link":"https:\/\/media-law.at\/?page_id=3199","title":{"rendered":"GesbR"},"content":{"rendered":"<p>[et_pb_section fb_built=&#8220;1&#8243; _builder_version=&#8220;4.4.6&#8243; background_color=&#8220;#FFFFFF&#8220; hover_enabled=&#8220;0&#8243;][et_pb_row _builder_version=&#8220;3.25&#8243;][et_pb_column type=&#8220;4_4&#8243; _builder_version=&#8220;3.25&#8243; custom_padding=&#8220;|||&#8220; custom_padding__hover=&#8220;|||&#8220;][et_pb_text _builder_version=&#8220;4.4.6&#8243; background_color=&#8220;#FFFFFF&#8220;]<\/p>\n<p style=\"text-align: center;\"><strong><\/strong><\/p>\n<p style=\"text-align: center;\"><strong>GESELLSCHAFT B\u00dcRGERLICHEN RECHTS\u00a0<\/strong><strong>(GesbR)<\/strong><\/p>\n<p style=\"text-align: center;\"><strong><\/strong><\/p>\n<p>[\/et_pb_text][\/et_pb_column][\/et_pb_row][et_pb_row column_structure=&#8220;1_2,1_2&#8243; _builder_version=&#8220;3.25&#8243;][et_pb_column type=&#8220;1_2&#8243; _builder_version=&#8220;3.25&#8243; custom_padding=&#8220;|||&#8220; custom_padding__hover=&#8220;|||&#8220;][et_pb_text _builder_version=&#8220;3.27.4&#8243;]<\/p>\n<p>Die GesbR ist eine <strong>Personengesellschaft<\/strong>. Diese Gesellschaftsform ist eine vor allem von Kleinunternehmern h\u00e4ufig gew\u00e4hlte Rechtsform. Sie kann f\u00fcr jeden erlaubten Zweck gegr\u00fcndet werden. Eine GesbR hat jedoch <strong>keine eigene Rechtspers\u00f6nlichkeit<\/strong> und kann daher weder selbst Rechtsgesch\u00e4fte schlie\u00dfen noch eigenes Verm\u00f6gen besitzen. Eine GesbR wird daher nicht ins Firmenbuch eingetragen. Die Gesellschafter sind selbst Tr\u00e4ger von Rechten und Pflichten und daher auch Vertragspartner. Eine GesbR ist <strong>nicht parteif\u00e4hig<\/strong> und kann daher auch nicht klagen oder verklagt werden; sie ist auch nicht insolvenzf\u00e4hig.<\/p>\n<p>Die <strong>Gr\u00fcndung<\/strong> einer GesbR unterliegt <strong>keinem Formzwang<\/strong>, dh der Gesellschaftsvertrag kann schriftlich, aber auch m\u00fcndlich oder stillschweigend durch schl\u00fcssiges Verhalten abgeschlossen werden. In der Praxis ist ein schriftlicher Vertrag jedoch immer ratsam. So k\u00f6nnen detaillierte Regelungen \u00fcber Art und Umfang der T\u00e4tigkeiten der Gesellschafter und auch die Organisation der Gesellschaft vereinbart werden.<\/p>\n<p>[\/et_pb_text][\/et_pb_column][et_pb_column type=&#8220;1_2&#8243; _builder_version=&#8220;3.25&#8243; custom_padding=&#8220;|||&#8220; custom_padding__hover=&#8220;|||&#8220;][et_pb_text _builder_version=&#8220;3.27.4&#8243;]<\/p>\n<p><em>\u00a7 1175 ABGB lautet:<\/em><\/p>\n<p><em>(1) Schlie\u00dfen sich zwei oder mehrere Personen durch einen Vertrag zusammen, um durch eine bestimmte T\u00e4tigkeit einen gemeinsamen Zweck zu verfolgen, so bilden sie eine Gesellschaft. Sofern sie keine andere Gesellschaftsform w\u00e4hlen, bilden sie eine Gesellschaft b\u00fcrgerlichen Rechts im Sinn dieses Hauptst\u00fccks.<\/em><\/p>\n<p><em>(2) Die Gesellschaft b\u00fcrgerlichen Rechts ist nicht rechtsf\u00e4hig.<\/em><\/p>\n<p><em>(3) Sie kann jeden erlaubten Zweck verfolgen und jede erlaubte T\u00e4tigkeit zum Gegenstand haben.<\/em><\/p>\n<p><em>(4) Die Bestimmungen dieses Hauptst\u00fccks sind auch auf andere Gesellschaften anzuwenden, soweit f\u00fcr diese keine besonderen Vorschriften bestehen und die Anwendung dieser Bestimmungen auch unter Ber\u00fccksichtigung der f\u00fcr die jeweilige Gesellschaft geltenden Grunds\u00e4tze angemessen ist.<\/em><\/p>\n<p>[\/et_pb_text][\/et_pb_column][\/et_pb_row][et_pb_row _builder_version=&#8220;3.25&#8243;][et_pb_column type=&#8220;4_4&#8243; _builder_version=&#8220;3.25&#8243; custom_padding=&#8220;|||&#8220; custom_padding__hover=&#8220;|||&#8220;][et_pb_text _builder_version=&#8220;4.4.6&#8243; background_color=&#8220;#FFFFFF&#8220;]<\/p>\n<p style=\"text-align: center;\"><strong><\/strong><\/p>\n<p style=\"text-align: center;\"><strong>Wichtige Merkmale der GesbR im \u00dcberblick:<\/strong><\/p>\n<p><strong><\/strong><\/p>\n<ul>\n<li><strong>Mindestkapital<\/strong>: Nicht erforderlich. Eine Einlage ist ebenfalls nicht zwingend.<\/li>\n<li><strong>Haftung<\/strong>: Die Gesellschafter haften unbeschr\u00e4nkt, unbeschr\u00e4nkbar, pers\u00f6nlich und in der Regel solidarisch.<\/li>\n<li><strong>Gesch\u00e4ftsf\u00fchrung<\/strong>: Alle Gesellschafter sind zur Gesch\u00e4ftsf\u00fchrung berechtigt und verpflichtet. Im Gesellschaftsvertrag kann ein gesch\u00e4ftsf\u00fchrender Gesellschafter bestellt werden.<\/li>\n<li>Die <strong>Vertretungsbefugnis<\/strong> nach au\u00dfen deckt sich im Zweifel mit der Geschaftsf\u00fchrungsbefugnis.<\/li>\n<li><strong>Verteilung von Gewinnen und Verlusten<\/strong>: Mangels abweichender Regelung im Verh\u00e4ltnis der Kapitalanteile, wenn alle Gesellschafter in gleichem Ausma\u00df zur Mitwirkung verpflichtet sind. Ungleiche (Arbeits-)Leistungen der Gesellschafter sind jedoch zu ber\u00fccksichtigen.<\/li>\n<\/ul>\n<p>[\/et_pb_text][\/et_pb_column][\/et_pb_row][\/et_pb_section]<\/p>\n","protected":false},"excerpt":{"rendered":"<p>GESELLSCHAFT B\u00dcRGERLICHEN RECHTS\u00a0(GesbR) Die GesbR ist eine Personengesellschaft. Diese Gesellschaftsform ist eine vor allem von Kleinunternehmern h\u00e4ufig gew\u00e4hlte Rechtsform. Sie kann f\u00fcr jeden erlaubten Zweck gegr\u00fcndet werden. Eine GesbR hat jedoch keine eigene Rechtspers\u00f6nlichkeit und kann daher weder selbst Rechtsgesch\u00e4fte schlie\u00dfen noch eigenes Verm\u00f6gen besitzen. Eine GesbR wird daher nicht ins Firmenbuch eingetragen. Die Gesellschafter [&hellip;]<\/p>\n","protected":false},"author":1,"featured_media":0,"parent":0,"menu_order":0,"comment_status":"closed","ping_status":"closed","template":"","meta":{"_et_pb_use_builder":"on","_et_pb_old_content":"","_et_gb_content_width":"","footnotes":""},"class_list":["post-3199","page","type-page","status-publish","hentry"],"aioseo_notices":[],"_links":{"self":[{"href":"https:\/\/media-law.at\/index.php?rest_route=\/wp\/v2\/pages\/3199","targetHints":{"allow":["GET"]}}],"collection":[{"href":"https:\/\/media-law.at\/index.php?rest_route=\/wp\/v2\/pages"}],"about":[{"href":"https:\/\/media-law.at\/index.php?rest_route=\/wp\/v2\/types\/page"}],"author":[{"embeddable":true,"href":"https:\/\/media-law.at\/index.php?rest_route=\/wp\/v2\/users\/1"}],"replies":[{"embeddable":true,"href":"https:\/\/media-law.at\/index.php?rest_route=%2Fwp%2Fv2%2Fcomments&post=3199"}],"version-history":[{"count":6,"href":"https:\/\/media-law.at\/index.php?rest_route=\/wp\/v2\/pages\/3199\/revisions"}],"predecessor-version":[{"id":4020,"href":"https:\/\/media-law.at\/index.php?rest_route=\/wp\/v2\/pages\/3199\/revisions\/4020"}],"wp:attachment":[{"href":"https:\/\/media-law.at\/index.php?rest_route=%2Fwp%2Fv2%2Fmedia&parent=3199"}],"curies":[{"name":"wp","href":"https:\/\/api.w.org\/{rel}","templated":true}]}}