{"id":26,"date":"2014-01-18T17:03:18","date_gmt":"2014-01-18T17:03:18","guid":{"rendered":"http:\/\/media-law.at\/?page_id=26"},"modified":"2025-07-03T12:21:32","modified_gmt":"2025-07-03T12:21:32","slug":"fachgebiete","status":"publish","type":"page","link":"https:\/\/media-law.at\/?page_id=26","title":{"rendered":"BERATUNGSFELDER"},"content":{"rendered":"<p>[et_pb_section fb_built=&#8220;1&#8243; inner_shadow=&#8220;on&#8220; _builder_version=&#8220;4.16&#8243; background_color=&#8220;#ffffff&#8220; parallax=&#8220;on&#8220; global_colors_info=&#8220;{}&#8220;][et_pb_row _builder_version=&#8220;4.16&#8243; background_size=&#8220;initial&#8220; background_position=&#8220;top_left&#8220; background_repeat=&#8220;repeat&#8220; global_colors_info=&#8220;{}&#8220;][et_pb_column type=&#8220;4_4&#8243; _builder_version=&#8220;4.16&#8243; custom_padding=&#8220;|||&#8220; global_colors_info=&#8220;{}&#8220; custom_padding__hover=&#8220;|||&#8220;][et_pb_text admin_label=&#8220;Text&#8220; _builder_version=&#8220;4.16&#8243; background_size=&#8220;initial&#8220; background_position=&#8220;top_left&#8220; background_repeat=&#8220;repeat&#8220; text_orientation=&#8220;center&#8220; module_alignment=&#8220;center&#8220; global_colors_info=&#8220;{}&#8220;]<\/p>\n<h2>Beratungsfelder<\/h2>\n<p>[\/et_pb_text][\/et_pb_column][\/et_pb_row][et_pb_row column_structure=&#8220;1_2,1_2&#8243; _builder_version=&#8220;4.16&#8243; background_size=&#8220;initial&#8220; background_position=&#8220;top_left&#8220; background_repeat=&#8220;repeat&#8220; global_colors_info=&#8220;{}&#8220;][et_pb_column type=&#8220;1_2&#8243; _builder_version=&#8220;4.16&#8243; custom_padding=&#8220;|||&#8220; global_colors_info=&#8220;{}&#8220; custom_padding__hover=&#8220;|||&#8220;][et_pb_toggle title=&#8220;Markenrecht, Designrecht und Urheberrecht&#8220; admin_label=&#8220;IP&#8220; _builder_version=&#8220;4.27.0&#8243; background_size=&#8220;initial&#8220; background_position=&#8220;top_left&#8220; background_repeat=&#8220;repeat&#8220; hover_enabled=&#8220;0&#8243; global_colors_info=&#8220;{}&#8220; sticky_enabled=&#8220;0&#8243;]<\/p>\n<ul>\n<li><a title=\"Intellectual Property\" href=\"https:\/\/media-law.at\/?page_id=124\">Markenrecht<\/a><\/li>\n<li><a title=\"Urheberrecht\" href=\"https:\/\/media-law.at\/?page_id=136\">Urheberrecht<\/a><\/li>\n<li><a title=\"Intellectual Property\" href=\"https:\/\/media-law.at\/?page_id=124\">Geschmacksmusterrecht (Designschutz)<\/a><\/li>\n<li><a title=\"Intellectual Property\" href=\"https:\/\/media-law.at\/?page_id=124\">Patent- und Gebrauchsmusterrecht (Erfindungsschutz)<\/a><\/li>\n<li><a title=\"Produktpiraterie\" href=\"https:\/\/media-law.at\/?page_id=1130\">Produktpiraterie, Produktf\u00e4lschungen<\/a><\/li>\n<li><a title=\"Verlagsrecht\" href=\"https:\/\/media-law.at\/?page_id=151\">Verlagsrecht<\/a><\/li>\n<li><a title=\"K\u00fcnstler- und Kulturrecht\" href=\"https:\/\/media-law.at\/?page_id=144\">K\u00fcnstler- und Kulturrecht<\/a><\/li>\n<li><a title=\"Vertragsgestaltung\" href=\"https:\/\/media-law.at\/?page_id=173\">Vertragsgestaltung<\/a> in den genannten Bereichen<a title=\"Vertragsgestaltung\" href=\"https:\/\/media-law.at\/?page_id=173\"><br \/><\/a><\/li>\n<\/ul>\n<p>[\/et_pb_toggle][et_pb_toggle title=&#8220;Medienrecht und Pers\u00f6nlichkeitsrechte&#8220; admin_label=&#8220;Medien&#8220; _builder_version=&#8220;4.16&#8243; background_size=&#8220;initial&#8220; background_position=&#8220;top_left&#8220; background_repeat=&#8220;repeat&#8220; global_colors_info=&#8220;{}&#8220;]<\/p>\n<ul>\n<li><a title=\"Medienrecht\" href=\"https:\/\/media-law.at\/?page_id=147\">Medienrecht \/ Presserecht<\/a><\/li>\n<li><a title=\"Pers\u00f6nlichkeitsrechte\" href=\"https:\/\/media-law.at\/?page_id=154\">Pers\u00f6nlichkeitsrechte<\/a><\/li>\n<li><a title=\"Pers\u00f6nlichkeitsrechte\" href=\"https:\/\/media-law.at\/?page_id=154\">Bildnisschutz \/ Recht am eigenen Bild<\/a><\/li>\n<\/ul>\n<p>[\/et_pb_toggle][et_pb_toggle title=&#8220;Zivilrecht&#8220; admin_label=&#8220;Zivil&#8220; _builder_version=&#8220;4.16&#8243; background_size=&#8220;initial&#8220; background_position=&#8220;top_left&#8220; background_repeat=&#8220;repeat&#8220; global_colors_info=&#8220;{}&#8220;]<\/p>\n<ul>\n<li><a title=\"Zivilrecht\" href=\"https:\/\/media-law.at\/?page_id=185\">Allgemeines Zivilrecht und\u00a0Prozessf\u00fchrung<\/a><\/li>\n<li>Vertragsrecht, Vertragsgestaltung<\/li>\n<li><a title=\"Schadenersatzrecht\" href=\"https:\/\/media-law.at\/?page_id=990\">Schadenersatzrecht<\/a><\/li>\n<li><a title=\"Gew\u00e4hrleistungsrecht\" href=\"https:\/\/media-law.at\/?page_id=1003\">Gew\u00e4hrleistungsrecht<\/a><\/li>\n<li><a title=\"K\u00fcnstler- und Kulturrecht\" href=\"https:\/\/media-law.at\/?page_id=144\">K\u00fcnstler- und Kulturrecht<\/a><\/li>\n<li><a title=\"Verlagsrecht\" href=\"https:\/\/media-law.at\/?page_id=151\">Verlagsrecht<\/a><\/li>\n<li><a title=\"Produkthaftungsrecht\" href=\"https:\/\/media-law.at\/?page_id=897\">Produkthaftungsrecht<\/a><\/li>\n<li><a title=\"Erbrecht\" href=\"https:\/\/media-law.at\/?page_id=906\">Erbrecht<\/a><\/li>\n<li>Vertriebsrecht<\/li>\n<li>Handelsvertreterrecht<\/li>\n<li>Nachbarrecht<\/li>\n<li>Liegenschaftsrecht<\/li>\n<li>uvm.<\/li>\n<\/ul>\n<p>[\/et_pb_toggle][et_pb_toggle title=&#8220;Unternehmens- und Wirtschaftsrecht&#8220; admin_label=&#8220;UGB&#8220; _builder_version=&#8220;4.16&#8243; background_size=&#8220;initial&#8220; background_position=&#8220;top_left&#8220; background_repeat=&#8220;repeat&#8220; global_colors_info=&#8220;{}&#8220;]<\/p>\n<p>Die Kanzlei steht <strong>in st\u00e4ndiger Kooperation <\/strong>mit Rechtsanw\u00e4lten die Folgendes anbieten:<\/p>\n<ul>\n<li>Gesellschaftsrecht und Gesellschaftsgr\u00fcndungen:<\/li>\n<\/ul>\n<p style=\"padding-left: 30px;\"><a href=\"https:\/\/media-law.at\/?page_id=3211\">Gesellschaft mit beschr\u00e4nkter Haftung (GmbH)<\/a><\/p>\n<p style=\"padding-left: 30px;\"><a href=\"https:\/\/media-law.at\/?page_id=3199\">Gesellschaft b\u00fcrgerlichen Rechts (GesbR)<\/a><\/p>\n<p style=\"padding-left: 30px;\"><a href=\"https:\/\/media-law.at\/?page_id=3203\">Offene Gesellschaft (OG)<\/a><\/p>\n<p style=\"padding-left: 30px;\"><a href=\"https:\/\/media-law.at\/?page_id=3207\">Kommanditgesellschaft (KG)<\/a><\/p>\n<p>&nbsp;<\/p>\n<ul>\n<li>Beratung und Vertretung in zahlreichen Gebieten des Unternehmens- und Wirtschaftsrechts<\/li>\n<\/ul>\n<p>[\/et_pb_toggle][\/et_pb_column][et_pb_column type=&#8220;1_2&#8243; _builder_version=&#8220;4.16&#8243; custom_padding=&#8220;|||&#8220; global_colors_info=&#8220;{}&#8220; custom_padding__hover=&#8220;|||&#8220;][et_pb_toggle title=&#8220;IT-Recht und Internetrecht&#8220; admin_label=&#8220;IT&#8220; _builder_version=&#8220;4.16&#8243; background_size=&#8220;initial&#8220; background_position=&#8220;top_left&#8220; background_repeat=&#8220;repeat&#8220; global_colors_info=&#8220;{}&#8220;]<\/p>\n<ul>\n<li><a title=\"IT-Recht\" href=\"https:\/\/media-law.at\/?page_id=158\">IT-Recht<\/a><\/li>\n<li><a title=\"Domainrecht\" href=\"https:\/\/media-law.at\/?page_id=1030\">Domainrecht<\/a><\/li>\n<li><a href=\"https:\/\/media-law.at\/?page_id=4341\">Internetrecht \/ Social Media<\/a><\/li>\n<li><a title=\"E-Commerce-Recht\" href=\"https:\/\/media-law.at\/?page_id=1026\">E-Commerce-Recht<\/a><\/li>\n<li>Telekommunikationsrecht<\/li>\n<li>Datenschutzrecht<\/li>\n<li><a title=\"IT-Recht\" href=\"https:\/\/media-law.at\/?page_id=158\">Vertragsgestaltung<\/a> in den genannten Bereichen<\/li>\n<\/ul>\n<p>[\/et_pb_toggle][et_pb_toggle title=&#8220;Lauterkeitsrecht (UWG) und Werberecht&#8220; admin_label=&#8220;UWG&#8220; _builder_version=&#8220;4.16&#8243; background_size=&#8220;initial&#8220; background_position=&#8220;top_left&#8220; background_repeat=&#8220;repeat&#8220; global_colors_info=&#8220;{}&#8220;]<\/p>\n<ul>\n<li><a title=\"Unlauterer Wettbewerb (UWG)\" href=\"https:\/\/media-law.at\/?page_id=127\">Unlauterer Wettbewerb (UWG)<\/a><\/li>\n<li><a title=\"Werberecht\" href=\"https:\/\/media-law.at\/?page_id=133\">Werberecht<\/a><\/li>\n<li><a title=\"Werberecht\" href=\"https:\/\/media-law.at\/?page_id=133\">Werbeverbote<\/a><\/li>\n<li><a title=\"Werberecht\" href=\"https:\/\/media-law.at\/?page_id=133\">Werbebeschr\u00e4nkungen<\/a><\/li>\n<\/ul>\n<p>[\/et_pb_toggle][et_pb_toggle title=&#8220;Lebensmittel-, Kosmetik- und Arzneimittelrecht&#8220; admin_label=&#8220;Pharma&#8220; _builder_version=&#8220;4.16&#8243; background_size=&#8220;initial&#8220; background_position=&#8220;top_left&#8220; background_repeat=&#8220;repeat&#8220; global_colors_info=&#8220;{}&#8220;]<\/p>\n<ul>\n<li><a title=\"Pharmarecht\" href=\"https:\/\/media-law.at\/?page_id=162\">Pharma-\/Arzneimittelrecht<\/a><\/li>\n<li><a title=\"Lebensmittelrecht\" href=\"https:\/\/media-law.at\/?page_id=165\">Lebensmittelrecht<\/a><\/li>\n<li><a title=\"Kosmetikrecht\" href=\"https:\/\/media-law.at\/?page_id=170\">Kosmetikrecht<\/a><\/li>\n<\/ul>\n<p>[\/et_pb_toggle][et_pb_toggle title=&#8220;Strafrecht&#8220; admin_label=&#8220;StGB&#8220; _builder_version=&#8220;4.16&#8243; background_size=&#8220;initial&#8220; background_position=&#8220;top_left&#8220; background_repeat=&#8220;repeat&#8220; global_colors_info=&#8220;{}&#8220;]<\/p>\n<ul>\n<li>Strafverteidigung vor allen Strafgerichten<\/li>\n<li><a title=\"Medienrecht\" href=\"https:\/\/media-law.at\/?page_id=147\">Medien(straf)recht <\/a>\u00a0\/ Strafbare Handlungen gegen die Ehre<\/li>\n<li>Opferschutz \/ Privatbeteiligtenvertretung<\/li>\n<li>Wirtschaftsstrafrecht<\/li>\n<\/ul>\n<p>[\/et_pb_toggle][\/et_pb_column][\/et_pb_row][\/et_pb_section]<\/p>\n","protected":false},"excerpt":{"rendered":"<p>Beratungsfelder Markenrecht Urheberrecht Geschmacksmusterrecht (Designschutz) Patent- und Gebrauchsmusterrecht (Erfindungsschutz) Produktpiraterie, Produktf\u00e4lschungen Verlagsrecht K\u00fcnstler- und Kulturrecht Vertragsgestaltung in den genannten Bereichen Medienrecht \/ Presserecht Pers\u00f6nlichkeitsrechte Bildnisschutz \/ Recht am eigenen Bild Allgemeines Zivilrecht und\u00a0Prozessf\u00fchrung Vertragsrecht, Vertragsgestaltung Schadenersatzrecht Gew\u00e4hrleistungsrecht K\u00fcnstler- und Kulturrecht Verlagsrecht Produkthaftungsrecht Erbrecht Vertriebsrecht Handelsvertreterrecht Nachbarrecht Liegenschaftsrecht uvm. Die Kanzlei steht in st\u00e4ndiger Kooperation mit [&hellip;]<\/p>\n","protected":false},"author":1,"featured_media":0,"parent":0,"menu_order":0,"comment_status":"open","ping_status":"closed","template":"","meta":{"_et_pb_use_builder":"on","_et_pb_old_content":"","_et_gb_content_width":"","footnotes":""},"class_list":["post-26","page","type-page","status-publish","hentry"],"aioseo_notices":[],"_links":{"self":[{"href":"https:\/\/media-law.at\/index.php?rest_route=\/wp\/v2\/pages\/26","targetHints":{"allow":["GET"]}}],"collection":[{"href":"https:\/\/media-law.at\/index.php?rest_route=\/wp\/v2\/pages"}],"about":[{"href":"https:\/\/media-law.at\/index.php?rest_route=\/wp\/v2\/types\/page"}],"author":[{"embeddable":true,"href":"https:\/\/media-law.at\/index.php?rest_route=\/wp\/v2\/users\/1"}],"replies":[{"embeddable":true,"href":"https:\/\/media-law.at\/index.php?rest_route=%2Fwp%2Fv2%2Fcomments&post=26"}],"version-history":[{"count":78,"href":"https:\/\/media-law.at\/index.php?rest_route=\/wp\/v2\/pages\/26\/revisions"}],"predecessor-version":[{"id":7853,"href":"https:\/\/media-law.at\/index.php?rest_route=\/wp\/v2\/pages\/26\/revisions\/7853"}],"wp:attachment":[{"href":"https:\/\/media-law.at\/index.php?rest_route=%2Fwp%2Fv2%2Fmedia&parent=26"}],"curies":[{"name":"wp","href":"https:\/\/api.w.org\/{rel}","templated":true}]}}