{"id":173,"date":"2014-01-18T23:29:26","date_gmt":"2014-01-18T23:29:26","guid":{"rendered":"http:\/\/media-law.at\/?page_id=173"},"modified":"2021-05-27T15:17:51","modified_gmt":"2021-05-27T15:17:51","slug":"vertragsgestaltung","status":"publish","type":"page","link":"https:\/\/media-law.at\/?page_id=173","title":{"rendered":"Vertragsgestaltung"},"content":{"rendered":"<p>[et_pb_section fb_built=&#8220;1&#8243; _builder_version=&#8220;4.4.6&#8243; background_color=&#8220;#FFFFFF&#8220;][et_pb_row _builder_version=&#8220;3.25&#8243; background_size=&#8220;initial&#8220; background_position=&#8220;top_left&#8220; background_repeat=&#8220;repeat&#8220;][et_pb_column type=&#8220;4_4&#8243; _builder_version=&#8220;3.25&#8243; custom_padding=&#8220;|||&#8220; custom_padding__hover=&#8220;|||&#8220;][et_pb_cta title=&#8220;Vertragsgestaltung&#8220; admin_label=&#8220;Call To Action&#8220; _builder_version=&#8220;4.4.6&#8243; header_text_align=&#8220;center&#8220; background_color=&#8220;#fff67f&#8220; background_size=&#8220;initial&#8220; background_position=&#8220;top_left&#8220; background_repeat=&#8220;repeat&#8220; text_orientation=&#8220;left&#8220; background_layout=&#8220;light&#8220; hover_enabled=&#8220;0&#8243; button_text_size__hover_enabled=&#8220;off&#8220; button_one_text_size__hover_enabled=&#8220;off&#8220; button_two_text_size__hover_enabled=&#8220;off&#8220; button_text_color__hover_enabled=&#8220;off&#8220; button_one_text_color__hover_enabled=&#8220;off&#8220; button_two_text_color__hover_enabled=&#8220;off&#8220; button_border_width__hover_enabled=&#8220;off&#8220; button_one_border_width__hover_enabled=&#8220;off&#8220; button_two_border_width__hover_enabled=&#8220;off&#8220; button_border_color__hover_enabled=&#8220;off&#8220; button_one_border_color__hover_enabled=&#8220;off&#8220; button_two_border_color__hover_enabled=&#8220;off&#8220; button_border_radius__hover_enabled=&#8220;off&#8220; button_one_border_radius__hover_enabled=&#8220;off&#8220; button_two_border_radius__hover_enabled=&#8220;off&#8220; button_letter_spacing__hover_enabled=&#8220;off&#8220; button_one_letter_spacing__hover_enabled=&#8220;off&#8220; button_two_letter_spacing__hover_enabled=&#8220;off&#8220; button_bg_color__hover_enabled=&#8220;off&#8220; button_one_bg_color__hover_enabled=&#8220;off&#8220; button_two_bg_color__hover_enabled=&#8220;off&#8220;]<\/p>\n<p>&nbsp;<\/p>\n<p>Im Bereich Intellectual Property und IT-Recht erstellt die Kanzlei eine Vielzahl von verschiedenen Vertr\u00e4gen, angepasst an die Bed\u00fcrfnisse der Mandanten.<\/p>\n<p>Dazu z\u00e4hlen insbesondere:<\/p>\n<ul>\n<li>Vertr\u00e4ge zur Sicherung, Verwaltung und Verwertung von Immaterialg\u00fcterrechten<\/li>\n<li>Lizenzvertr\u00e4ge<\/li>\n<li>Know-How-Vertr\u00e4ge<\/li>\n<li>Merchandisingvertr\u00e4ge<\/li>\n<li>Managementvertr\u00e4ge<\/li>\n<li>Agenturvertr\u00e4ge<\/li>\n<li>Abgrenzungsvereinbarungen<\/li>\n<li>Exklusivit\u00e4tsvereinbarungen<\/li>\n<li>\u00dcbertragungsvertr\u00e4ge<\/li>\n<\/ul>\n<p>[\/et_pb_cta][\/et_pb_column][\/et_pb_row][\/et_pb_section]<\/p>\n","protected":false},"excerpt":{"rendered":"<p>&nbsp; Im Bereich Intellectual Property und IT-Recht erstellt die Kanzlei eine Vielzahl von verschiedenen Vertr\u00e4gen, angepasst an die Bed\u00fcrfnisse der Mandanten. Dazu z\u00e4hlen insbesondere: Vertr\u00e4ge zur Sicherung, Verwaltung und Verwertung von Immaterialg\u00fcterrechten Lizenzvertr\u00e4ge Know-How-Vertr\u00e4ge Merchandisingvertr\u00e4ge Managementvertr\u00e4ge Agenturvertr\u00e4ge Abgrenzungsvereinbarungen Exklusivit\u00e4tsvereinbarungen \u00dcbertragungsvertr\u00e4ge<\/p>\n","protected":false},"author":1,"featured_media":0,"parent":26,"menu_order":0,"comment_status":"open","ping_status":"open","template":"","meta":{"_et_pb_use_builder":"on","_et_pb_old_content":"","_et_gb_content_width":"","footnotes":""},"class_list":["post-173","page","type-page","status-publish","hentry"],"aioseo_notices":[],"_links":{"self":[{"href":"https:\/\/media-law.at\/index.php?rest_route=\/wp\/v2\/pages\/173","targetHints":{"allow":["GET"]}}],"collection":[{"href":"https:\/\/media-law.at\/index.php?rest_route=\/wp\/v2\/pages"}],"about":[{"href":"https:\/\/media-law.at\/index.php?rest_route=\/wp\/v2\/types\/page"}],"author":[{"embeddable":true,"href":"https:\/\/media-law.at\/index.php?rest_route=\/wp\/v2\/users\/1"}],"replies":[{"embeddable":true,"href":"https:\/\/media-law.at\/index.php?rest_route=%2Fwp%2Fv2%2Fcomments&post=173"}],"version-history":[{"count":5,"href":"https:\/\/media-law.at\/index.php?rest_route=\/wp\/v2\/pages\/173\/revisions"}],"predecessor-version":[{"id":4291,"href":"https:\/\/media-law.at\/index.php?rest_route=\/wp\/v2\/pages\/173\/revisions\/4291"}],"up":[{"embeddable":true,"href":"https:\/\/media-law.at\/index.php?rest_route=\/wp\/v2\/pages\/26"}],"wp:attachment":[{"href":"https:\/\/media-law.at\/index.php?rest_route=%2Fwp%2Fv2%2Fmedia&parent=173"}],"curies":[{"name":"wp","href":"https:\/\/api.w.org\/{rel}","templated":true}]}}