{"id":170,"date":"2014-01-18T23:27:26","date_gmt":"2014-01-18T23:27:26","guid":{"rendered":"http:\/\/media-law.at\/?page_id=170"},"modified":"2021-05-27T15:36:17","modified_gmt":"2021-05-27T15:36:17","slug":"kosmetikrecht","status":"publish","type":"page","link":"https:\/\/media-law.at\/?page_id=170","title":{"rendered":"Kosmetikrecht"},"content":{"rendered":"<p>[et_pb_section fb_built=&#8220;1&#8243; _builder_version=&#8220;4.4.6&#8243; background_color=&#8220;#FFFFFF&#8220;][et_pb_row _builder_version=&#8220;3.25&#8243; background_size=&#8220;initial&#8220; background_position=&#8220;top_left&#8220; background_repeat=&#8220;repeat&#8220;][et_pb_column type=&#8220;4_4&#8243; _builder_version=&#8220;3.25&#8243; custom_padding=&#8220;|||&#8220; custom_padding__hover=&#8220;|||&#8220;][et_pb_cta title=&#8220;Kosmetikrecht&#8220; admin_label=&#8220;Call To Action&#8220; _builder_version=&#8220;4.4.6&#8243; background_color=&#8220;#ffe8cc&#8220; background_size=&#8220;initial&#8220; background_position=&#8220;top_left&#8220; background_repeat=&#8220;repeat&#8220; text_orientation=&#8220;left&#8220; background_layout=&#8220;light&#8220; hover_enabled=&#8220;0&#8243; button_text_size__hover_enabled=&#8220;off&#8220; button_one_text_size__hover_enabled=&#8220;off&#8220; button_two_text_size__hover_enabled=&#8220;off&#8220; button_text_color__hover_enabled=&#8220;off&#8220; button_one_text_color__hover_enabled=&#8220;off&#8220; button_two_text_color__hover_enabled=&#8220;off&#8220; button_border_width__hover_enabled=&#8220;off&#8220; button_one_border_width__hover_enabled=&#8220;off&#8220; button_two_border_width__hover_enabled=&#8220;off&#8220; button_border_color__hover_enabled=&#8220;off&#8220; button_one_border_color__hover_enabled=&#8220;off&#8220; button_two_border_color__hover_enabled=&#8220;off&#8220; button_border_radius__hover_enabled=&#8220;off&#8220; button_one_border_radius__hover_enabled=&#8220;off&#8220; button_two_border_radius__hover_enabled=&#8220;off&#8220; button_letter_spacing__hover_enabled=&#8220;off&#8220; button_one_letter_spacing__hover_enabled=&#8220;off&#8220; button_two_letter_spacing__hover_enabled=&#8220;off&#8220; button_bg_color__hover_enabled=&#8220;off&#8220; button_one_bg_color__hover_enabled=&#8220;off&#8220; button_two_bg_color__hover_enabled=&#8220;off&#8220; header_text_align=&#8220;center&#8220;]<\/p>\n<p>&nbsp;<\/p>\n<p>Die Kosmetikverordnung (EG) Nr. 1223\/2009 wurde bereits am 22. Dezember 2009 im Amtsblatt der Europ\u00e4ischen Union ver\u00f6ffentlicht. Nach einer dreij\u00e4hrigen \u00dcbergangsfrist hat sie am 11. Juli 2013 die EG-Kosmetikrichtlinie und deren \u00f6sterreichische Umsetzungen abgel\u00f6st. Im Gegensatz zu EG-Richtlinien wirken EU-Verordnungen unmittelbar und ohne Umsetzungsakt der Mitgliedstaaten.<\/p>\n<p>Die Kanzlei ber\u00e4t Sie im Kosmetikrecht insbesondere zu folgenden Fragen:<\/p>\n<ul>\n<li>Abgrenzung von Arzneimitteln, Medizinprodukten und Bioziden<\/li>\n<li>Aufmachung, Kennzeichnung und Gebrauchsanweisung<\/li>\n<li>Verantwortliche Personen und ihre Pflichten<\/li>\n<li>Verbote und Einschr\u00e4nkungen bei der Verwendung bestimmter Stoffe (Farbstoffe, Konservierungsstoffe, UV-Filter; CMR-Stoffe, Nanomaterialien)<\/li>\n<li>Verbraucherinformationen, Kennzeichnungspflichten<\/li>\n<li>Bewerbung von Kosmetika<\/li>\n<\/ul>\n<p>[\/et_pb_cta][\/et_pb_column][\/et_pb_row][\/et_pb_section]<\/p>\n","protected":false},"excerpt":{"rendered":"<p>&nbsp; Die Kosmetikverordnung (EG) Nr. 1223\/2009 wurde bereits am 22. Dezember 2009 im Amtsblatt der Europ\u00e4ischen Union ver\u00f6ffentlicht. Nach einer dreij\u00e4hrigen \u00dcbergangsfrist hat sie am 11. Juli 2013 die EG-Kosmetikrichtlinie und deren \u00f6sterreichische Umsetzungen abgel\u00f6st. Im Gegensatz zu EG-Richtlinien wirken EU-Verordnungen unmittelbar und ohne Umsetzungsakt der Mitgliedstaaten. Die Kanzlei ber\u00e4t Sie im Kosmetikrecht insbesondere zu [&hellip;]<\/p>\n","protected":false},"author":1,"featured_media":0,"parent":26,"menu_order":0,"comment_status":"open","ping_status":"open","template":"","meta":{"_et_pb_use_builder":"on","_et_pb_old_content":"","_et_gb_content_width":"","footnotes":""},"class_list":["post-170","page","type-page","status-publish","hentry"],"aioseo_notices":[],"_links":{"self":[{"href":"https:\/\/media-law.at\/index.php?rest_route=\/wp\/v2\/pages\/170","targetHints":{"allow":["GET"]}}],"collection":[{"href":"https:\/\/media-law.at\/index.php?rest_route=\/wp\/v2\/pages"}],"about":[{"href":"https:\/\/media-law.at\/index.php?rest_route=\/wp\/v2\/types\/page"}],"author":[{"embeddable":true,"href":"https:\/\/media-law.at\/index.php?rest_route=\/wp\/v2\/users\/1"}],"replies":[{"embeddable":true,"href":"https:\/\/media-law.at\/index.php?rest_route=%2Fwp%2Fv2%2Fcomments&post=170"}],"version-history":[{"count":5,"href":"https:\/\/media-law.at\/index.php?rest_route=\/wp\/v2\/pages\/170\/revisions"}],"predecessor-version":[{"id":4310,"href":"https:\/\/media-law.at\/index.php?rest_route=\/wp\/v2\/pages\/170\/revisions\/4310"}],"up":[{"embeddable":true,"href":"https:\/\/media-law.at\/index.php?rest_route=\/wp\/v2\/pages\/26"}],"wp:attachment":[{"href":"https:\/\/media-law.at\/index.php?rest_route=%2Fwp%2Fv2%2Fmedia&parent=170"}],"curies":[{"name":"wp","href":"https:\/\/api.w.org\/{rel}","templated":true}]}}