{"id":144,"date":"2014-01-18T23:02:08","date_gmt":"2014-01-18T23:02:08","guid":{"rendered":"http:\/\/media-law.at\/?page_id=144"},"modified":"2021-07-05T09:08:59","modified_gmt":"2021-07-05T09:08:59","slug":"kuenstler-und-kulturrecht","status":"publish","type":"page","link":"https:\/\/media-law.at\/?page_id=144","title":{"rendered":"K\u00fcnstler- und Kulturrecht"},"content":{"rendered":"<p>[et_pb_section fb_built=&#8220;1&#8243; _builder_version=&#8220;4.4.6&#8243; background_color=&#8220;#FFFFFF&#8220;][et_pb_row _builder_version=&#8220;3.25&#8243; background_size=&#8220;initial&#8220; background_position=&#8220;top_left&#8220; background_repeat=&#8220;repeat&#8220;][et_pb_column type=&#8220;4_4&#8243; _builder_version=&#8220;3.25&#8243; custom_padding=&#8220;|||&#8220; custom_padding__hover=&#8220;|||&#8220;][et_pb_cta title=&#8220;K\u00fcnstler- und Kulturrecht&#8220; admin_label=&#8220;Call To Action&#8220; _builder_version=&#8220;4.4.6&#8243; header_text_align=&#8220;center&#8220; background_color=&#8220;#b1da8b&#8220; background_size=&#8220;initial&#8220; background_position=&#8220;top_left&#8220; background_repeat=&#8220;repeat&#8220; text_orientation=&#8220;left&#8220; background_layout=&#8220;light&#8220; hover_enabled=&#8220;0&#8243; button_text_size__hover_enabled=&#8220;off&#8220; button_one_text_size__hover_enabled=&#8220;off&#8220; button_two_text_size__hover_enabled=&#8220;off&#8220; button_text_color__hover_enabled=&#8220;off&#8220; button_one_text_color__hover_enabled=&#8220;off&#8220; button_two_text_color__hover_enabled=&#8220;off&#8220; button_border_width__hover_enabled=&#8220;off&#8220; button_one_border_width__hover_enabled=&#8220;off&#8220; button_two_border_width__hover_enabled=&#8220;off&#8220; button_border_color__hover_enabled=&#8220;off&#8220; button_one_border_color__hover_enabled=&#8220;off&#8220; button_two_border_color__hover_enabled=&#8220;off&#8220; button_border_radius__hover_enabled=&#8220;off&#8220; button_one_border_radius__hover_enabled=&#8220;off&#8220; button_two_border_radius__hover_enabled=&#8220;off&#8220; button_letter_spacing__hover_enabled=&#8220;off&#8220; button_one_letter_spacing__hover_enabled=&#8220;off&#8220; button_two_letter_spacing__hover_enabled=&#8220;off&#8220; button_bg_color__hover_enabled=&#8220;off&#8220; button_one_bg_color__hover_enabled=&#8220;off&#8220; button_two_bg_color__hover_enabled=&#8220;off&#8220;]<\/p>\n<p>&nbsp;<\/p>\n<p>Das Beratungsangebot der Kanzlei im K\u00fcnstler- und Kulturrecht richtet sich<\/p>\n<ul>\n<li>einerseits an Kunstschaffende wie zb S\u00e4nger, Maler, Fotografen, Filmschaffende, Musiker, Designer, Schauspieler und auch an Architekten,<\/li>\n<li>andererseits an Produktionsfirmen, Verlage, Galerien, Kunsth\u00e4ndler sowie Konzert- und Eventveranstalter.<\/li>\n<\/ul>\n<p>Das Beratungsspektrum im K\u00fcnstler- und Kulturrecht umfasst insbesondere urheberrechtliche und allgemeine zivilrechtliche Aspekte. Wir\u00a0sch\u00fctzen Ihre sch\u00f6pferische Leistung\u00a0vor unberechtigter Verwendung und Verbreitung und helfen Ihnen andererseits bei der kontrollierten und gewinnbringenden Verwertung\u00a0Ihres k\u00fcnstlerischen Schaffens.<\/p>\n<p>Daneben ergeben sich im Zuge von\u00a0Veranstaltungen\u00a0oftmals Probleme mit Leistungsst\u00f6rungen und unklaren Haftungsfragen. Sie erhalten schnelle Hilfe von der Kanzlei, wenn Sie mit unzuverl\u00e4ssigen Veranstaltungspartnern zu k\u00e4mpfen haben oder bereits Schadensf\u00e4lle eingetreten sind bzw k\u00f6nnen wir Ihr Risiko im Vorfeld durch klare vertragliche Vereinbarungen minimieren.<\/p>\n<p>Im Vorfeld von Veranstaltungen beraten wir auch \u00fcber bestehende Rahmenbedingungen oder auch die Vorgaben der Verwertungsgesellschaften, die einzuhalten sind.<\/p>\n<p>In puncto Vertragsgestaltung erstellen wir<\/p>\n<ul>\n<li>Agenturvertr\u00e4ge,<\/li>\n<li>K\u00fcnstlervertr\u00e4ge,<\/li>\n<li>Verlagsvertr\u00e4ge,<\/li>\n<li>Vertr\u00e4ge f\u00fcr die Verwertung Ihrer Musik-, Foto- und Filmrechte,<\/li>\n<li>Einr\u00e4umung von Nutzungsrechten (Lizenzen),<\/li>\n<li>Veranstaltungsvertr\u00e4ge,<\/li>\n<li>individuelle Vertr\u00e4ge nach Mandantenwunsch.<\/li>\n<\/ul>\n<p>&nbsp;<\/p>\n<p><a href=\"https:\/\/media-law.at\/wp-content\/uploads\/2021\/07\/iStock-1251262510.jpg\"><img loading=\"lazy\" decoding=\"async\" src=\"https:\/\/media-law.at\/wp-content\/uploads\/2021\/07\/iStock-1251262510-300x153.jpg\" width=\"300\" height=\"153\" alt=\"\" class=\"wp-image-4463 aligncenter size-medium\" \/><\/a><\/p>\n<p>[\/et_pb_cta][\/et_pb_column][\/et_pb_row][et_pb_row _builder_version=&#8220;4.4.6&#8243;][et_pb_column type=&#8220;4_4&#8243; _builder_version=&#8220;4.4.6&#8243;][et_pb_cta title=&#8220;Bitte beachten:&#8220; button_text=&#8220;Klicks&#8220; _builder_version=&#8220;4.4.6&#8243; background_color=&#8220;#E09900&#8243;]<\/p>\n<p style=\"text-align: justify;\">H\u00e4ufig rufen junge Musiker\/K\u00fcnstler in der Kanzlei an, die auf der Suche nach einer Art strategischen Beratung f\u00fcr ihre Karriere sind, also im Grunde nach einem <strong>Management oder einer K\u00fcnstlerberatung<\/strong> suchen. Bitte beachten Sie, dass die Kanzlei eine solche Beratung <strong>nicht<\/strong> erbringen kann. Es werden tats\u00e4chlich nur die auf der Website beschriebenen juristischen Dienstleistungen erbracht.<\/p>\n<p>[\/et_pb_cta][\/et_pb_column][\/et_pb_row][\/et_pb_section]<\/p>\n","protected":false},"excerpt":{"rendered":"<p>&nbsp; Das Beratungsangebot der Kanzlei im K\u00fcnstler- und Kulturrecht richtet sich einerseits an Kunstschaffende wie zb S\u00e4nger, Maler, Fotografen, Filmschaffende, Musiker, Designer, Schauspieler und auch an Architekten, andererseits an Produktionsfirmen, Verlage, Galerien, Kunsth\u00e4ndler sowie Konzert- und Eventveranstalter. Das Beratungsspektrum im K\u00fcnstler- und Kulturrecht umfasst insbesondere urheberrechtliche und allgemeine zivilrechtliche Aspekte. Wir\u00a0sch\u00fctzen Ihre sch\u00f6pferische Leistung\u00a0vor unberechtigter [&hellip;]<\/p>\n","protected":false},"author":1,"featured_media":0,"parent":26,"menu_order":0,"comment_status":"open","ping_status":"open","template":"","meta":{"_et_pb_use_builder":"on","_et_pb_old_content":"","_et_gb_content_width":"","footnotes":""},"class_list":["post-144","page","type-page","status-publish","hentry"],"aioseo_notices":[],"_links":{"self":[{"href":"https:\/\/media-law.at\/index.php?rest_route=\/wp\/v2\/pages\/144","targetHints":{"allow":["GET"]}}],"collection":[{"href":"https:\/\/media-law.at\/index.php?rest_route=\/wp\/v2\/pages"}],"about":[{"href":"https:\/\/media-law.at\/index.php?rest_route=\/wp\/v2\/types\/page"}],"author":[{"embeddable":true,"href":"https:\/\/media-law.at\/index.php?rest_route=\/wp\/v2\/users\/1"}],"replies":[{"embeddable":true,"href":"https:\/\/media-law.at\/index.php?rest_route=%2Fwp%2Fv2%2Fcomments&post=144"}],"version-history":[{"count":8,"href":"https:\/\/media-law.at\/index.php?rest_route=\/wp\/v2\/pages\/144\/revisions"}],"predecessor-version":[{"id":4479,"href":"https:\/\/media-law.at\/index.php?rest_route=\/wp\/v2\/pages\/144\/revisions\/4479"}],"up":[{"embeddable":true,"href":"https:\/\/media-law.at\/index.php?rest_route=\/wp\/v2\/pages\/26"}],"wp:attachment":[{"href":"https:\/\/media-law.at\/index.php?rest_route=%2Fwp%2Fv2%2Fmedia&parent=144"}],"curies":[{"name":"wp","href":"https:\/\/api.w.org\/{rel}","templated":true}]}}