{"id":127,"date":"2014-01-18T22:42:57","date_gmt":"2014-01-18T22:42:57","guid":{"rendered":"http:\/\/media-law.at\/?page_id=127"},"modified":"2021-07-13T16:06:00","modified_gmt":"2021-07-13T16:06:00","slug":"unlauterer-wettbewerb-uwg","status":"publish","type":"page","link":"https:\/\/media-law.at\/?page_id=127","title":{"rendered":"Unlauterer Wettbewerb (UWG)"},"content":{"rendered":"<p>[et_pb_section fb_built=&#8220;1&#8243; _builder_version=&#8220;4.4.6&#8243; background_color=&#8220;#FFFFFF&#8220;][et_pb_row _builder_version=&#8220;3.25&#8243; background_size=&#8220;initial&#8220; background_position=&#8220;top_left&#8220; background_repeat=&#8220;repeat&#8220;][et_pb_column type=&#8220;4_4&#8243; _builder_version=&#8220;3.25&#8243; custom_padding=&#8220;|||&#8220; custom_padding__hover=&#8220;|||&#8220;][et_pb_cta title=&#8220;Unlauterer Wettbewerb (UWG)&#8220; admin_label=&#8220;Call To Action&#8220; _builder_version=&#8220;4.4.6&#8243; header_text_align=&#8220;center&#8220; background_color=&#8220;#fff372&#8243; background_size=&#8220;initial&#8220; background_position=&#8220;top_left&#8220; background_repeat=&#8220;repeat&#8220; text_orientation=&#8220;left&#8220; background_layout=&#8220;light&#8220; hover_enabled=&#8220;0&#8243; button_text_size__hover_enabled=&#8220;off&#8220; button_one_text_size__hover_enabled=&#8220;off&#8220; button_two_text_size__hover_enabled=&#8220;off&#8220; button_text_color__hover_enabled=&#8220;off&#8220; button_one_text_color__hover_enabled=&#8220;off&#8220; button_two_text_color__hover_enabled=&#8220;off&#8220; button_border_width__hover_enabled=&#8220;off&#8220; button_one_border_width__hover_enabled=&#8220;off&#8220; button_two_border_width__hover_enabled=&#8220;off&#8220; button_border_color__hover_enabled=&#8220;off&#8220; button_one_border_color__hover_enabled=&#8220;off&#8220; button_two_border_color__hover_enabled=&#8220;off&#8220; button_border_radius__hover_enabled=&#8220;off&#8220; button_one_border_radius__hover_enabled=&#8220;off&#8220; button_two_border_radius__hover_enabled=&#8220;off&#8220; button_letter_spacing__hover_enabled=&#8220;off&#8220; button_one_letter_spacing__hover_enabled=&#8220;off&#8220; button_two_letter_spacing__hover_enabled=&#8220;off&#8220; button_bg_color__hover_enabled=&#8220;off&#8220; button_one_bg_color__hover_enabled=&#8220;off&#8220; button_two_bg_color__hover_enabled=&#8220;off&#8220;]<\/p>\n<p>&nbsp;<\/p>\n<p>Das UWG (Gesetz gegen den unlauteren Wettbewerb) wird auch &#8222;Lauterkeitsrecht&#8220; genannt und z\u00e4hlt zum Wettbewerbsrecht im engeren Sinne. Es regelt in erster Linie den\u00a0&#8222;exzessiven&#8220; (unlauteren) Wettbewerb zwischen den einzelnen Marktteilnehmern.\u00a0Wettbewerbliches Verhalten ist dann unlauter, wenn es gegen die Vorschriften des UWG und andere gesetzlichen Bestimmungen verst\u00f6\u00dft, die Mitbewerber, Verbraucher und andere Marktteilnehmer sch\u00fctzen sollen. Klagslegitimiert sind in erster Linie Mitbewerber und bestimmte Verb\u00e4nde.<\/p>\n<p>Das UWG bzw dessen Auslegung und Anwendung ist stark durch die h\u00f6chstgerichtliche Rechtsprechung in \u00d6sterreich und Europa gepr\u00e4gt, sodass sich\u00a0nahezu ein sogenanntes Fall- oder Richterrecht\u00a0(\u00e4hnlich dem &#8222;case law&#8220; im anglo-amerikanischen Rechtsraum) gebildet hat. Alleine durch einen Blick in den Gesetzestext oder Basisliteratur kann selten ein Fall abschlie\u00dfend gel\u00f6st werden. Daher ist es insbesondere in F\u00e4llen mit lauterkeitsrechtlichem Bezug ratsam, sich von einem Experten beraten zu lassen, die einen\u00a0umfassenden \u00dcberblick \u00fcber Rechtsprechung und Literaturmeinungen\u00a0haben. Im jeweiligen Einzelfall k\u00f6nnen schon Kleinigkeiten ausschlaggebend sein, die das Vorliegen einer unlauteren Gesch\u00e4ftspraktik begr\u00fcnden &#8211; oder eben vermeiden.<\/p>\n<p>Aktuelle Gerichtsentscheidungen zum Lauterkeitsrecht finden Sie <strong><a href=\"https:\/\/media-law.at\/?cat=4\">HIER<\/a> <\/strong>im Blog.<\/p>\n<p>&nbsp;<\/p>\n<p>[\/et_pb_cta][\/et_pb_column][\/et_pb_row][et_pb_row column_structure=&#8220;1_2,1_2&#8243; _builder_version=&#8220;4.4.6&#8243; background_size=&#8220;initial&#8220; background_position=&#8220;top_left&#8220; background_repeat=&#8220;repeat&#8220;][et_pb_column type=&#8220;1_2&#8243; _builder_version=&#8220;3.25&#8243; custom_padding=&#8220;|||&#8220; custom_padding__hover=&#8220;|||&#8220;][et_pb_cta title=&#8220;H\u00e4ufige Anwendungsbereiche&#8220; admin_label=&#8220;Call To Action&#8220; _builder_version=&#8220;4.4.6&#8243; header_text_align=&#8220;center&#8220; background_color=&#8220;#fff372&#8243; background_size=&#8220;initial&#8220; background_position=&#8220;top_left&#8220; background_repeat=&#8220;repeat&#8220; text_orientation=&#8220;left&#8220; background_layout=&#8220;light&#8220; button_text_size__hover_enabled=&#8220;off&#8220; button_one_text_size__hover_enabled=&#8220;off&#8220; button_two_text_size__hover_enabled=&#8220;off&#8220; button_text_color__hover_enabled=&#8220;off&#8220; button_one_text_color__hover_enabled=&#8220;off&#8220; button_two_text_color__hover_enabled=&#8220;off&#8220; button_border_width__hover_enabled=&#8220;off&#8220; button_one_border_width__hover_enabled=&#8220;off&#8220; button_two_border_width__hover_enabled=&#8220;off&#8220; button_border_color__hover_enabled=&#8220;off&#8220; button_one_border_color__hover_enabled=&#8220;off&#8220; button_two_border_color__hover_enabled=&#8220;off&#8220; button_border_radius__hover_enabled=&#8220;off&#8220; button_one_border_radius__hover_enabled=&#8220;off&#8220; button_two_border_radius__hover_enabled=&#8220;off&#8220; button_letter_spacing__hover_enabled=&#8220;off&#8220; button_one_letter_spacing__hover_enabled=&#8220;off&#8220; button_two_letter_spacing__hover_enabled=&#8220;off&#8220; button_bg_color__hover_enabled=&#8220;off&#8220; button_one_bg_color__hover_enabled=&#8220;off&#8220; button_two_bg_color__hover_enabled=&#8220;off&#8220;]<\/p>\n<p>&nbsp;<\/p>\n<ul>\n<li><strong>Irref\u00fchrende Gesch\u00e4ftspraktiken<\/strong>, wie beispielsweise Werbung mit Aktionspreisen, Preisgegen\u00fcberstellungen, &#8222;Statt-Preisen&#8220;, Bestpreisen; Spitzenstellungswerbung, Alleinstellungswerbung, Werbung mit Test- oder Umfrageergebnissen, Blickfangwerbung,\u00a0Lockangeboten, Mogelpackungen, Sponsoring, falsche oder unvollst\u00e4ndige Angaben, etc.<\/li>\n<\/ul>\n<ul>\n<li><strong>Aggressive Gesch\u00e4ftspraktiken<\/strong>, wie beispielsweise die Aus\u00fcbung physischen oder psychischen Kaufzwangs, N\u00f6tigung, Bel\u00e4stigung, Beeinflussung, Kaufappelle an Kinder oder Jugendliche, etc.<\/li>\n<\/ul>\n<ul>\n<li><strong>Vergleichende Werbung<\/strong><\/li>\n<\/ul>\n<ul>\n<li><strong>Behinderung\u00a0<\/strong>durch andere Marktteilnehmer<\/li>\n<\/ul>\n<ul>\n<li><strong>Ausbeutung\u00a0<\/strong>fremder Leistung durch Nachnahmen<\/li>\n<\/ul>\n<ul>\n<li><strong>Rechtsbruch<\/strong>:\u00a0Erlangung von Vorteilen durch \u00dcbertretung gesetzlicher oder vertraglicher Bestimmungen<\/li>\n<\/ul>\n<ul>\n<li><strong>Missbrauch von Unternehmenskennzeichen<\/strong>;\u00a0Imitationsmarketing, Verpackungsimitate<\/li>\n<\/ul>\n<ul>\n<li><strong>Herabsetzung<\/strong>\u00a0von Mitbewerbern<\/li>\n<\/ul>\n<ul>\n<li><strong>Verletzung von Gesch\u00e4fts- und Betriebsgeheimnissen<\/strong><\/li>\n<\/ul>\n<ul>\n<li><strong>Ank\u00fcndigungen von Ausverk\u00e4ufen<\/strong><\/li>\n<\/ul>\n<ul>\n<li><strong>Zugaben<\/strong><\/li>\n<\/ul>\n<ul>\n<li>Sonstige unlautere Gesch\u00e4ftspraktiken<\/li>\n<\/ul>\n<p>[\/et_pb_cta][\/et_pb_column][et_pb_column type=&#8220;1_2&#8243; _builder_version=&#8220;3.25&#8243; custom_padding=&#8220;|||&#8220; custom_padding__hover=&#8220;|||&#8220;][et_pb_image src=&#8220;https:\/\/media-law.at\/wp-content\/uploads\/2021\/07\/attracting-potential-customers-advertising-company-vector-id1205508772.jpg&#8220; title_text=&#8220;attracting-potential-customers-advertising-company-vector-id1205508772&#8243; align=&#8220;center&#8220; _builder_version=&#8220;4.4.6&#8243;][\/et_pb_image][\/et_pb_column][\/et_pb_row][et_pb_row _builder_version=&#8220;4.4.6&#8243;][et_pb_column type=&#8220;4_4&#8243; _builder_version=&#8220;4.4.6&#8243;][et_pb_cta _builder_version=&#8220;4.4.6&#8243; background_color=&#8220;#fff372&#8243; text_orientation=&#8220;left&#8220; background_layout=&#8220;light&#8220; hover_enabled=&#8220;0&#8243;]<\/p>\n<p>Das Beratungsspektrum der Kanzlei umfasst die rasche Pr\u00fcfung von kritischen Sachverhalten auf Verst\u00f6\u00dfe gegen das UWG, die Erstellung von <strong>Abmahnschreiben und Unterlassungsaufforderungen und der gerichtlichen Geltendmachung Ihrer Anspr\u00fcche<\/strong> (inkl Erwirkung von einstweiligen Verf\u00fcgungen) bzw der Abwehr von Anspr\u00fcchen die gegen Ihr Unternehmen gerichtet wurden.<\/p>\n<p>Die Kanzlei <strong>pr\u00fcft<\/strong> geplante Werbema\u00dfnahmen, Ank\u00fcndigungen, Gewinnspiele, Sonderangebote oder sonstige lauterkeitsrechtlich relevanten Gesch\u00e4ftspraktiken Ihres Unternehmens auch\u00a0vorab\u00a0um etwaige rechtliche Auseinandersetzungen von vornherein zu vermeiden.<\/p>\n<p><strong>F\u00fcr Anfragen und Terminvereinbarungen\u00a0<a title=\"KONTAKT\" href=\"https:\/\/media-law.at\/?page_id=56\">kontaktieren<\/a>\u00a0Sie bitte die Kanzlei.<\/strong><\/p>\n<p>[\/et_pb_cta][\/et_pb_column][\/et_pb_row][\/et_pb_section]<\/p>\n","protected":false},"excerpt":{"rendered":"<p>&nbsp; Das UWG (Gesetz gegen den unlauteren Wettbewerb) wird auch &#8222;Lauterkeitsrecht&#8220; genannt und z\u00e4hlt zum Wettbewerbsrecht im engeren Sinne. Es regelt in erster Linie den\u00a0&#8222;exzessiven&#8220; (unlauteren) Wettbewerb zwischen den einzelnen Marktteilnehmern.\u00a0Wettbewerbliches Verhalten ist dann unlauter, wenn es gegen die Vorschriften des UWG und andere gesetzlichen Bestimmungen verst\u00f6\u00dft, die Mitbewerber, Verbraucher und andere Marktteilnehmer sch\u00fctzen sollen. [&hellip;]<\/p>\n","protected":false},"author":1,"featured_media":0,"parent":26,"menu_order":0,"comment_status":"open","ping_status":"open","template":"","meta":{"_et_pb_use_builder":"on","_et_pb_old_content":"","_et_gb_content_width":"","footnotes":""},"class_list":["post-127","page","type-page","status-publish","hentry"],"aioseo_notices":[],"_links":{"self":[{"href":"https:\/\/media-law.at\/index.php?rest_route=\/wp\/v2\/pages\/127","targetHints":{"allow":["GET"]}}],"collection":[{"href":"https:\/\/media-law.at\/index.php?rest_route=\/wp\/v2\/pages"}],"about":[{"href":"https:\/\/media-law.at\/index.php?rest_route=\/wp\/v2\/types\/page"}],"author":[{"embeddable":true,"href":"https:\/\/media-law.at\/index.php?rest_route=\/wp\/v2\/users\/1"}],"replies":[{"embeddable":true,"href":"https:\/\/media-law.at\/index.php?rest_route=%2Fwp%2Fv2%2Fcomments&post=127"}],"version-history":[{"count":14,"href":"https:\/\/media-law.at\/index.php?rest_route=\/wp\/v2\/pages\/127\/revisions"}],"predecessor-version":[{"id":4531,"href":"https:\/\/media-law.at\/index.php?rest_route=\/wp\/v2\/pages\/127\/revisions\/4531"}],"up":[{"embeddable":true,"href":"https:\/\/media-law.at\/index.php?rest_route=\/wp\/v2\/pages\/26"}],"wp:attachment":[{"href":"https:\/\/media-law.at\/index.php?rest_route=%2Fwp%2Fv2%2Fmedia&parent=127"}],"curies":[{"name":"wp","href":"https:\/\/api.w.org\/{rel}","templated":true}]}}