{"id":124,"date":"2014-01-18T22:38:18","date_gmt":"2014-01-18T22:38:18","guid":{"rendered":"http:\/\/media-law.at\/?page_id=124"},"modified":"2024-03-15T11:46:55","modified_gmt":"2024-03-15T11:46:55","slug":"intellectual-property","status":"publish","type":"page","link":"https:\/\/media-law.at\/?page_id=124","title":{"rendered":"Marken, Muster, Patente"},"content":{"rendered":"<p>[et_pb_section fb_built=&#8220;1&#8243; _builder_version=&#8220;4.16&#8243; background_color=&#8220;#FFFFFF&#8220; global_colors_info=&#8220;{}&#8220;][et_pb_row _builder_version=&#8220;4.16&#8243; global_colors_info=&#8220;{}&#8220;][et_pb_column type=&#8220;4_4&#8243; _builder_version=&#8220;4.16&#8243; global_colors_info=&#8220;{}&#8220;][et_pb_cta title=&#8220;Geistiges Eigentum&#8220; _builder_version=&#8220;4.18.0&#8243; header_text_align=&#8220;center&#8220; background_color=&#8220;#FFFFFF&#8220; text_orientation=&#8220;left&#8220; background_layout=&#8220;light&#8220; min_height=&#8220;132px&#8220; custom_padding=&#8220;||0px|||&#8220; hover_enabled=&#8220;0&#8243; global_colors_info=&#8220;{}&#8220; sticky_enabled=&#8220;0&#8243;]<\/p>\n<p>&nbsp;<\/p>\n<p>Der Bereich Intellectual Property (Geistiges Eigentum) z\u00e4hlt zu den wichtigsten Beratungskompetenzen der Kanzlei.<\/p>\n<p>Die Beratung umfasst insbesondere den Schutz von\u00a0<a href=\"https:\/\/media-law.at\/?page_id=613\">Marken<\/a>, <a href=\"https:\/\/media-law.at\/?page_id=1030\">Domains<\/a>, gesch\u00e4ftlichen\u00a0Kennzeichen\u00a0und sonstigen\u00a0Namen, <a href=\"https:\/\/media-law.at\/?page_id=928\">Mustern (Designs)<\/a>, technischem\u00a0Know-How\u00a0und\u00a0<a href=\"https:\/\/media-law.at\/?page_id=136\">Urheberrechten<\/a>:<\/p>\n<ul>\n<li><strong>Anmelden<\/strong> von <strong><a title=\"MARKENSCHUTZ\" href=\"https:\/\/media-law.at\/?page_id=613\">Marken<\/a> und <a title=\"Geschmacksmuster\" href=\"https:\/\/media-law.at\/?page_id=928\">Designs<\/a><\/strong>, Verwaltung von Markenportfolios, Markenmonitoring.<\/li>\n<li>Bearbeitung von <strong><a href=\"https:\/\/media-law.at\/?page_id=6598\">Abweisungen durch das Patentamt<\/a><\/strong> oder <strong><a href=\"https:\/\/media-law.at\/?page_id=6620\">Zur\u00fcckweisungen durch das EUIPO<\/a><\/strong> von Markenanmeldungen.<\/li>\n<li>F\u00fchrung von <strong><a title=\"Widerspruchsverfahren\" href=\"https:\/\/media-law.at\/?page_id=858\">Widerspruchs<\/a>&#8211; und <a title=\"L\u00f6schungsverfahren\" href=\"https:\/\/media-law.at\/?page_id=866\">L\u00f6schungsverfahren.<\/a><\/strong><\/li>\n<li>Unterst\u00fctzung bei <strong><a href=\"https:\/\/media-law.at\/?page_id=5747\">Schutzverweigerungen der WIPO<\/a> <\/strong>bei Internationalen Registrierungen.<\/li>\n<li><strong>Prozessf\u00fchrung<\/strong> bei Eingriffen in Ihre Schutzrechte (inkl Erwirkung von einstweiligen Verf\u00fcgungen).<\/li>\n<li>Bek\u00e4mpfung von Produktpiraterie und Produktf\u00e4lschungen.<\/li>\n<li><strong>Vertragsgestaltung<\/strong> (Lizenzvertr\u00e4ge, Vertr\u00e4ge zur Sicherung, Verwaltung und Verwertung von Immaterialg\u00fcterrechten, Abgrenzungsvereinbarungen, Exklusivit\u00e4tsvereinbarungen, Know-How-Vertr\u00e4ge, Merchandisingvertr\u00e4ge, \u00dcbertragungsvertr\u00e4ge, uvm).<\/li>\n<\/ul>\n<p><a href=\"https:\/\/media-law.at\/wp-content\/uploads\/2021\/07\/pixelated-registered-sign-picture-id499261035-1.jpg\"><img loading=\"lazy\" decoding=\"async\" src=\"https:\/\/media-law.at\/wp-content\/uploads\/2021\/07\/pixelated-registered-sign-picture-id499261035-1-300x180.jpg\" width=\"300\" height=\"180\" alt=\"\" class=\"wp-image-4447 aligncenter size-medium\" \/><\/a><\/p>\n<p>&nbsp;<\/p>\n<p>F\u00fcr Anfragen und Terminvereinbarungen\u00a0<strong><a title=\"KONTAKT\" href=\"https:\/\/media-law.at\/?page_id=56\">kontaktieren<\/a><\/strong>\u00a0Sie bitte die Kanzlei.<\/p>\n<p>Die Kanzlei deckt auch alle fachlich angrenzenden Rechtsgebiete ab, wie den Schutz gegen <a title=\"Unlauterer Wettbewerb (UWG)\" href=\"https:\/\/media-law.at\/?page_id=127\">unlauteren Wettbewerb (UWG)<\/a>, <a title=\"Medienrecht\" href=\"https:\/\/media-law.at\/?page_id=147\">Medienrecht<\/a>, <a title=\"IT-Recht\" href=\"https:\/\/media-law.at\/?page_id=158\">IT-Recht<\/a>, <a title=\"Urheberrecht\" href=\"https:\/\/media-law.at\/?page_id=136\">Urheberrecht<\/a>, <a title=\"Domainrecht\" href=\"https:\/\/media-law.at\/?page_id=1030\">Domainrecht<\/a>.<\/p>\n<p>Mehr Information zu diesen Themen finden Sie auf den jeweiligen verlinkten Unterseiten.<\/p>\n<p>&nbsp;<\/p>\n<p><a href=\"https:\/\/media-law.at\/wp-content\/uploads\/2021\/07\/all-rights-reserved-printed-on-rubber-stamp-picture-id1149316156.jpg\"><img loading=\"lazy\" decoding=\"async\" src=\"https:\/\/media-law.at\/wp-content\/uploads\/2021\/07\/all-rights-reserved-printed-on-rubber-stamp-picture-id1149316156-300x300.jpg\" width=\"300\" height=\"300\" alt=\"\" class=\"wp-image-4461 aligncenter size-medium\" \/><\/a><\/p>\n<p><strong><\/strong><\/p>\n<p><strong>Aktuelle Blog-Beitr\u00e4ge<\/strong> zum Thema Markenrecht finden Sie\u00a0<strong><a href=\"https:\/\/media-law.at\/?cat=5\">hier<\/a>.<\/strong><\/p>\n<p>Speziell zum Thema Markenanmeldungen\u00a0finden Sie umfangreiche weiterf\u00fchrende Informationen auf der kanzleizugeh\u00f6rigen Informationsplattform \u201eProtect Your Brand\u201c (Link: <a href=\"https:\/\/www.protectyourbrand.at\" target=\"_blank\" rel=\"noopener noreferrer\">www.protectyourbrand.at<\/a>).<\/p>\n<p>[\/et_pb_cta][\/et_pb_column][\/et_pb_row][\/et_pb_section]<\/p>\n","protected":false},"excerpt":{"rendered":"<p>&nbsp; Der Bereich Intellectual Property (Geistiges Eigentum) z\u00e4hlt zu den wichtigsten Beratungskompetenzen der Kanzlei. Die Beratung umfasst insbesondere den Schutz von\u00a0Marken, Domains, gesch\u00e4ftlichen\u00a0Kennzeichen\u00a0und sonstigen\u00a0Namen, Mustern (Designs), technischem\u00a0Know-How\u00a0und\u00a0Urheberrechten: Anmelden von Marken und Designs, Verwaltung von Markenportfolios, Markenmonitoring. Bearbeitung von Abweisungen durch das Patentamt oder Zur\u00fcckweisungen durch das EUIPO von Markenanmeldungen. F\u00fchrung von Widerspruchs- und L\u00f6schungsverfahren. Unterst\u00fctzung [&hellip;]<\/p>\n","protected":false},"author":1,"featured_media":0,"parent":26,"menu_order":0,"comment_status":"open","ping_status":"closed","template":"","meta":{"_et_pb_use_builder":"on","_et_pb_old_content":"","_et_gb_content_width":"","footnotes":""},"class_list":["post-124","page","type-page","status-publish","hentry"],"aioseo_notices":[],"_links":{"self":[{"href":"https:\/\/media-law.at\/index.php?rest_route=\/wp\/v2\/pages\/124","targetHints":{"allow":["GET"]}}],"collection":[{"href":"https:\/\/media-law.at\/index.php?rest_route=\/wp\/v2\/pages"}],"about":[{"href":"https:\/\/media-law.at\/index.php?rest_route=\/wp\/v2\/types\/page"}],"author":[{"embeddable":true,"href":"https:\/\/media-law.at\/index.php?rest_route=\/wp\/v2\/users\/1"}],"replies":[{"embeddable":true,"href":"https:\/\/media-law.at\/index.php?rest_route=%2Fwp%2Fv2%2Fcomments&post=124"}],"version-history":[{"count":36,"href":"https:\/\/media-law.at\/index.php?rest_route=\/wp\/v2\/pages\/124\/revisions"}],"predecessor-version":[{"id":6628,"href":"https:\/\/media-law.at\/index.php?rest_route=\/wp\/v2\/pages\/124\/revisions\/6628"}],"up":[{"embeddable":true,"href":"https:\/\/media-law.at\/index.php?rest_route=\/wp\/v2\/pages\/26"}],"wp:attachment":[{"href":"https:\/\/media-law.at\/index.php?rest_route=%2Fwp%2Fv2%2Fmedia&parent=124"}],"curies":[{"name":"wp","href":"https:\/\/api.w.org\/{rel}","templated":true}]}}